{"id":290057,"date":"2024-10-17T12:25:30","date_gmt":"2024-10-17T10:25:30","guid":{"rendered":"https:\/\/ventje.com\/erfahrungen\/es-war-verrueckt\/"},"modified":"2026-02-03T18:34:42","modified_gmt":"2026-02-03T17:34:42","slug":"es-war-verrueckt","status":"publish","type":"page","link":"https:\/\/ventje.com\/de\/erfahrungen\/es-war-verrueckt\/","title":{"rendered":"Es war verr\u00fcckt"},"content":{"rendered":"<p>[et_pb_section fb_built=&#8220;1&#8243; _builder_version=&#8220;4.27.0&#8243; background_enable_color=&#8220;off&#8220; use_background_color_gradient=&#8220;on&#8220; background_color_gradient_type=&#8220;elliptical&#8220; background_color_gradient_stops=&#8220;rgba(2,1,0,0.42) 0%|rgba(41,196,169,0) 85%&#8220; background_image=&#8220;https:\/\/ventje.com\/wp-content\/uploads\/2024\/10\/IMG_4092-sky.webp&#8220; background_position=&#8220;top_center&#8220; background_vertical_offset=&#8220;41%&#8220; background_blend=&#8220;multiply&#8220; custom_margin=&#8220;||||false|false&#8220; custom_padding=&#8220;0px||0px||false|false&#8220; hover_enabled=&#8220;0&#8243; background_last_edited=&#8220;off|desktop&#8220; background_horizontal_offset_phone=&#8220;92%&#8220; global_colors_info=&#8220;{}&#8220; sticky_enabled=&#8220;0&#8243;][et_pb_row make_equal=&#8220;on&#8220; _builder_version=&#8220;4.18.0&#8243; background_color=&#8220;rgba(0,0,0,0)&#8220; background_enable_image=&#8220;off&#8220; width=&#8220;100%&#8220; module_alignment=&#8220;center&#8220; min_height_phone=&#8220;300px&#8220; min_height_last_edited=&#8220;off|tablet&#8220; height=&#8220;450px&#8220; height_tablet=&#8220;450px&#8220; height_phone=&#8220;450px&#8220; height_last_edited=&#8220;on|phone&#8220; custom_margin=&#8220;||||false|false&#8220; custom_padding=&#8220;||||false|false&#8220; global_colors_info=&#8220;{}&#8220;][et_pb_column type=&#8220;4_4&#8243; _builder_version=&#8220;4.16&#8243; global_colors_info=&#8220;{}&#8220;][et_pb_text content_tablet=&#8220;<\/p>\n<h1 style=%22text-align: center;%22><span style=%22color: #ffffff; font-size: 40px;%22>%22Die Aussicht ist rundherum<br \/>wirklich au\u00dfergew\u00f6hnlich%22<\/span><\/h1>\n<p>&#8220; content_phone=&#8220;<\/p>\n<h1 style=%22text-align: center;%22><span style=%22color: #ffffff; font-size: 30px;%22>%22Die Aussicht ist rundherum<br \/>wirklich au\u00dfergew\u00f6hnlich%22<\/span><\/h1>\n<p>&#8220; content_last_edited=&#8220;off|desktop&#8220; _builder_version=&#8220;4.27.0&#8243; text_font=&#8220;|700|||||||&#8220; text_font_size=&#8220;33px&#8220; header_font=&#8220;||||||||&#8220; header_text_align=&#8220;center&#8220; header_font_size=&#8220;50px&#8220; text_orientation=&#8220;center&#8220; background_layout=&#8220;dark&#8220; max_width=&#8220;90%&#8220; module_alignment=&#8220;center&#8220; custom_margin=&#8220;160px|0px|0px|0px|false|false&#8220; custom_margin_tablet=&#8220;130px|0px|0px|0px|false|false&#8220; custom_margin_phone=&#8220;130px||||false|false&#8220; custom_margin_last_edited=&#8220;on|phone&#8220; custom_padding=&#8220;|0px|0px|0px|false|false&#8220; custom_padding_tablet=&#8220;25px|||0px|false|false&#8220; custom_padding_phone=&#8220;25px||||false|false&#8220; custom_padding_last_edited=&#8220;off|desktop&#8220; text_font_size_tablet=&#8220;&#8220; text_font_size_phone=&#8220;25px&#8220; text_font_size_last_edited=&#8220;on|phone&#8220; text_line_height_last_edited=&#8220;off|desktop&#8220; header_font_size_tablet=&#8220;&#8220; header_font_size_phone=&#8220;30px&#8220; header_font_size_last_edited=&#8220;on|phone&#8220; text_text_align=&#8220;center&#8220; global_colors_info=&#8220;{}&#8220; custom_margin__hover_enabled=&#8220;off|desktop&#8220; custom_padding__hover_enabled=&#8220;off|desktop&#8220; custom_padding__hover=&#8220;|0px|0px|0px|false|false&#8220;]<\/p>\n<h1>,,Keine Sorgen \u00fcber Benzin und Ladestationen waren leicht zu finden.&#8220;<\/h1>\n<p>[\/et_pb_text][\/et_pb_column][\/et_pb_row][\/et_pb_section][et_pb_section fb_built=&#8220;1&#8243; _builder_version=&#8220;4.23.1&#8243; background_color=&#8220;RGBA(255,255,255,0)&#8220; custom_margin=&#8220;||||false|false&#8220; custom_padding=&#8220;0px||0px||false|false&#8220; global_colors_info=&#8220;{}&#8220;][et_pb_row _builder_version=&#8220;4.23.1&#8243; background_enable_color=&#8220;off&#8220; width=&#8220;100%&#8220; custom_margin=&#8220;30px||||false|false&#8220; custom_padding=&#8220;|30px|30px|30px|false|true&#8220; global_colors_info=&#8220;{}&#8220;][et_pb_column type=&#8220;4_4&#8243; _builder_version=&#8220;4.16&#8243; global_colors_info=&#8220;{}&#8220;][et_pb_text admin_label=&#8220;Text&#8220; _builder_version=&#8220;4.27.0&#8243; header_2_font=&#8220;|700|||||||&#8220; module_alignment=&#8220;center&#8220; custom_margin=&#8220;20px||||false|false&#8220; custom_margin_tablet=&#8220;0px||0px||false|false&#8220; custom_margin_last_edited=&#8220;off|desktop&#8220; custom_padding=&#8220;||||false|false&#8220; text_text_align=&#8220;left&#8220; global_colors_info=&#8220;{}&#8220;]<\/p>\n<h1>Es war verr\u00fcckt<\/h1>\n<p><span style=\"color: #e09900;\">September 2024 | Joanna <br \/><\/span><\/p>\n<p>Es war einfach verr\u00fcckt, das eVentje bei Ventje zu mieten! Ich wollte schon lange den ID.Buzz fahren, aber wir haben ihn nicht in den USA. Es war fantastisch, die Niederlande damit zu erkunden. Ich musste mir keine Sorgen um Benzin machen, Ladestationen waren leicht zu finden, und ich konnte sogar spontan darin \u00fcbernachten. Vielen Dank, Ventje!    <\/p>\n<p>[\/et_pb_text][\/et_pb_column][\/et_pb_row][\/et_pb_section][et_pb_section fb_built=&#8220;1&#8243; _builder_version=&#8220;4.23.1&#8243; background_color=&#8220;RGBA(255,255,255,0)&#8220; custom_margin=&#8220;30px||||false|false&#8220; custom_padding=&#8220;||||false|false&#8220; global_colors_info=&#8220;{}&#8220;][et_pb_row _builder_version=&#8220;4.27.0&#8243; _dynamic_attributes=&#8220;link_option_url&#8220; background_color=&#8220;rgba(0,0,0,0.1)&#8220; background_image=&#8220;https:\/\/ventje.com\/wp-content\/uploads\/2024\/10\/IMG_4093-scaled.webp&#8220; background_position=&#8220;top_center&#8220; background_vertical_offset=&#8220;20%&#8220; background_blend=&#8220;multiply&#8220; width=&#8220;100%&#8220; width_tablet=&#8220;100%&#8220; width_phone=&#8220;100%&#8220; width_last_edited=&#8220;on|tablet&#8220; height=&#8220;550px&#8220; height_tablet=&#8220;450px&#8220; height_phone=&#8220;350px&#8220; height_last_edited=&#8220;on|desktop&#8220; mix_blend_mode=&#8220;multiply&#8220; link_option_url=&#8220;@ET-DC@eyJkeW5hbWljIjp0cnVlLCJjb250ZW50IjoicG9zdF9saW5rX3VybF9wYWdlIiwic2V0dGluZ3MiOnsicG9zdF9pZCI6IjExOTA2IiwiZW5hYmxlX2h0bWwiOiJvZmYifX0=@&#8220; global_colors_info=&#8220;{}&#8220;][et_pb_column type=&#8220;4_4&#8243; _builder_version=&#8220;4.20.4&#8243; global_colors_info=&#8220;{}&#8220;][\/et_pb_column][\/et_pb_row][\/et_pb_section][et_pb_section fb_built=&#8220;1&#8243; _builder_version=&#8220;4.23.1&#8243; background_color=&#8220;RGBA(255,255,255,0)&#8220; custom_margin=&#8220;30px||||false|false&#8220; custom_margin_tablet=&#8220;-30px||15px||false|false&#8220; custom_margin_phone=&#8220;-30px||-15px||false|false&#8220; custom_margin_last_edited=&#8220;off|desktop&#8220; custom_padding=&#8220;0px||0px|||&#8220; global_colors_info=&#8220;{}&#8220;][et_pb_row _builder_version=&#8220;4.18.0&#8243; background_enable_color=&#8220;off&#8220; custom_margin=&#8220;|auto||auto|false|false&#8220; global_colors_info=&#8220;{}&#8220;][et_pb_column type=&#8220;4_4&#8243; _builder_version=&#8220;4.16&#8243; global_colors_info=&#8220;{}&#8220;][et_pb_button button_url=&#8220;@ET-DC@eyJkeW5hbWljIjp0cnVlLCJjb250ZW50IjoicG9zdF9saW5rX3VybF9wYWdlIiwic2V0dGluZ3MiOnsicG9zdF9pZCI6IjE5MDgiLCJlbmFibGVfaHRtbCI6Im9mZiJ9fQ==@&#8220; button_text=&#8220;Zur\u00fcck zu Erfahrungen&#8220; button_alignment=&#8220;center&#8220; button_alignment_tablet=&#8220;&#8220; button_alignment_phone=&#8220;&#8220; button_alignment_last_edited=&#8220;on|desktop&#8220; module_class=&#8220;bottom-button&#8220; _builder_version=&#8220;4.20.4&#8243; _dynamic_attributes=&#8220;button_url&#8220; custom_button=&#8220;on&#8220; button_icon=&#8220;&#x44;||divi||400&#8243; button_icon_placement=&#8220;left&#8220; custom_padding=&#8220;||||false|false&#8220; custom_padding_tablet=&#8220;||||false|false&#8220; custom_padding_phone=&#8220;||||false|false&#8220; custom_padding_last_edited=&#8220;on|desktop&#8220; hover_transition_speed_curve=&#8220;ease-in-out&#8220; custom_css_before=&#8220;||&#8220; custom_css_after=&#8220;||&#8220; global_colors_info=&#8220;{}&#8220;][\/et_pb_button][\/et_pb_column][\/et_pb_row][\/et_pb_section]<\/p>\n","protected":false},"excerpt":{"rendered":"<p>,,Keine Sorgen \u00fcber Benzin und Ladestationen waren leicht zu finden.&#8220;Es war verr\u00fcckt September 2024 | Joanna Es war einfach verr\u00fcckt, das eVentje bei Ventje zu mieten! Ich wollte schon lange den ID.Buzz fahren, aber wir haben ihn nicht in den USA. Es war fantastisch, die Niederlande damit zu erkunden. Ich musste mir keine Sorgen um [&hellip;]<\/p>\n","protected":false},"author":47,"featured_media":0,"parent":42805,"menu_order":0,"comment_status":"closed","ping_status":"closed","template":"","meta":{"_acf_changed":false,"_et_pb_use_builder":"on","_et_pb_old_content":"","_et_gb_content_width":"","footnotes":""},"class_list":["post-290057","page","type-page","status-publish","hentry"],"acf":[],"yoast_head":"<!-- This site is optimized with the Yoast SEO plugin v27.6 - https:\/\/yoast.com\/product\/yoast-seo-wordpress\/ -->\n<title>Es war verr\u00fcckt - Ventje<\/title>\n<meta name=\"robots\" content=\"index, follow, max-snippet:-1, max-image-preview:large, max-video-preview:-1\" \/>\n<link rel=\"canonical\" href=\"https:\/\/ventje.com\/de\/erfahrungen\/es-war-verrueckt\/\" \/>\n<meta property=\"og:locale\" content=\"de_DE\" \/>\n<meta property=\"og:type\" content=\"article\" \/>\n<meta property=\"og:title\" content=\"Es war verr\u00fcckt - Ventje\" \/>\n<meta property=\"og:description\" content=\",,Keine Sorgen \u00fcber Benzin und Ladestationen waren leicht zu finden.&quot;Es war verr\u00fcckt September 2024 | Joanna Es war einfach verr\u00fcckt, das eVentje bei Ventje zu mieten! Ich wollte schon lange den ID.Buzz fahren, aber wir haben ihn nicht in den USA. Es war fantastisch, die Niederlande damit zu erkunden. Ich musste mir keine Sorgen um [&hellip;]\" \/>\n<meta property=\"og:url\" content=\"https:\/\/ventje.com\/de\/erfahrungen\/es-war-verrueckt\/\" \/>\n<meta property=\"og:site_name\" content=\"Ventje\" \/>\n<meta property=\"article:publisher\" content=\"https:\/\/www.facebook.com\/ventjecamper\/\" \/>\n<meta property=\"article:modified_time\" content=\"2026-02-03T17:34:42+00:00\" \/>\n<script type=\"application\/ld+json\" class=\"yoast-schema-graph\">{\"@context\":\"https:\\\/\\\/schema.org\",\"@graph\":[{\"@type\":\"WebPage\",\"@id\":\"https:\\\/\\\/ventje.com\\\/de\\\/erfahrungen\\\/es-war-verrueckt\\\/\",\"url\":\"https:\\\/\\\/ventje.com\\\/de\\\/erfahrungen\\\/es-war-verrueckt\\\/\",\"name\":\"Es war verr\u00fcckt - Ventje\",\"isPartOf\":{\"@id\":\"https:\\\/\\\/ventje.com\\\/de\\\/#website\"},\"datePublished\":\"2024-10-17T10:25:30+00:00\",\"dateModified\":\"2026-02-03T17:34:42+00:00\",\"breadcrumb\":{\"@id\":\"https:\\\/\\\/ventje.com\\\/de\\\/erfahrungen\\\/es-war-verrueckt\\\/#breadcrumb\"},\"inLanguage\":\"de\",\"potentialAction\":[{\"@type\":\"ReadAction\",\"target\":[\"https:\\\/\\\/ventje.com\\\/de\\\/erfahrungen\\\/es-war-verrueckt\\\/\"]}]},{\"@type\":\"BreadcrumbList\",\"@id\":\"https:\\\/\\\/ventje.com\\\/de\\\/erfahrungen\\\/es-war-verrueckt\\\/#breadcrumb\",\"itemListElement\":[{\"@type\":\"ListItem\",\"position\":1,\"name\":\"Home\",\"item\":\"https:\\\/\\\/ventje.com\\\/de\\\/\"},{\"@type\":\"ListItem\",\"position\":2,\"name\":\"Erfahrungen\",\"item\":\"https:\\\/\\\/ventje.com\\\/de\\\/erfahrungen\\\/\"},{\"@type\":\"ListItem\",\"position\":3,\"name\":\"Es war verr\u00fcckt\"}]},{\"@type\":\"WebSite\",\"@id\":\"https:\\\/\\\/ventje.com\\\/de\\\/#website\",\"url\":\"https:\\\/\\\/ventje.com\\\/de\\\/\",\"name\":\"Ventje\",\"description\":\"Ultieme vrijheid staat voor de deur.\",\"publisher\":{\"@id\":\"https:\\\/\\\/ventje.com\\\/de\\\/#organization\"},\"potentialAction\":[{\"@type\":\"SearchAction\",\"target\":{\"@type\":\"EntryPoint\",\"urlTemplate\":\"https:\\\/\\\/ventje.com\\\/de\\\/?s={search_term_string}\"},\"query-input\":{\"@type\":\"PropertyValueSpecification\",\"valueRequired\":true,\"valueName\":\"search_term_string\"}}],\"inLanguage\":\"de\"},{\"@type\":\"Organization\",\"@id\":\"https:\\\/\\\/ventje.com\\\/de\\\/#organization\",\"name\":\"Ventje\",\"url\":\"https:\\\/\\\/ventje.com\\\/de\\\/\",\"logo\":{\"@type\":\"ImageObject\",\"inLanguage\":\"de\",\"@id\":\"https:\\\/\\\/ventje.com\\\/de\\\/#\\\/schema\\\/logo\\\/image\\\/\",\"url\":\"\",\"contentUrl\":\"\",\"caption\":\"Ventje\"},\"image\":{\"@id\":\"https:\\\/\\\/ventje.com\\\/de\\\/#\\\/schema\\\/logo\\\/image\\\/\"},\"sameAs\":[\"https:\\\/\\\/www.facebook.com\\\/ventjecamper\\\/\",\"https:\\\/\\\/www.instagram.com\\\/ventje_camper\\\/\"]}]}<\/script>\n<!-- \/ Yoast SEO plugin. -->","yoast_head_json":{"title":"Es war verr\u00fcckt - Ventje","robots":{"index":"index","follow":"follow","max-snippet":"max-snippet:-1","max-image-preview":"max-image-preview:large","max-video-preview":"max-video-preview:-1"},"canonical":"https:\/\/ventje.com\/de\/erfahrungen\/es-war-verrueckt\/","og_locale":"de_DE","og_type":"article","og_title":"Es war verr\u00fcckt - Ventje","og_description":",,Keine Sorgen \u00fcber Benzin und Ladestationen waren leicht zu finden.\"Es war verr\u00fcckt September 2024 | Joanna Es war einfach verr\u00fcckt, das eVentje bei Ventje zu mieten! Ich wollte schon lange den ID.Buzz fahren, aber wir haben ihn nicht in den USA. Es war fantastisch, die Niederlande damit zu erkunden. Ich musste mir keine Sorgen um [&hellip;]","og_url":"https:\/\/ventje.com\/de\/erfahrungen\/es-war-verrueckt\/","og_site_name":"Ventje","article_publisher":"https:\/\/www.facebook.com\/ventjecamper\/","article_modified_time":"2026-02-03T17:34:42+00:00","schema":{"@context":"https:\/\/schema.org","@graph":[{"@type":"WebPage","@id":"https:\/\/ventje.com\/de\/erfahrungen\/es-war-verrueckt\/","url":"https:\/\/ventje.com\/de\/erfahrungen\/es-war-verrueckt\/","name":"Es war verr\u00fcckt - Ventje","isPartOf":{"@id":"https:\/\/ventje.com\/de\/#website"},"datePublished":"2024-10-17T10:25:30+00:00","dateModified":"2026-02-03T17:34:42+00:00","breadcrumb":{"@id":"https:\/\/ventje.com\/de\/erfahrungen\/es-war-verrueckt\/#breadcrumb"},"inLanguage":"de","potentialAction":[{"@type":"ReadAction","target":["https:\/\/ventje.com\/de\/erfahrungen\/es-war-verrueckt\/"]}]},{"@type":"BreadcrumbList","@id":"https:\/\/ventje.com\/de\/erfahrungen\/es-war-verrueckt\/#breadcrumb","itemListElement":[{"@type":"ListItem","position":1,"name":"Home","item":"https:\/\/ventje.com\/de\/"},{"@type":"ListItem","position":2,"name":"Erfahrungen","item":"https:\/\/ventje.com\/de\/erfahrungen\/"},{"@type":"ListItem","position":3,"name":"Es war verr\u00fcckt"}]},{"@type":"WebSite","@id":"https:\/\/ventje.com\/de\/#website","url":"https:\/\/ventje.com\/de\/","name":"Ventje","description":"Ultieme vrijheid staat voor de deur.","publisher":{"@id":"https:\/\/ventje.com\/de\/#organization"},"potentialAction":[{"@type":"SearchAction","target":{"@type":"EntryPoint","urlTemplate":"https:\/\/ventje.com\/de\/?s={search_term_string}"},"query-input":{"@type":"PropertyValueSpecification","valueRequired":true,"valueName":"search_term_string"}}],"inLanguage":"de"},{"@type":"Organization","@id":"https:\/\/ventje.com\/de\/#organization","name":"Ventje","url":"https:\/\/ventje.com\/de\/","logo":{"@type":"ImageObject","inLanguage":"de","@id":"https:\/\/ventje.com\/de\/#\/schema\/logo\/image\/","url":"","contentUrl":"","caption":"Ventje"},"image":{"@id":"https:\/\/ventje.com\/de\/#\/schema\/logo\/image\/"},"sameAs":["https:\/\/www.facebook.com\/ventjecamper\/","https:\/\/www.instagram.com\/ventje_camper\/"]}]}},"_links":{"self":[{"href":"https:\/\/ventje.com\/de\/wp-json\/wp\/v2\/pages\/290057","targetHints":{"allow":["GET"]}}],"collection":[{"href":"https:\/\/ventje.com\/de\/wp-json\/wp\/v2\/pages"}],"about":[{"href":"https:\/\/ventje.com\/de\/wp-json\/wp\/v2\/types\/page"}],"author":[{"embeddable":true,"href":"https:\/\/ventje.com\/de\/wp-json\/wp\/v2\/users\/47"}],"replies":[{"embeddable":true,"href":"https:\/\/ventje.com\/de\/wp-json\/wp\/v2\/comments?post=290057"}],"version-history":[{"count":3,"href":"https:\/\/ventje.com\/de\/wp-json\/wp\/v2\/pages\/290057\/revisions"}],"predecessor-version":[{"id":301132,"href":"https:\/\/ventje.com\/de\/wp-json\/wp\/v2\/pages\/290057\/revisions\/301132"}],"up":[{"embeddable":true,"href":"https:\/\/ventje.com\/de\/wp-json\/wp\/v2\/pages\/42805"}],"wp:attachment":[{"href":"https:\/\/ventje.com\/de\/wp-json\/wp\/v2\/media?parent=290057"}],"curies":[{"name":"wp","href":"https:\/\/api.w.org\/{rel}","templated":true}]}}