{"id":292007,"date":"2024-11-27T12:24:52","date_gmt":"2024-11-27T11:24:52","guid":{"rendered":"https:\/\/ventje.com\/artikel\/fd-gazellen\/"},"modified":"2024-12-23T15:22:52","modified_gmt":"2024-12-23T15:22:52","slug":"fd-gazellen","status":"publish","type":"page","link":"https:\/\/ventje.com\/de\/artikel\/fd-gazellen\/","title":{"rendered":"FD Gazellen"},"content":{"rendered":"<p>[et_pb_section fb_built=&#8220;1&#8243; _builder_version=&#8220;4.27.0&#8243; background_enable_color=&#8220;off&#8220; use_background_color_gradient=&#8220;on&#8220; background_color_gradient_type=&#8220;elliptical&#8220; background_color_gradient_stops=&#8220;rgba(2,0,0,0.25) 0%|rgba(41,196,169,0) 60%&#8220; background_image=&#8220;https:\/\/ventje.com\/wp-content\/uploads\/2024\/11\/Gazelle-award.webp&#8220; background_position=&#8220;top_center&#8220; background_vertical_offset=&#8220;15%&#8220; background_blend=&#8220;multiply&#8220; height=&#8220;450px&#8220; custom_margin=&#8220;0px||30px||false|false&#8220; custom_padding=&#8220;0px||0px||false|false&#8220; global_colors_info=&#8220;{}&#8220;][et_pb_row make_equal=&#8220;on&#8220; _builder_version=&#8220;4.23.1&#8243; background_color=&#8220;rgba(0,0,0,0)&#8220; background_enable_image=&#8220;off&#8220; width=&#8220;100%&#8220; module_alignment=&#8220;center&#8220; min_height_phone=&#8220;300px&#8220; min_height_last_edited=&#8220;off|tablet&#8220; height=&#8220;100%&#8220; height_tablet=&#8220;400px&#8220; height_phone=&#8220;300px&#8220; height_last_edited=&#8220;off|desktop&#8220; custom_margin=&#8220;||||false|false&#8220; custom_padding=&#8220;||||false|false&#8220; custom_css_main_element=&#8220;align-items:center!important;||display:flex!important;&#8220; global_colors_info=&#8220;{}&#8220;][et_pb_column type=&#8220;4_4&#8243; _builder_version=&#8220;4.16&#8243; global_colors_info=&#8220;{}&#8220;][et_pb_text _builder_version=&#8220;4.27.0&#8243; text_font=&#8220;Futura book|700|||||||&#8220; header_font=&#8220;Futura book|700|||||||&#8220; header_text_align=&#8220;center&#8220; header_2_font=&#8220;|300|||||||&#8220; header_2_font_size=&#8220;50px&#8220; vertical_offset=&#8220;-107px&#8220; text_orientation=&#8220;center&#8220; background_layout=&#8220;dark&#8220; max_width=&#8220;70%&#8220; max_width_tablet=&#8220;75%&#8220; max_width_phone=&#8220;80%&#8220; max_width_last_edited=&#8220;on|desktop&#8220; module_alignment=&#8220;center&#8220; custom_margin=&#8220;||||false|false&#8220; custom_margin_tablet=&#8220;245px||||false|false&#8220; custom_margin_phone=&#8220;260px||||false|false&#8220; custom_margin_last_edited=&#8220;off|desktop&#8220; custom_padding=&#8220;||||false|false&#8220; header_font_size_tablet=&#8220;&#8220; header_font_size_phone=&#8220;25px&#8220; header_font_size_last_edited=&#8220;on|phone&#8220; header_2_font_size_tablet=&#8220;50px&#8220; header_2_font_size_phone=&#8220;35px&#8220; header_2_font_size_last_edited=&#8220;on|phone&#8220; text_text_align=&#8220;center&#8220; global_colors_info=&#8220;{}&#8220; custom_margin__hover_enabled=&#8220;off|desktop&#8220; custom_padding__hover_enabled=&#8220;off|desktop&#8220; custom_padding__hover=&#8220;|0px|0px|0px|false|false&#8220;]<\/p>\n<h1>FD Gazellen<\/h1>\n<h2>Gewinner 2024<\/h2>\n<p>[\/et_pb_text][et_pb_code _builder_version=&#8220;4.25.1&#8243; _module_preset=&#8220;default&#8220; global_colors_info=&#8220;{}&#8220;]<script><!-- [et_pb_line_break_holder] -->    \/\/ Function to update the \"Kom kijken\" text and link based on language<!-- [et_pb_line_break_holder] -->    function updateKomKijkenButton(language) {<!-- [et_pb_line_break_holder] -->        var buttonlink = \"\";<!-- [et_pb_line_break_holder] -->        switch (language) {<!-- [et_pb_line_break_holder] -->            case \"de\":<!-- [et_pb_line_break_holder] -->            case \"ch\": \/\/ Considering ch as German<!-- [et_pb_line_break_holder] -->                buttonlink = \"https:\/\/ventje.com\/de\/kennenlernen\/\";<!-- [et_pb_line_break_holder] -->                break;<!-- [et_pb_line_break_holder] -->            case \"en\":<!-- [et_pb_line_break_holder] -->                buttonlink = \"https:\/\/ventje.com\/en\/meet-and-greet\";<!-- [et_pb_line_break_holder] -->                break;<!-- [et_pb_line_break_holder] -->            default:<!-- [et_pb_line_break_holder] -->                buttonlink = \"https:\/\/ventje.com\/kom-kijken\/\";<!-- [et_pb_line_break_holder] -->        }<!-- [et_pb_line_break_holder] -->        <!-- [et_pb_line_break_holder] -->        var buttonElement = document.getElementById(\"kijkafspraak-button-eventje\");<!-- [et_pb_line_break_holder] -->        if (buttonElement) {<!-- [et_pb_line_break_holder] -->            buttonElement.href = buttonlink;<!-- [et_pb_line_break_holder] -->        } else {<!-- [et_pb_line_break_holder] -->            console.error(\"Element with id 'kijkafspraak-button-eventje' not found.\");<!-- [et_pb_line_break_holder] -->        }<!-- [et_pb_line_break_holder] -->    }<!-- [et_pb_line_break_holder] --><!-- [et_pb_line_break_holder] -->    \/\/ Check the user's language and update the text and link<!-- [et_pb_line_break_holder] -->    document.addEventListener(\"DOMContentLoaded\", function(event) {<!-- [et_pb_line_break_holder] -->        const userLanguage = navigator.language.substring(0, 2).toLowerCase();<!-- [et_pb_line_break_holder] -->        console.log(\"User language:\", userLanguage); \/\/ Log userLanguage to check its value<!-- [et_pb_line_break_holder] -->        updateKomKijkenButton(userLanguage);<!-- [et_pb_line_break_holder] -->    });<!-- [et_pb_line_break_holder] --><\/script>[\/et_pb_code][\/et_pb_column][\/et_pb_row][\/et_pb_section][et_pb_section fb_built=&#8220;1&#8243; _builder_version=&#8220;4.27.0&#8243; _module_preset=&#8220;default&#8220; background_color=&#8220;RGBA(255,255,255,0)&#8220; custom_margin=&#8220;-30px|||||&#8220; global_colors_info=&#8220;{}&#8220;][et_pb_row _builder_version=&#8220;4.23.1&#8243; background_enable_color=&#8220;off&#8220; width=&#8220;100%&#8220; module_alignment=&#8220;center&#8220; custom_margin=&#8220;||||false|false&#8220; custom_padding=&#8220;||0px||false|true&#8220; locked=&#8220;off&#8220; global_colors_info=&#8220;{}&#8220;][et_pb_column type=&#8220;4_4&#8243; _builder_version=&#8220;4.16&#8243; global_colors_info=&#8220;{}&#8220;][et_pb_text _builder_version=&#8220;4.27.0&#8243; header_text_align=&#8220;left&#8220; header_2_font=&#8220;|700|||||||&#8220; background_enable_color=&#8220;off&#8220; width=&#8220;100%&#8220; module_alignment=&#8220;center&#8220; custom_margin=&#8220;0px|0px|0px|0px|false|false&#8220; custom_margin_tablet=&#8220;0px|0px|0px|0px|false|false&#8220; custom_margin_phone=&#8220;|30px|||false|false&#8220; custom_margin_last_edited=&#8220;on|phone&#8220; custom_padding=&#8220;30px|30px|30px|30px|false|false&#8220; custom_padding_tablet=&#8220;30px|30px|30px|30px|false|false&#8220; custom_padding_phone=&#8220;0px|30px|0px|30px|false|false&#8220; custom_padding_last_edited=&#8220;on|phone&#8220; global_colors_info=&#8220;{}&#8220;]<\/p>\n<h3>Ventje gewinnt den FD Gazellen Award f\u00fcr beeindruckendes Wachstum<\/h3>\n<p><strong>Der Camperbus-Hersteller Ventje wurde mit dem renommierten FD Gazellen Award ausgezeichnet, dem Preis f\u00fcr die am schnellsten wachsenden Unternehmen der Niederlande. Mit einem beeindruckenden Umsatzwachstum von 137 % im vergangenen Jahr sicherte sich Ventje einen Platz in den Top 100 und erreichte den 37. Platz. <\/strong><\/p>\n<p>J\u00e4hrlich verleiht das Financieel Dagblad die FD Gazellen Awards an Unternehmen, die au\u00dfergew\u00f6hnliche Wachstumsleistungen erbringen. Der schnelle Aufstieg von Ventje ist ihrem innovativen Interieur zu verdanken, das den Raum in ihren kompakten Campingbussen optimal nutzt. Ein wichtiger Beschleuniger dieses Wachstums war die Einf\u00fchrung eines neuen elektrischen Modells: des eVentje.  <\/p>\n<p>[\/et_pb_text][\/et_pb_column][\/et_pb_row][\/et_pb_section][et_pb_section fb_built=&#8220;1&#8243; _builder_version=&#8220;4.27.0&#8243; _module_preset=&#8220;default&#8220; background_color=&#8220;RGBA(255,255,255,0)&#8220; global_colors_info=&#8220;{}&#8220;][et_pb_row column_structure=&#8220;1_2,1_2&#8243; _builder_version=&#8220;4.27.0&#8243; _module_preset=&#8220;default&#8220; global_colors_info=&#8220;{}&#8220;][et_pb_column type=&#8220;1_2&#8243; _builder_version=&#8220;4.27.0&#8243; _module_preset=&#8220;default&#8220; global_colors_info=&#8220;{}&#8220;][et_pb_image src=&#8220;https:\/\/ventje.com\/wp-content\/uploads\/2024\/11\/gazelle-awards-winnaars.webp&#8220; title_text=&#8220;gazelle-awards-winnaars&#8220; _builder_version=&#8220;4.27.0&#8243; _module_preset=&#8220;default&#8220; custom_margin=&#8220;|||15px|false|false&#8220; custom_margin_tablet=&#8220;|0px||0px|false|false&#8220; custom_margin_phone=&#8220;|0px||0px|false|false&#8220; custom_margin_last_edited=&#8220;on|phone&#8220; custom_padding=&#8220;|15px|5px|15px|false|false&#8220; custom_padding_tablet=&#8220;|0px|15px|0px|false|false&#8220; custom_padding_phone=&#8220;|0px|0px|0px|false|false&#8220; custom_padding_last_edited=&#8220;on|phone&#8220; global_colors_info=&#8220;{}&#8220;][\/et_pb_image][\/et_pb_column][et_pb_column type=&#8220;1_2&#8243; _builder_version=&#8220;4.27.0&#8243; _module_preset=&#8220;default&#8220; global_colors_info=&#8220;{}&#8220;][et_pb_image src=&#8220;https:\/\/ventje.com\/wp-content\/uploads\/2024\/11\/fd-award.webp&#8220; title_text=&#8220;fd-award&#8220; _builder_version=&#8220;4.27.0&#8243; _module_preset=&#8220;default&#8220; custom_margin=&#8220;|15px|||false|false&#8220; custom_margin_tablet=&#8220;|0px|||false|false&#8220; custom_margin_phone=&#8220;|0px|||false|false&#8220; custom_margin_last_edited=&#8220;on|desktop&#8220; custom_padding=&#8220;0px|15px||15px|false|false&#8220; custom_padding_tablet=&#8220;10px|0px||0px|false|false&#8220; custom_padding_phone=&#8220;0px|0px|0px|0px|false|false&#8220; custom_padding_last_edited=&#8220;on|phone&#8220; global_colors_info=&#8220;{}&#8220;][\/et_pb_image][\/et_pb_column][\/et_pb_row][\/et_pb_section][et_pb_section fb_built=&#8220;1&#8243; _builder_version=&#8220;4.27.0&#8243; _module_preset=&#8220;default&#8220; background_color=&#8220;RGBA(255,255,255,0)&#8220; custom_margin=&#8220;0px||||false|false&#8220; global_colors_info=&#8220;{}&#8220;][et_pb_row _builder_version=&#8220;4.23.1&#8243; background_enable_color=&#8220;off&#8220; width=&#8220;100%&#8220; module_alignment=&#8220;center&#8220; custom_margin=&#8220;||||false|false&#8220; custom_padding=&#8220;||0px||false|true&#8220; locked=&#8220;off&#8220; global_colors_info=&#8220;{}&#8220;][et_pb_column type=&#8220;4_4&#8243; _builder_version=&#8220;4.16&#8243; global_colors_info=&#8220;{}&#8220;][et_pb_text _builder_version=&#8220;4.27.0&#8243; header_text_align=&#8220;left&#8220; header_2_font=&#8220;|700|||||||&#8220; background_enable_color=&#8220;off&#8220; width=&#8220;100%&#8220; module_alignment=&#8220;center&#8220; min_height=&#8220;296px&#8220; custom_margin=&#8220;0px|0px|0px|0px|false|false&#8220; custom_margin_tablet=&#8220;0px|0px|0px|0px|false|false&#8220; custom_margin_phone=&#8220;||||false|false&#8220; custom_margin_last_edited=&#8220;on|phone&#8220; custom_padding=&#8220;30px|30px|30px|30px|false|false&#8220; custom_padding_tablet=&#8220;30px|30px|30px|30px|false|false&#8220; custom_padding_phone=&#8220;0px|30px|0px|30px|false|false&#8220; custom_padding_last_edited=&#8220;on|phone&#8220; global_colors_info=&#8220;{}&#8220;]<\/p>\n<p><strong>Dank der begeisterten Ventje-Fahrer<br \/><\/strong>Gr\u00fcnder Frank Westland betont die Bedeutung der Ventje-Community: \u201eUnser Wachstum verdanken wir unter anderem den Besitzern der Ventje-Campervans. Ihre Begeisterung auf Campingpl\u00e4tzen und bei Geburtstagsfeiern inspiriert immer mehr Menschen, die Freiheit eines Ventje zu entdecken. Ein gro\u00dfer Dank an sie alle.\u201c<\/p>\n<p><strong>Innovation und Nachhaltigkeit im Mittelpunkt<br \/><\/strong>Seit der Gr\u00fcndung im Jahr 2020 hat Ventje den Wohnmobilmarkt mit seinem flexiblen Interieur erobert, das sowohl drinnen als auch drau\u00dfen h\u00f6chsten Komfort bietet. Das kompakte Design macht den Ventje-Camper ideal f\u00fcr den Alltag und f\u00fcr Abenteuer. Das Unternehmen hat bereits prestigetr\u00e4chtige Auszeichnungen erhalten, darunter den Red Dot Award: Product Design 2021 und den Nachhaltigkeitspreis 2022. Auch das elektrische eVentje, das 2024 auf den Markt gebracht wurde, hat bereits mehrere Preise gewonnen.   <\/p>\n<p><strong style=\"\">Ein wachsendes Unternehmen<br \/><\/strong>Inzwischen hat sich Ventje zu einem dynamischen Unternehmen mit mehr als 60 Mitarbeitern entwickelt. Von den Holzplatten, Stoffrollen und leeren Dosen, die hereinkommen, bis hin zu den farbenfrohen Campern, die t\u00e4glich das Werk verlassen \u2013 alles wird im eigenen Haus erledigt. Neben dem Verkauf verf\u00fcgt Ventje \u00fcber eine Mietflotte von etwa 40 Campervans, wodurch die Fahrzeuge einem breiten Publikum zug\u00e4nglich gemacht werden. Mittlerweile sind fast tausend Ventjes in den Niederlanden unterwegs, und es hat sich eine enge Gemeinschaft von begeisterten Eigent\u00fcmern gebildet.    <\/p>\n<p><strong>Internationale Ambitionen<\/strong><br \/>Um der wachsenden Nachfrage gerecht zu werden, er\u00f6ffnet Ventje am 1. Januar 2025 einen neuen Produktionsstandort in Nijkerkerveen. Dar\u00fcber hinaus wird das deutsche Team im kommenden Jahr einen neuen, gr\u00f6\u00dferen Standort in Hannover er\u00f6ffnen. Diese Schritte entsprechen Ventjes Ziel, der gr\u00f6\u00dfte Hersteller von Campingbussen in Europa zu werden.  <\/p>\n<p>[\/et_pb_text][\/et_pb_column][\/et_pb_row][\/et_pb_section]<\/p>\n","protected":false},"excerpt":{"rendered":"<p>FD Gazellen Gewinner 2024Ventje gewinnt den FD Gazellen Award f\u00fcr beeindruckendes Wachstum Der Camperbus-Hersteller Ventje wurde mit dem renommierten FD Gazellen Award ausgezeichnet, dem Preis f\u00fcr die am schnellsten wachsenden Unternehmen der Niederlande. Mit einem beeindruckenden Umsatzwachstum von 137 % im vergangenen Jahr sicherte sich Ventje einen Platz in den Top 100 und erreichte den [&hellip;]<\/p>\n","protected":false},"author":48,"featured_media":0,"parent":45254,"menu_order":5,"comment_status":"closed","ping_status":"closed","template":"","meta":{"_acf_changed":false,"_et_pb_use_builder":"on","_et_pb_old_content":"","_et_gb_content_width":"","footnotes":""},"class_list":["post-292007","page","type-page","status-publish","hentry"],"acf":[],"yoast_head":"<!-- This site is optimized with the Yoast SEO plugin v27.5 - https:\/\/yoast.com\/product\/yoast-seo-wordpress\/ -->\n<title>FD Gazellen - Ventje<\/title>\n<meta name=\"robots\" content=\"index, follow, max-snippet:-1, max-image-preview:large, max-video-preview:-1\" \/>\n<link rel=\"canonical\" href=\"https:\/\/ventje.com\/de\/artikel\/fd-gazellen\/\" \/>\n<meta property=\"og:locale\" content=\"de_DE\" \/>\n<meta property=\"og:type\" content=\"article\" \/>\n<meta property=\"og:title\" content=\"FD Gazellen - Ventje\" \/>\n<meta property=\"og:description\" content=\"FD Gazellen Gewinner 2024Ventje gewinnt den FD Gazellen Award f\u00fcr beeindruckendes Wachstum Der Camperbus-Hersteller Ventje wurde mit dem renommierten FD Gazellen Award ausgezeichnet, dem Preis f\u00fcr die am schnellsten wachsenden Unternehmen der Niederlande. Mit einem beeindruckenden Umsatzwachstum von 137 % im vergangenen Jahr sicherte sich Ventje einen Platz in den Top 100 und erreichte den [&hellip;]\" \/>\n<meta property=\"og:url\" content=\"https:\/\/ventje.com\/de\/artikel\/fd-gazellen\/\" \/>\n<meta property=\"og:site_name\" content=\"Ventje\" \/>\n<meta property=\"article:publisher\" content=\"https:\/\/www.facebook.com\/ventjecamper\/\" \/>\n<meta property=\"article:modified_time\" content=\"2024-12-23T15:22:52+00:00\" \/>\n<script type=\"application\/ld+json\" class=\"yoast-schema-graph\">{\"@context\":\"https:\\\/\\\/schema.org\",\"@graph\":[{\"@type\":\"WebPage\",\"@id\":\"https:\\\/\\\/ventje.com\\\/de\\\/artikel\\\/fd-gazellen\\\/\",\"url\":\"https:\\\/\\\/ventje.com\\\/de\\\/artikel\\\/fd-gazellen\\\/\",\"name\":\"FD Gazellen - Ventje\",\"isPartOf\":{\"@id\":\"https:\\\/\\\/ventje.com\\\/de\\\/#website\"},\"datePublished\":\"2024-11-27T11:24:52+00:00\",\"dateModified\":\"2024-12-23T15:22:52+00:00\",\"breadcrumb\":{\"@id\":\"https:\\\/\\\/ventje.com\\\/de\\\/artikel\\\/fd-gazellen\\\/#breadcrumb\"},\"inLanguage\":\"de\",\"potentialAction\":[{\"@type\":\"ReadAction\",\"target\":[\"https:\\\/\\\/ventje.com\\\/de\\\/artikel\\\/fd-gazellen\\\/\"]}]},{\"@type\":\"BreadcrumbList\",\"@id\":\"https:\\\/\\\/ventje.com\\\/de\\\/artikel\\\/fd-gazellen\\\/#breadcrumb\",\"itemListElement\":[{\"@type\":\"ListItem\",\"position\":1,\"name\":\"Home\",\"item\":\"https:\\\/\\\/ventje.com\\\/de\\\/\"},{\"@type\":\"ListItem\",\"position\":2,\"name\":\"Artikel\",\"item\":\"https:\\\/\\\/ventje.com\\\/de\\\/artikel\\\/\"},{\"@type\":\"ListItem\",\"position\":3,\"name\":\"FD Gazellen\"}]},{\"@type\":\"WebSite\",\"@id\":\"https:\\\/\\\/ventje.com\\\/de\\\/#website\",\"url\":\"https:\\\/\\\/ventje.com\\\/de\\\/\",\"name\":\"Ventje\",\"description\":\"Ultieme vrijheid staat voor de deur.\",\"publisher\":{\"@id\":\"https:\\\/\\\/ventje.com\\\/de\\\/#organization\"},\"potentialAction\":[{\"@type\":\"SearchAction\",\"target\":{\"@type\":\"EntryPoint\",\"urlTemplate\":\"https:\\\/\\\/ventje.com\\\/de\\\/?s={search_term_string}\"},\"query-input\":{\"@type\":\"PropertyValueSpecification\",\"valueRequired\":true,\"valueName\":\"search_term_string\"}}],\"inLanguage\":\"de\"},{\"@type\":\"Organization\",\"@id\":\"https:\\\/\\\/ventje.com\\\/de\\\/#organization\",\"name\":\"Ventje\",\"url\":\"https:\\\/\\\/ventje.com\\\/de\\\/\",\"logo\":{\"@type\":\"ImageObject\",\"inLanguage\":\"de\",\"@id\":\"https:\\\/\\\/ventje.com\\\/de\\\/#\\\/schema\\\/logo\\\/image\\\/\",\"url\":\"\",\"contentUrl\":\"\",\"caption\":\"Ventje\"},\"image\":{\"@id\":\"https:\\\/\\\/ventje.com\\\/de\\\/#\\\/schema\\\/logo\\\/image\\\/\"},\"sameAs\":[\"https:\\\/\\\/www.facebook.com\\\/ventjecamper\\\/\",\"https:\\\/\\\/www.instagram.com\\\/ventje_camper\\\/\"]}]}<\/script>\n<!-- \/ Yoast SEO plugin. -->","yoast_head_json":{"title":"FD Gazellen - Ventje","robots":{"index":"index","follow":"follow","max-snippet":"max-snippet:-1","max-image-preview":"max-image-preview:large","max-video-preview":"max-video-preview:-1"},"canonical":"https:\/\/ventje.com\/de\/artikel\/fd-gazellen\/","og_locale":"de_DE","og_type":"article","og_title":"FD Gazellen - Ventje","og_description":"FD Gazellen Gewinner 2024Ventje gewinnt den FD Gazellen Award f\u00fcr beeindruckendes Wachstum Der Camperbus-Hersteller Ventje wurde mit dem renommierten FD Gazellen Award ausgezeichnet, dem Preis f\u00fcr die am schnellsten wachsenden Unternehmen der Niederlande. Mit einem beeindruckenden Umsatzwachstum von 137 % im vergangenen Jahr sicherte sich Ventje einen Platz in den Top 100 und erreichte den [&hellip;]","og_url":"https:\/\/ventje.com\/de\/artikel\/fd-gazellen\/","og_site_name":"Ventje","article_publisher":"https:\/\/www.facebook.com\/ventjecamper\/","article_modified_time":"2024-12-23T15:22:52+00:00","schema":{"@context":"https:\/\/schema.org","@graph":[{"@type":"WebPage","@id":"https:\/\/ventje.com\/de\/artikel\/fd-gazellen\/","url":"https:\/\/ventje.com\/de\/artikel\/fd-gazellen\/","name":"FD Gazellen - Ventje","isPartOf":{"@id":"https:\/\/ventje.com\/de\/#website"},"datePublished":"2024-11-27T11:24:52+00:00","dateModified":"2024-12-23T15:22:52+00:00","breadcrumb":{"@id":"https:\/\/ventje.com\/de\/artikel\/fd-gazellen\/#breadcrumb"},"inLanguage":"de","potentialAction":[{"@type":"ReadAction","target":["https:\/\/ventje.com\/de\/artikel\/fd-gazellen\/"]}]},{"@type":"BreadcrumbList","@id":"https:\/\/ventje.com\/de\/artikel\/fd-gazellen\/#breadcrumb","itemListElement":[{"@type":"ListItem","position":1,"name":"Home","item":"https:\/\/ventje.com\/de\/"},{"@type":"ListItem","position":2,"name":"Artikel","item":"https:\/\/ventje.com\/de\/artikel\/"},{"@type":"ListItem","position":3,"name":"FD Gazellen"}]},{"@type":"WebSite","@id":"https:\/\/ventje.com\/de\/#website","url":"https:\/\/ventje.com\/de\/","name":"Ventje","description":"Ultieme vrijheid staat voor de deur.","publisher":{"@id":"https:\/\/ventje.com\/de\/#organization"},"potentialAction":[{"@type":"SearchAction","target":{"@type":"EntryPoint","urlTemplate":"https:\/\/ventje.com\/de\/?s={search_term_string}"},"query-input":{"@type":"PropertyValueSpecification","valueRequired":true,"valueName":"search_term_string"}}],"inLanguage":"de"},{"@type":"Organization","@id":"https:\/\/ventje.com\/de\/#organization","name":"Ventje","url":"https:\/\/ventje.com\/de\/","logo":{"@type":"ImageObject","inLanguage":"de","@id":"https:\/\/ventje.com\/de\/#\/schema\/logo\/image\/","url":"","contentUrl":"","caption":"Ventje"},"image":{"@id":"https:\/\/ventje.com\/de\/#\/schema\/logo\/image\/"},"sameAs":["https:\/\/www.facebook.com\/ventjecamper\/","https:\/\/www.instagram.com\/ventje_camper\/"]}]}},"_links":{"self":[{"href":"https:\/\/ventje.com\/de\/wp-json\/wp\/v2\/pages\/292007","targetHints":{"allow":["GET"]}}],"collection":[{"href":"https:\/\/ventje.com\/de\/wp-json\/wp\/v2\/pages"}],"about":[{"href":"https:\/\/ventje.com\/de\/wp-json\/wp\/v2\/types\/page"}],"author":[{"embeddable":true,"href":"https:\/\/ventje.com\/de\/wp-json\/wp\/v2\/users\/48"}],"replies":[{"embeddable":true,"href":"https:\/\/ventje.com\/de\/wp-json\/wp\/v2\/comments?post=292007"}],"version-history":[{"count":7,"href":"https:\/\/ventje.com\/de\/wp-json\/wp\/v2\/pages\/292007\/revisions"}],"predecessor-version":[{"id":292015,"href":"https:\/\/ventje.com\/de\/wp-json\/wp\/v2\/pages\/292007\/revisions\/292015"}],"up":[{"embeddable":true,"href":"https:\/\/ventje.com\/de\/wp-json\/wp\/v2\/pages\/45254"}],"wp:attachment":[{"href":"https:\/\/ventje.com\/de\/wp-json\/wp\/v2\/media?parent=292007"}],"curies":[{"name":"wp","href":"https:\/\/api.w.org\/{rel}","templated":true}]}}