{"id":303224,"date":"2026-04-13T09:22:50","date_gmt":"2026-04-13T07:22:50","guid":{"rendered":"https:\/\/ventje.com\/?page_id=303224"},"modified":"2026-05-13T20:27:34","modified_gmt":"2026-05-13T18:27:34","slug":"if-design-award-2026","status":"publish","type":"page","link":"https:\/\/ventje.com\/de\/artikel\/if-design-award-2026\/","title":{"rendered":"iF Design Award"},"content":{"rendered":"<p>[et_pb_section fb_built=&#8220;1&#8243; _builder_version=&#8220;4.27.4&#8243; background_enable_color=&#8220;off&#8220; use_background_color_gradient=&#8220;on&#8220; background_color_gradient_type=&#8220;elliptical&#8220; background_color_gradient_stops=&#8220;rgba(2,0,0,0.25) 0%|rgba(41,196,169,0) 60%&#8220; background_image=&#8220;https:\/\/ventje.com\/wp-content\/uploads\/2025\/12\/Gordel-_frame_eerste_optie-18-1-scaled-e1765214799827.jpg&#8220; background_position=&#8220;top_left&#8220; background_horizontal_offset=&#8220;0%&#8220; background_vertical_offset=&#8220;55%&#8220; background_blend=&#8220;multiply&#8220; height=&#8220;450px&#8220; custom_margin=&#8220;0px||30px||false|false&#8220; custom_padding=&#8220;0px||0px||false|false&#8220; background_last_edited=&#8220;on|desktop&#8220; global_colors_info=&#8220;{}&#8220;][et_pb_row make_equal=&#8220;on&#8220; _builder_version=&#8220;4.27.4&#8243; background_color=&#8220;rgba(0,0,0,0)&#8220; background_enable_image=&#8220;off&#8220; width=&#8220;100%&#8220; module_alignment=&#8220;center&#8220; min_height_phone=&#8220;300px&#8220; min_height_last_edited=&#8220;off|tablet&#8220; height=&#8220;100%&#8220; height_tablet=&#8220;400px&#8220; height_phone=&#8220;300px&#8220; height_last_edited=&#8220;off|desktop&#8220; custom_margin=&#8220;||||false|false&#8220; custom_padding=&#8220;||||false|false&#8220; custom_css_main_element=&#8220;align-items:center!important;||display:flex!important;&#8220; global_colors_info=&#8220;{}&#8220;][et_pb_column type=&#8220;4_4&#8243; _builder_version=&#8220;4.16&#8243; global_colors_info=&#8220;{}&#8220;][et_pb_text _builder_version=&#8220;4.27.4&#8243; text_font=&#8220;Futura book|700|||||||&#8220; header_font=&#8220;Futura book|700|||||||&#8220; header_text_align=&#8220;center&#8220; header_2_font=&#8220;|300|||||||&#8220; header_2_font_size=&#8220;50px&#8220; vertical_offset=&#8220;-107px&#8220; text_orientation=&#8220;center&#8220; background_layout=&#8220;dark&#8220; max_width=&#8220;70%&#8220; max_width_tablet=&#8220;75%&#8220; max_width_phone=&#8220;80%&#8220; max_width_last_edited=&#8220;on|desktop&#8220; module_alignment=&#8220;center&#8220; custom_margin=&#8220;||||false|false&#8220; custom_margin_tablet=&#8220;245px||||false|false&#8220; custom_margin_phone=&#8220;260px||||false|false&#8220; custom_margin_last_edited=&#8220;off|desktop&#8220; custom_padding=&#8220;||||false|false&#8220; header_font_size_tablet=&#8220;&#8220; header_font_size_phone=&#8220;25px&#8220; header_font_size_last_edited=&#8220;on|phone&#8220; header_2_font_size_tablet=&#8220;50px&#8220; header_2_font_size_phone=&#8220;35px&#8220; header_2_font_size_last_edited=&#8220;on|phone&#8220; text_text_align=&#8220;center&#8220; global_colors_info=&#8220;{}&#8220; custom_margin__hover_enabled=&#8220;off|desktop&#8220; custom_padding__hover_enabled=&#8220;off|desktop&#8220; custom_padding__hover=&#8220;|0px|0px|0px|false|false&#8220;]<\/p>\n<h1>iF Design Award<\/h1>\n<h2>Gewinner 2026<\/h2>\n<p>[\/et_pb_text][et_pb_code _builder_version=&#8220;4.27.4&#8243; _module_preset=&#8220;default&#8220; global_colors_info=&#8220;{}&#8220;]<script><!-- [et_pb_line_break_holder] -->    \/\/ Function to update the \"Kom kijken\" text and link based on language<!-- [et_pb_line_break_holder] -->    function updateKomKijkenButton(language) {<!-- [et_pb_line_break_holder] -->        var buttonlink = \"\";<!-- [et_pb_line_break_holder] -->        switch (language) {<!-- [et_pb_line_break_holder] -->            case \"de\":<!-- [et_pb_line_break_holder] -->            case \"ch\": \/\/ Considering ch as German<!-- [et_pb_line_break_holder] -->                buttonlink = \"https:\/\/ventje.com\/de\/kennenlernen\/\";<!-- [et_pb_line_break_holder] -->                break;<!-- [et_pb_line_break_holder] -->            case \"en\":<!-- [et_pb_line_break_holder] -->                buttonlink = \"https:\/\/ventje.com\/en\/meet-and-greet\";<!-- [et_pb_line_break_holder] -->                break;<!-- [et_pb_line_break_holder] -->            default:<!-- [et_pb_line_break_holder] -->                buttonlink = \"https:\/\/ventje.com\/kom-kijken\/\";<!-- [et_pb_line_break_holder] -->        }<!-- [et_pb_line_break_holder] -->        <!-- [et_pb_line_break_holder] -->        var buttonElement = document.getElementById(\"kijkafspraak-button-eventje\");<!-- [et_pb_line_break_holder] -->        if (buttonElement) {<!-- [et_pb_line_break_holder] -->            buttonElement.href = buttonlink;<!-- [et_pb_line_break_holder] -->        } else {<!-- [et_pb_line_break_holder] -->            console.error(\"Element with id 'kijkafspraak-button-eventje' not found.\");<!-- [et_pb_line_break_holder] -->        }<!-- [et_pb_line_break_holder] -->    }<!-- [et_pb_line_break_holder] --><!-- [et_pb_line_break_holder] -->    \/\/ Check the user's language and update the text and link<!-- [et_pb_line_break_holder] -->    document.addEventListener(\"DOMContentLoaded\", function(event) {<!-- [et_pb_line_break_holder] -->        const userLanguage = navigator.language.substring(0, 2).toLowerCase();<!-- [et_pb_line_break_holder] -->        console.log(\"User language:\", userLanguage); \/\/ Log userLanguage to check its value<!-- [et_pb_line_break_holder] -->        updateKomKijkenButton(userLanguage);<!-- [et_pb_line_break_holder] -->    });<!-- [et_pb_line_break_holder] --><\/script>[\/et_pb_code][\/et_pb_column][\/et_pb_row][\/et_pb_section][et_pb_section fb_built=&#8220;1&#8243; _builder_version=&#8220;4.27.0&#8243; _module_preset=&#8220;default&#8220; background_color=&#8220;RGBA(255,255,255,0)&#8220; custom_margin=&#8220;-30px|||||&#8220; global_colors_info=&#8220;{}&#8220;][et_pb_row _builder_version=&#8220;4.27.4&#8243; background_enable_color=&#8220;off&#8220; width=&#8220;100%&#8220; module_alignment=&#8220;center&#8220; custom_margin=&#8220;||||false|false&#8220; custom_padding=&#8220;||0px||false|true&#8220; locked=&#8220;off&#8220; global_colors_info=&#8220;{}&#8220;][et_pb_column type=&#8220;4_4&#8243; _builder_version=&#8220;4.16&#8243; global_colors_info=&#8220;{}&#8220;][et_pb_text _builder_version=&#8220;4.27.4&#8243; header_text_align=&#8220;left&#8220; header_2_font=&#8220;|700|||||||&#8220; background_enable_color=&#8220;off&#8220; width=&#8220;100%&#8220; module_alignment=&#8220;center&#8220; custom_margin=&#8220;0px|0px|0px|0px|false|false&#8220; custom_margin_tablet=&#8220;0px|0px|0px|0px|false|false&#8220; custom_margin_phone=&#8220;|30px|||false|false&#8220; custom_margin_last_edited=&#8220;on|phone&#8220; custom_padding=&#8220;30px|30px|30px|30px|false|false&#8220; custom_padding_tablet=&#8220;30px|30px|30px|30px|false|false&#8220; custom_padding_phone=&#8220;0px|30px|0px|30px|false|false&#8220; custom_padding_last_edited=&#8220;on|phone&#8220; global_colors_info=&#8220;{}&#8220;]<\/p>\n<h3>Ventje gewinnt iF Design Award f\u00fcr innovativen Sicherheitsgurtb\u00fcgel im Wohnmobil<\/h3>\n<p><strong>Der niederl\u00e4ndische Wohnmobilhersteller Ventje hat f\u00fcr einen einzigartigen Sicherheitsgurtb\u00fcgel in seinem eVentje einen iF Design Award gewonnen. Der internationale Preis, der seit \u00fcber siebzig Jahren verliehen wird, gilt als eine der renommiertesten Auszeichnungen in der Designwelt.<\/strong><\/p>\n<p>Das preisgekr\u00f6nte Design wurde f\u00fcr das <strong><a href=\"https:\/\/ventje.com\/de\/elektrischer-camper\/\">Elektro-Modell des Ventje-Wohnmobils<\/a><\/strong> entwickelt, das auf dem Volkswagen ID. Buzz basiert. Das Design- und Produktionsteam stand vor einer schwierigen Herausforderung: Wie lassen sich zus\u00e4tzliche Sitze einbauen, ohne den offenen und flexiblen Innenraum zu beeintr\u00e4chtigen, f\u00fcr den Ventje bekannt ist?<\/p>\n<p>Laut Gr\u00fcnder Frank Westland war das die zentrale Herausforderung. Es mussten zus\u00e4tzliche Sitze mit Dreipunktgurten eingebaut werden, ohne die Ger\u00e4umigkeit und Flexibilit\u00e4t des Innenraums zu minimieren. \u201eHerk\u00f6mmliche Autositze kamen nicht in Frage\u201c, sagt er. \u201eWir wollten den offenen, ger\u00e4umigen und komfortablen Charakter des Ventje-Innenraums bewahren.\u201c<\/p>\n<p><strong>Clevere L\u00f6sung ohne Platzverlust.<br \/><\/strong>Nach einem mehr als einj\u00e4hrigen Entwicklungsprozess mit intensiven Tests und Crashtests fand das Team eine L\u00f6sung, die im Innenraum fast unsichtbar ist. Der Sicherheitsgurt-Rahmen erf\u00fcllt alle Sicherheitsanforderungen und nimmt keinen zus\u00e4tzlichen Platz ein.<\/p>\n<p>Als Material w\u00e4hlte Ventje leichten, hochwertigen Stahl, der auch in Flugzeugen verwendet wird. Dank einer integrierten Gasfeder f\u00e4hrt der Rahmen mit einer sanften Bewegung nach oben und rastet ein.<\/p>\n<p><strong>Zwei zus\u00e4tzliche Sitzpl\u00e4tze mit Sicherheitsgurt in nur wenigen Sekunden.<br \/><\/strong>Durch die Kombination mit den Sitzelementen lassen sich im Handumdrehen zwei zus\u00e4tzliche, nach vorne gerichtete Sitzpl\u00e4tze mit Sicherheitsgurt schaffen. Diese sind mit Dreipunktgurten und ISOFIX ausgestattet, sodass auch Kinder sicher mitreisen k\u00f6nnen.<\/p>\n<p>Am Ziel angekommen, l\u00e4sst sich der Rahmen ebenso einfach wieder verstauen. So bleibt der <a href=\"https:\/\/ventje.com\/de\/camper-innenausbau\/flexible-einrichtung\/\"><strong>Innenraum<\/strong><\/a> vollkommen flexibel, ganz im Sinne von Ventje: vom Sitzbereich \u00fcber das Lounge-Sofa bis hin zum Schlafbereich oder zur Outdoor-Garnitur.<\/p>\n<p>[\/et_pb_text][\/et_pb_column][\/et_pb_row][\/et_pb_section][et_pb_section fb_built=&#8220;1&#8243; _builder_version=&#8220;4.27.0&#8243; _module_preset=&#8220;default&#8220; background_color=&#8220;RGBA(255,255,255,0)&#8220; global_colors_info=&#8220;{}&#8220;][et_pb_row _builder_version=&#8220;4.27.4&#8243; _module_preset=&#8220;default&#8220; global_colors_info=&#8220;{}&#8220;][et_pb_column type=&#8220;4_4&#8243; _builder_version=&#8220;4.27.0&#8243; _module_preset=&#8220;default&#8220; global_colors_info=&#8220;{}&#8220;][et_pb_video src=&#8220;https:\/\/ventje.com\/wp-content\/uploads\/2025\/11\/Gordeframe_Eventje_with_overlay_Deutsch_Small-1.mp4&#8243; _builder_version=&#8220;4.27.4&#8243; _module_preset=&#8220;default&#8220; width=&#8220;90%&#8220; module_alignment=&#8220;center&#8220; custom_margin=&#8220;0px|300px|0px|300px|false|false&#8220; hover_enabled=&#8220;0&#8243; global_colors_info=&#8220;{}&#8220; sticky_enabled=&#8220;0&#8243; image_src_last_edited=&#8220;on|phone&#8220; title_text=&#8220;Banner-gordelframe-DE&#8220; image_src_phone=&#8220;https:\/\/ventje.com\/wp-content\/uploads\/2026\/05\/Banner-gordelframe-DE.jpg&#8220;][\/et_pb_video][\/et_pb_column][\/et_pb_row][\/et_pb_section][et_pb_section fb_built=&#8220;1&#8243; _builder_version=&#8220;4.27.0&#8243; _module_preset=&#8220;default&#8220; background_color=&#8220;RGBA(255,255,255,0)&#8220; custom_margin=&#8220;0px||||false|false&#8220; global_colors_info=&#8220;{}&#8220;][et_pb_row _builder_version=&#8220;4.23.1&#8243; background_enable_color=&#8220;off&#8220; width=&#8220;100%&#8220; module_alignment=&#8220;center&#8220; custom_margin=&#8220;||||false|false&#8220; custom_padding=&#8220;||0px||false|true&#8220; locked=&#8220;off&#8220; global_colors_info=&#8220;{}&#8220;][et_pb_column type=&#8220;4_4&#8243; _builder_version=&#8220;4.16&#8243; global_colors_info=&#8220;{}&#8220;][et_pb_text _builder_version=&#8220;4.27.4&#8243; header_text_align=&#8220;left&#8220; header_2_font=&#8220;|700|||||||&#8220; background_enable_color=&#8220;off&#8220; width=&#8220;100%&#8220; module_alignment=&#8220;center&#8220; custom_margin=&#8220;0px|0px|0px|0px|false|false&#8220; custom_margin_tablet=&#8220;0px|0px|0px|0px|false|false&#8220; custom_margin_phone=&#8220;||||false|false&#8220; custom_margin_last_edited=&#8220;on|phone&#8220; custom_padding=&#8220;30px|30px|30px|30px|false|false&#8220; custom_padding_tablet=&#8220;30px|30px|30px|30px|false|false&#8220; custom_padding_phone=&#8220;0px|30px|0px|30px|false|false&#8220; custom_padding_last_edited=&#8220;on|phone&#8220; global_colors_info=&#8220;{}&#8220;]<\/p>\n<p><strong>Anerkennung f\u00fcr durchdachtes Design.<\/strong><br \/>Laut der Jury w\u00fcrdigt der iF Design Award die Qualit\u00e4t des Designs, das Funktionalit\u00e4t und \u00c4sthetik nahtlos miteinander verbindet. Im Jahr 2026 wurden mehr als 10.000 Entw\u00fcrfe aus 68 L\u00e4ndern bewertet.<\/p>\n<p>Dies ist nicht die erste Auszeichnung f\u00fcr Ventje. Die Marke hat bereits zuvor Preise gewonnen, darunter mehrere <a href=\"https:\/\/ventje.com\/de\/artikel\/red-dot-design-award\/\"><strong>Red Dot Design Awards<\/strong><\/a> und <a href=\"https:\/\/ventje.com\/de\/artikel\/nachhaltigkeitspreis-2024\/\"><strong>Sustainable Camping Awards<\/strong><\/a>. Der neue Gurt-Rahmen zeigt, dass der Hersteller weiterhin innovativ ist, mit einem Fokus auf Benutzerfreundlichkeit und Technologie.<\/p>\n<p>[\/et_pb_text][et_pb_button button_url=&#8220;https:\/\/ifdesign.com\/en\/winner-ranking\/project\/ventje-campervan-modulair-seats\/758939&#8243; url_new_window=&#8220;on&#8220; button_text=&#8220;Auf iF Design ansehen&#8220; button_alignment=&#8220;center&#8220; admin_label=&#8220;Knop iF 2&#8243; _builder_version=&#8220;4.27.4&#8243; _module_preset=&#8220;default&#8220; custom_margin_tablet=&#8220;&#8220; custom_margin_phone=&#8220;20px||20px||false|false&#8220; custom_margin_last_edited=&#8220;on|phone&#8220; global_colors_info=&#8220;{}&#8220;][\/et_pb_button][et_pb_text _builder_version=&#8220;4.27.4&#8243; header_text_align=&#8220;left&#8220; header_2_font=&#8220;|700|||||||&#8220; background_enable_color=&#8220;off&#8220; width=&#8220;100%&#8220; module_alignment=&#8220;center&#8220; min_height=&#8220;296px&#8220; custom_margin=&#8220;0px|0px|0px|0px|false|false&#8220; custom_margin_tablet=&#8220;0px|0px|0px|0px|false|false&#8220; custom_margin_phone=&#8220;||||false|false&#8220; custom_margin_last_edited=&#8220;on|phone&#8220; custom_padding=&#8220;30px|30px|30px|30px|false|false&#8220; custom_padding_tablet=&#8220;30px|30px|30px|30px|false|false&#8220; custom_padding_phone=&#8220;0px|30px|0px|30px|false|false&#8220; custom_padding_last_edited=&#8220;on|phone&#8220; global_colors_info=&#8220;{}&#8220;]<\/p>\n<p><strong>Zu einem der gr\u00f6\u00dften Campervan Anbieter in den Benelux-L\u00e4ndern herangewachsen.<\/strong><br \/>Seit seiner Gr\u00fcndung im Jahr 2020 hat sich Ventje rasch zu einem der gr\u00f6\u00dften Hersteller von Wohnmobilen in den Benelux-L\u00e4ndern entwickelt. Mit einem Team von mittlerweile 100 Mitarbeitenden werden die Innenausstattungen vollst\u00e4ndig in Eigenproduktion am Standort Nijkerkerveen (NL) gefertigt.<\/p>\n<p>Dar\u00fcber hinaus betreibt das Unternehmen eine Mietflotte, durch die jedes Jahr Tausende von Reisenden mit dem Konzept vertraut gemacht werden.<\/p>\n<p>Der Gurt-Rahmen kann w\u00e4hrend des <a href=\"https:\/\/ventje.com\/de\/event\/eventje-26\/\"><strong>Eventje<\/strong><\/a> \u201926 besichtigt werden, das am Samstag, dem 30. Mai, stattfindet. Weitere Informationen auf der Website von Ventje.<\/p>\n<p>[\/et_pb_text][et_pb_button button_url=&#8220;https:\/\/ventje.com\/de\/artikel\/&#8220; url_new_window=&#8220;on&#8220; button_text=&#8220;Zur\u00fcck zu den Artikeln&#8220; button_alignment=&#8220;center&#8220; admin_label=&#8220;Knop artikelen&#8220; _builder_version=&#8220;4.27.4&#8243; _module_preset=&#8220;default&#8220; custom_margin_tablet=&#8220;&#8220; custom_margin_phone=&#8220;20px||20px||false|false&#8220; custom_margin_last_edited=&#8220;on|phone&#8220; global_colors_info=&#8220;{}&#8220;][\/et_pb_button][\/et_pb_column][\/et_pb_row][\/et_pb_section]<\/p>\n","protected":false},"excerpt":{"rendered":"<p>iF Design Award Gewinner 2026Ventje gewinnt iF Design Award f\u00fcr innovativen Sicherheitsgurtb\u00fcgel im Wohnmobil Der niederl\u00e4ndische Wohnmobilhersteller Ventje hat f\u00fcr einen einzigartigen Sicherheitsgurtb\u00fcgel in seinem eVentje einen iF Design Award gewonnen. Der internationale Preis, der seit \u00fcber siebzig Jahren verliehen wird, gilt als eine der renommiertesten Auszeichnungen in der Designwelt. Das preisgekr\u00f6nte Design wurde f\u00fcr [&hellip;]<\/p>\n","protected":false},"author":79,"featured_media":0,"parent":45254,"menu_order":0,"comment_status":"closed","ping_status":"closed","template":"","meta":{"_acf_changed":false,"_et_pb_use_builder":"on","_et_pb_old_content":"","_et_gb_content_width":"","footnotes":""},"class_list":["post-303224","page","type-page","status-publish","hentry"],"acf":[],"yoast_head":"<!-- This site is optimized with the Yoast SEO plugin v27.6 - https:\/\/yoast.com\/product\/yoast-seo-wordpress\/ -->\n<title>iF Design Award voor gordelframe in een Ventje<\/title>\n<meta name=\"description\" content=\"Der Wohnmobilhersteller Ventje hat f\u00fcr einen einzigartigen Sicherheitsgurtb\u00fcgel in seinem eVentje einen iF Design Award gewonnen.\" \/>\n<meta name=\"robots\" content=\"index, follow, max-snippet:-1, max-image-preview:large, max-video-preview:-1\" \/>\n<link rel=\"canonical\" href=\"https:\/\/ventje.com\/de\/artikel\/if-design-award-2026\/\" \/>\n<meta property=\"og:locale\" content=\"de_DE\" \/>\n<meta property=\"og:type\" content=\"article\" \/>\n<meta property=\"og:title\" content=\"iF Design Award voor gordelframe in een Ventje\" \/>\n<meta property=\"og:description\" content=\"Der Wohnmobilhersteller Ventje hat f\u00fcr einen einzigartigen Sicherheitsgurtb\u00fcgel in seinem eVentje einen iF Design Award gewonnen.\" \/>\n<meta property=\"og:url\" content=\"https:\/\/ventje.com\/de\/artikel\/if-design-award-2026\/\" \/>\n<meta property=\"og:site_name\" content=\"Ventje\" \/>\n<meta property=\"article:publisher\" content=\"https:\/\/www.facebook.com\/ventjecamper\/\" \/>\n<meta property=\"article:modified_time\" content=\"2026-05-13T18:27:34+00:00\" \/>\n<script type=\"application\/ld+json\" class=\"yoast-schema-graph\">{\"@context\":\"https:\\\/\\\/schema.org\",\"@graph\":[{\"@type\":\"WebPage\",\"@id\":\"https:\\\/\\\/ventje.com\\\/de\\\/artikel\\\/if-design-award-2026\\\/\",\"url\":\"https:\\\/\\\/ventje.com\\\/de\\\/artikel\\\/if-design-award-2026\\\/\",\"name\":\"iF Design Award voor gordelframe in een Ventje\",\"isPartOf\":{\"@id\":\"https:\\\/\\\/ventje.com\\\/de\\\/#website\"},\"datePublished\":\"2026-04-13T07:22:50+00:00\",\"dateModified\":\"2026-05-13T18:27:34+00:00\",\"description\":\"Der Wohnmobilhersteller Ventje hat f\u00fcr einen einzigartigen Sicherheitsgurtb\u00fcgel in seinem eVentje einen iF Design Award gewonnen.\",\"breadcrumb\":{\"@id\":\"https:\\\/\\\/ventje.com\\\/de\\\/artikel\\\/if-design-award-2026\\\/#breadcrumb\"},\"inLanguage\":\"de\",\"potentialAction\":[{\"@type\":\"ReadAction\",\"target\":[\"https:\\\/\\\/ventje.com\\\/de\\\/artikel\\\/if-design-award-2026\\\/\"]}]},{\"@type\":\"BreadcrumbList\",\"@id\":\"https:\\\/\\\/ventje.com\\\/de\\\/artikel\\\/if-design-award-2026\\\/#breadcrumb\",\"itemListElement\":[{\"@type\":\"ListItem\",\"position\":1,\"name\":\"Home\",\"item\":\"https:\\\/\\\/ventje.com\\\/de\\\/\"},{\"@type\":\"ListItem\",\"position\":2,\"name\":\"Artikel\",\"item\":\"https:\\\/\\\/ventje.com\\\/de\\\/artikel\\\/\"},{\"@type\":\"ListItem\",\"position\":3,\"name\":\"iF Design Award\"}]},{\"@type\":\"WebSite\",\"@id\":\"https:\\\/\\\/ventje.com\\\/de\\\/#website\",\"url\":\"https:\\\/\\\/ventje.com\\\/de\\\/\",\"name\":\"Ventje\",\"description\":\"Ultieme vrijheid staat voor de deur.\",\"publisher\":{\"@id\":\"https:\\\/\\\/ventje.com\\\/de\\\/#organization\"},\"potentialAction\":[{\"@type\":\"SearchAction\",\"target\":{\"@type\":\"EntryPoint\",\"urlTemplate\":\"https:\\\/\\\/ventje.com\\\/de\\\/?s={search_term_string}\"},\"query-input\":{\"@type\":\"PropertyValueSpecification\",\"valueRequired\":true,\"valueName\":\"search_term_string\"}}],\"inLanguage\":\"de\"},{\"@type\":\"Organization\",\"@id\":\"https:\\\/\\\/ventje.com\\\/de\\\/#organization\",\"name\":\"Ventje\",\"url\":\"https:\\\/\\\/ventje.com\\\/de\\\/\",\"logo\":{\"@type\":\"ImageObject\",\"inLanguage\":\"de\",\"@id\":\"https:\\\/\\\/ventje.com\\\/de\\\/#\\\/schema\\\/logo\\\/image\\\/\",\"url\":\"\",\"contentUrl\":\"\",\"caption\":\"Ventje\"},\"image\":{\"@id\":\"https:\\\/\\\/ventje.com\\\/de\\\/#\\\/schema\\\/logo\\\/image\\\/\"},\"sameAs\":[\"https:\\\/\\\/www.facebook.com\\\/ventjecamper\\\/\",\"https:\\\/\\\/www.instagram.com\\\/ventje_camper\\\/\"]}]}<\/script>\n<!-- \/ Yoast SEO plugin. -->","yoast_head_json":{"title":"iF Design Award voor gordelframe in een Ventje","description":"Der Wohnmobilhersteller Ventje hat f\u00fcr einen einzigartigen Sicherheitsgurtb\u00fcgel in seinem eVentje einen iF Design Award gewonnen.","robots":{"index":"index","follow":"follow","max-snippet":"max-snippet:-1","max-image-preview":"max-image-preview:large","max-video-preview":"max-video-preview:-1"},"canonical":"https:\/\/ventje.com\/de\/artikel\/if-design-award-2026\/","og_locale":"de_DE","og_type":"article","og_title":"iF Design Award voor gordelframe in een Ventje","og_description":"Der Wohnmobilhersteller Ventje hat f\u00fcr einen einzigartigen Sicherheitsgurtb\u00fcgel in seinem eVentje einen iF Design Award gewonnen.","og_url":"https:\/\/ventje.com\/de\/artikel\/if-design-award-2026\/","og_site_name":"Ventje","article_publisher":"https:\/\/www.facebook.com\/ventjecamper\/","article_modified_time":"2026-05-13T18:27:34+00:00","schema":{"@context":"https:\/\/schema.org","@graph":[{"@type":"WebPage","@id":"https:\/\/ventje.com\/de\/artikel\/if-design-award-2026\/","url":"https:\/\/ventje.com\/de\/artikel\/if-design-award-2026\/","name":"iF Design Award voor gordelframe in een Ventje","isPartOf":{"@id":"https:\/\/ventje.com\/de\/#website"},"datePublished":"2026-04-13T07:22:50+00:00","dateModified":"2026-05-13T18:27:34+00:00","description":"Der Wohnmobilhersteller Ventje hat f\u00fcr einen einzigartigen Sicherheitsgurtb\u00fcgel in seinem eVentje einen iF Design Award gewonnen.","breadcrumb":{"@id":"https:\/\/ventje.com\/de\/artikel\/if-design-award-2026\/#breadcrumb"},"inLanguage":"de","potentialAction":[{"@type":"ReadAction","target":["https:\/\/ventje.com\/de\/artikel\/if-design-award-2026\/"]}]},{"@type":"BreadcrumbList","@id":"https:\/\/ventje.com\/de\/artikel\/if-design-award-2026\/#breadcrumb","itemListElement":[{"@type":"ListItem","position":1,"name":"Home","item":"https:\/\/ventje.com\/de\/"},{"@type":"ListItem","position":2,"name":"Artikel","item":"https:\/\/ventje.com\/de\/artikel\/"},{"@type":"ListItem","position":3,"name":"iF Design Award"}]},{"@type":"WebSite","@id":"https:\/\/ventje.com\/de\/#website","url":"https:\/\/ventje.com\/de\/","name":"Ventje","description":"Ultieme vrijheid staat voor de deur.","publisher":{"@id":"https:\/\/ventje.com\/de\/#organization"},"potentialAction":[{"@type":"SearchAction","target":{"@type":"EntryPoint","urlTemplate":"https:\/\/ventje.com\/de\/?s={search_term_string}"},"query-input":{"@type":"PropertyValueSpecification","valueRequired":true,"valueName":"search_term_string"}}],"inLanguage":"de"},{"@type":"Organization","@id":"https:\/\/ventje.com\/de\/#organization","name":"Ventje","url":"https:\/\/ventje.com\/de\/","logo":{"@type":"ImageObject","inLanguage":"de","@id":"https:\/\/ventje.com\/de\/#\/schema\/logo\/image\/","url":"","contentUrl":"","caption":"Ventje"},"image":{"@id":"https:\/\/ventje.com\/de\/#\/schema\/logo\/image\/"},"sameAs":["https:\/\/www.facebook.com\/ventjecamper\/","https:\/\/www.instagram.com\/ventje_camper\/"]}]}},"_links":{"self":[{"href":"https:\/\/ventje.com\/de\/wp-json\/wp\/v2\/pages\/303224","targetHints":{"allow":["GET"]}}],"collection":[{"href":"https:\/\/ventje.com\/de\/wp-json\/wp\/v2\/pages"}],"about":[{"href":"https:\/\/ventje.com\/de\/wp-json\/wp\/v2\/types\/page"}],"author":[{"embeddable":true,"href":"https:\/\/ventje.com\/de\/wp-json\/wp\/v2\/users\/79"}],"replies":[{"embeddable":true,"href":"https:\/\/ventje.com\/de\/wp-json\/wp\/v2\/comments?post=303224"}],"version-history":[{"count":22,"href":"https:\/\/ventje.com\/de\/wp-json\/wp\/v2\/pages\/303224\/revisions"}],"predecessor-version":[{"id":306938,"href":"https:\/\/ventje.com\/de\/wp-json\/wp\/v2\/pages\/303224\/revisions\/306938"}],"up":[{"embeddable":true,"href":"https:\/\/ventje.com\/de\/wp-json\/wp\/v2\/pages\/45254"}],"wp:attachment":[{"href":"https:\/\/ventje.com\/de\/wp-json\/wp\/v2\/media?parent=303224"}],"curies":[{"name":"wp","href":"https:\/\/api.w.org\/{rel}","templated":true}]}}