{"id":33639,"date":"2020-11-15T16:31:49","date_gmt":"2020-11-15T15:31:49","guid":{"rendered":"https:\/\/ventje.com\/durchs-land-touren\/"},"modified":"2024-04-08T09:50:49","modified_gmt":"2024-04-08T09:50:49","slug":"durchs-land-touren","status":"publish","type":"page","link":"https:\/\/ventje.com\/de\/erfahrungen\/durchs-land-touren\/","title":{"rendered":"Durchs Land touren"},"content":{"rendered":"<p>[et_pb_section fb_built=&#8220;1&#8243; _builder_version=&#8220;4.22.1&#8243; background_enable_color=&#8220;off&#8220; use_background_color_gradient=&#8220;on&#8220; background_color_gradient_type=&#8220;elliptical&#8220; background_color_gradient_stops=&#8220;rgba(0,2,0,0.23) 0%|rgba(41,196,169,0) 70%&#8220; background_image=&#8220;https:\/\/ventje.com\/wp-content\/uploads\/2023\/09\/met-ventje-camper-toeren-door-het-land.webp&#8220; background_position=&#8220;bottom_center&#8220; background_vertical_offset=&#8220;45%&#8220; background_blend=&#8220;multiply&#8220; custom_margin=&#8220;||||false|false&#8220; custom_padding=&#8220;0px||0px||false|false&#8220; global_colors_info=&#8220;{}&#8220;][et_pb_row make_equal=&#8220;on&#8220; _builder_version=&#8220;4.16&#8243; background_color=&#8220;rgba(0,0,0,0)&#8220; background_enable_image=&#8220;off&#8220; width=&#8220;100%&#8220; module_alignment=&#8220;center&#8220; min_height_phone=&#8220;300px&#8220; min_height_last_edited=&#8220;off|tablet&#8220; height=&#8220;450px&#8220; height_tablet=&#8220;300px&#8220; height_phone=&#8220;200px&#8220; height_last_edited=&#8220;on|phone&#8220; custom_margin=&#8220;||||false|false&#8220; custom_padding=&#8220;||||false|false&#8220; global_colors_info=&#8220;{}&#8220;][et_pb_column type=&#8220;4_4&#8243; _builder_version=&#8220;4.16&#8243; global_colors_info=&#8220;{}&#8220;][et_pb_text content_tablet=&#8220;<\/p>\n<h1 style=%22text-align: center;%22><span style=%22font-size: 49px; color: #ffffff;%22>\u201eStolz zeigen wir Ventje <\/span><\/h1>\n<h1 style=%22text-align: center;%22><span style=%22font-size: 49px; color: #ffffff;%22>auf dem Campingplatz\u201c<br \/><\/span><\/h1>\n<p>&#8220; content_phone=&#8220;<\/p>\n<h1 style=%22text-align: center;%22><span style=%22font-size: 30px; color: #ffffff;%22>\u201eStolz zeigen wir Ventje <\/span><\/h1>\n<h1 style=%22text-align: center;%22><span style=%22font-size: 30px; color: #ffffff;%22>auf dem Campingplatz\u201c<br \/><\/span><\/h1>\n<p>&#8220; content_last_edited=&#8220;off|desktop&#8220; _builder_version=&#8220;4.23.1&#8243; text_font=&#8220;|700|||||||&#8220; header_font=&#8220;||||||||&#8220; header_text_align=&#8220;center&#8220; header_font_size=&#8220;50px&#8220; max_width=&#8220;90%&#8220; module_alignment=&#8220;center&#8220; custom_margin=&#8220;200px|0px|0px|0px|false|false&#8220; custom_margin_tablet=&#8220;90px|0px|0px|0px|false|false&#8220; custom_margin_phone=&#8220;65px||||false|false&#8220; custom_margin_last_edited=&#8220;on|phone&#8220; custom_padding=&#8220;|0px|0px|0px|false|false&#8220; custom_padding_tablet=&#8220;25px|||0px|false|false&#8220; custom_padding_phone=&#8220;25px||||false|false&#8220; custom_padding_last_edited=&#8220;off|desktop&#8220; hover_enabled=&#8220;0&#8243; text_font_size_phone=&#8220;1px&#8220; text_font_size_last_edited=&#8220;off|desktop&#8220; text_line_height_last_edited=&#8220;off|desktop&#8220; header_font_size_tablet=&#8220;&#8220; header_font_size_phone=&#8220;30px&#8220; header_font_size_last_edited=&#8220;on|phone&#8220; text_text_align=&#8220;center&#8220; global_colors_info=&#8220;{}&#8220; custom_margin__hover_enabled=&#8220;off|desktop&#8220; custom_padding__hover_enabled=&#8220;on|desktop&#8220; custom_padding__hover=&#8220;|0px|0px|0px|false|false&#8220; background_layout=&#8220;dark&#8220; sticky_enabled=&#8220;0&#8243;]<\/p>\n<h1>\u201eStolz zeigen wir Ventje auf dem Campingplatz.\u201c<\/h1>\n<p>[\/et_pb_text][\/et_pb_column][\/et_pb_row][\/et_pb_section][et_pb_section fb_built=&#8220;1&#8243; _builder_version=&#8220;4.23.1&#8243; custom_margin=&#8220;||||false|false&#8220; custom_padding=&#8220;0px||0px||false|false&#8220; hover_enabled=&#8220;0&#8243; global_colors_info=&#8220;{}&#8220; background_color=&#8220;RGBA(255,255,255,0)&#8220; sticky_enabled=&#8220;0&#8243;][et_pb_row _builder_version=&#8220;4.23.1&#8243; width=&#8220;100%&#8220; custom_margin=&#8220;30px||||false|false&#8220; custom_padding=&#8220;|30px|0px|30px|false|true&#8220; hover_enabled=&#8220;0&#8243; global_colors_info=&#8220;{}&#8220; background_enable_color=&#8220;off&#8220; sticky_enabled=&#8220;0&#8243;][et_pb_column type=&#8220;4_4&#8243; _builder_version=&#8220;4.16&#8243; global_colors_info=&#8220;{}&#8220;][et_pb_text admin_label=&#8220;Text&#8220; _builder_version=&#8220;4.18.0&#8243; header_2_font=&#8220;|700|||||||&#8220; module_alignment=&#8220;center&#8220; custom_margin=&#8220;20px||20px||true|false&#8220; custom_margin_tablet=&#8220;-3px||||false|false&#8220; custom_margin_last_edited=&#8220;off|desktop&#8220; custom_padding=&#8220;||||false|false&#8220; text_text_align=&#8220;left&#8220; global_colors_info=&#8220;{}&#8220;]<\/p>\n<h1><strong>Durchs Land touren<\/strong><\/h1>\n<h1><span style=\"color: #e09900; font-size: 17px; text-align: justify;\">September 2020 | Edith &amp; Martin<br \/><\/span><\/h1>\n<p>Wir sind sehr zufrieden mit unserem Ventje! Zwei Wochen wandern, shoppen und durch die sonnigen Niederlande touren im September.<\/p>\n<p><strong>Ventje vorf\u00fchren<\/strong><br \/>Nach dem Aufstellen des Lounge-Sets l\u00f6cherten uns die Menschen auf jedem Stell- und Campingplatz mit hunderten Fragen \u2013 voller Neugierde. \u201eHast du das selbst gebaut?\u201c, \u201eWie hei\u00dft die Firma und woher kommt sie?\u201c, \u201eWas kostet der Campervan?\u201c und \u201eKann ich ein paar Fotos machen?\u201c. <br \/>Wir zeigten \u00fcberall stolz unseren Ventje und all seine M\u00f6glichkeiten. Und wir erz\u00e4hlten, wie ehrgeizig und leidenschaftlich das junge Team ist!<\/p>\n<p><strong>Gem\u00fctliches Tiny House<\/strong><br \/>Nach einem (viel zu) langen Spaziergang machten wir es uns in unserem gem\u00fctlichen Tiny House auf der Chaiselongue bequem. Und ohne aufstehen zu m\u00fcssen, machten wir uns noch eine Tasse Tee. Nach einer erholsamen Nacht haben wir Pl\u00e4ne f\u00fcr den Tag und die Zukunft mit unserem Ventje geschmiedet!<\/p>\n<p>[\/et_pb_text][\/et_pb_column][\/et_pb_row][\/et_pb_section][et_pb_section fb_built=&#8220;1&#8243; _builder_version=&#8220;4.23.1&#8243; custom_margin=&#8220;30px||15px||false|false&#8220; custom_padding=&#8220;0px||0px||false|false&#8220; hover_enabled=&#8220;0&#8243; global_colors_info=&#8220;{}&#8220; background_color=&#8220;RGBA(255,255,255,0)&#8220; sticky_enabled=&#8220;0&#8243;][et_pb_row make_equal=&#8220;on&#8220; _builder_version=&#8220;4.22.1&#8243; _dynamic_attributes=&#8220;link_option_url&#8220; background_enable_color=&#8220;off&#8220; background_image=&#8220;https:\/\/ventje.com\/wp-content\/uploads\/2023\/09\/pauzeren-met-het-ventje.webp&#8220; background_position=&#8220;bottom_center&#8220; background_vertical_offset=&#8220;49%&#8220; width=&#8220;100%&#8220; module_alignment=&#8220;center&#8220; height=&#8220;550px&#8220; height_tablet=&#8220;400px&#8220; height_phone=&#8220;400px&#8220; height_last_edited=&#8220;on|tablet&#8220; custom_margin=&#8220;-31px|420px||auto|false|false&#8220; custom_padding=&#8220;0px||0px|0px|false|false&#8220; link_option_url=&#8220;@ET-DC@eyJkeW5hbWljIjp0cnVlLCJjb250ZW50IjoicG9zdF9saW5rX3VybF9wYWdlIiwic2V0dGluZ3MiOnsicG9zdF9pZCI6IjE2NTQifX0=@&#8220; global_colors_info=&#8220;{}&#8220;][et_pb_column type=&#8220;4_4&#8243; _builder_version=&#8220;4.16&#8243; global_colors_info=&#8220;{}&#8220;][\/et_pb_column][\/et_pb_row][\/et_pb_section][et_pb_section fb_built=&#8220;1&#8243; _builder_version=&#8220;4.23.1&#8243; custom_margin=&#8220;30px||||false|false&#8220; custom_margin_tablet=&#8220;||-15px||false|false&#8220; custom_margin_phone=&#8220;||-45px||false|false&#8220; custom_margin_last_edited=&#8220;off|desktop&#8220; custom_padding=&#8220;0px||||false|false&#8220; hover_enabled=&#8220;0&#8243; global_colors_info=&#8220;{}&#8220; background_color=&#8220;RGBA(255,255,255,0)&#8220; sticky_enabled=&#8220;0&#8243;][et_pb_row _builder_version=&#8220;4.18.0&#8243; background_enable_color=&#8220;off&#8220; custom_margin=&#8220;30px|auto||auto|false|false&#8220; global_colors_info=&#8220;{}&#8220;][et_pb_column type=&#8220;4_4&#8243; _builder_version=&#8220;4.16&#8243; global_colors_info=&#8220;{}&#8220;][et_pb_button button_url=&#8220;@ET-DC@eyJkeW5hbWljIjp0cnVlLCJjb250ZW50IjoicG9zdF9saW5rX3VybF9wYWdlIiwic2V0dGluZ3MiOnsicG9zdF9pZCI6IjE5MDgifX0=@&#8220; button_text=&#8220;Zur\u00fcck zu Erfahrungen&#8220; button_alignment=&#8220;center&#8220; button_alignment_tablet=&#8220;&#8220; button_alignment_phone=&#8220;&#8220; button_alignment_last_edited=&#8220;on|desktop&#8220; module_class=&#8220;bottom-button&#8220; _builder_version=&#8220;4.20.4&#8243; _dynamic_attributes=&#8220;button_url&#8220; custom_button=&#8220;on&#8220; button_icon=&#8220;&#x44;||divi||400&#8243; button_icon_placement=&#8220;left&#8220; custom_padding=&#8220;||||false|false&#8220; custom_padding_tablet=&#8220;||||false|false&#8220; custom_padding_phone=&#8220;||||false|false&#8220; custom_padding_last_edited=&#8220;on|desktop&#8220; hover_transition_speed_curve=&#8220;ease-in-out&#8220; custom_css_before=&#8220;||&#8220; custom_css_after=&#8220;||&#8220; global_colors_info=&#8220;{}&#8220;][\/et_pb_button][\/et_pb_column][\/et_pb_row][\/et_pb_section]<\/p>\n","protected":false},"excerpt":{"rendered":"<p>\u201eStolz zeigen wir Ventje auf dem Campingplatz.\u201cDurchs Land touren September 2020 | Edith &amp; Martin Wir sind sehr zufrieden mit unserem Ventje! Zwei Wochen wandern, shoppen und durch die sonnigen Niederlande touren im September. Ventje vorf\u00fchrenNach dem Aufstellen des Lounge-Sets l\u00f6cherten uns die Menschen auf jedem Stell- und Campingplatz mit hunderten Fragen \u2013 voller Neugierde. [&hellip;]<\/p>\n","protected":false},"author":3,"featured_media":0,"parent":42805,"menu_order":17,"comment_status":"closed","ping_status":"closed","template":"","meta":{"_acf_changed":false,"_et_pb_use_builder":"on","_et_pb_old_content":"","_et_gb_content_width":"","footnotes":""},"class_list":["post-33639","page","type-page","status-publish","hentry"],"acf":[],"yoast_head":"<!-- This site is optimized with the Yoast SEO plugin v27.5 - https:\/\/yoast.com\/product\/yoast-seo-wordpress\/ -->\n<title>Durchs Land touren - Ventje<\/title>\n<meta name=\"description\" content=\"Edith und Martin ziehen mit dem Ventje auf dem Campingplatz viel Aufmerksamkeit auf sich. \u201eVoller Stolz zeigen wir unseren Ventje.\u201c\" \/>\n<meta name=\"robots\" content=\"index, follow, max-snippet:-1, max-image-preview:large, max-video-preview:-1\" \/>\n<link rel=\"canonical\" href=\"https:\/\/ventje.com\/de\/erfahrungen\/durchs-land-touren\/\" \/>\n<meta property=\"og:locale\" content=\"de_DE\" \/>\n<meta property=\"og:type\" content=\"article\" \/>\n<meta property=\"og:title\" content=\"Durchs Land touren - Ventje\" \/>\n<meta property=\"og:description\" content=\"Edith und Martin ziehen mit dem Ventje auf dem Campingplatz viel Aufmerksamkeit auf sich. \u201eVoller Stolz zeigen wir unseren Ventje.\u201c\" \/>\n<meta property=\"og:url\" content=\"https:\/\/ventje.com\/de\/erfahrungen\/durchs-land-touren\/\" \/>\n<meta property=\"og:site_name\" content=\"Ventje\" \/>\n<meta property=\"article:publisher\" content=\"https:\/\/www.facebook.com\/ventjecamper\/\" \/>\n<meta property=\"article:modified_time\" content=\"2024-04-08T09:50:49+00:00\" \/>\n<script type=\"application\/ld+json\" class=\"yoast-schema-graph\">{\"@context\":\"https:\\\/\\\/schema.org\",\"@graph\":[{\"@type\":\"WebPage\",\"@id\":\"https:\\\/\\\/ventje.com\\\/de\\\/erfahrungen\\\/durchs-land-touren\\\/\",\"url\":\"https:\\\/\\\/ventje.com\\\/de\\\/erfahrungen\\\/durchs-land-touren\\\/\",\"name\":\"Durchs Land touren - Ventje\",\"isPartOf\":{\"@id\":\"https:\\\/\\\/ventje.com\\\/de\\\/#website\"},\"datePublished\":\"2020-11-15T15:31:49+00:00\",\"dateModified\":\"2024-04-08T09:50:49+00:00\",\"description\":\"Edith und Martin ziehen mit dem Ventje auf dem Campingplatz viel Aufmerksamkeit auf sich. \u201eVoller Stolz zeigen wir unseren Ventje.\u201c\",\"breadcrumb\":{\"@id\":\"https:\\\/\\\/ventje.com\\\/de\\\/erfahrungen\\\/durchs-land-touren\\\/#breadcrumb\"},\"inLanguage\":\"de\",\"potentialAction\":[{\"@type\":\"ReadAction\",\"target\":[\"https:\\\/\\\/ventje.com\\\/de\\\/erfahrungen\\\/durchs-land-touren\\\/\"]}]},{\"@type\":\"BreadcrumbList\",\"@id\":\"https:\\\/\\\/ventje.com\\\/de\\\/erfahrungen\\\/durchs-land-touren\\\/#breadcrumb\",\"itemListElement\":[{\"@type\":\"ListItem\",\"position\":1,\"name\":\"Home\",\"item\":\"https:\\\/\\\/ventje.com\\\/de\\\/\"},{\"@type\":\"ListItem\",\"position\":2,\"name\":\"Erfahrungen\",\"item\":\"https:\\\/\\\/ventje.com\\\/de\\\/erfahrungen\\\/\"},{\"@type\":\"ListItem\",\"position\":3,\"name\":\"Durchs Land touren\"}]},{\"@type\":\"WebSite\",\"@id\":\"https:\\\/\\\/ventje.com\\\/de\\\/#website\",\"url\":\"https:\\\/\\\/ventje.com\\\/de\\\/\",\"name\":\"Ventje\",\"description\":\"Ultieme vrijheid staat voor de deur.\",\"publisher\":{\"@id\":\"https:\\\/\\\/ventje.com\\\/de\\\/#organization\"},\"potentialAction\":[{\"@type\":\"SearchAction\",\"target\":{\"@type\":\"EntryPoint\",\"urlTemplate\":\"https:\\\/\\\/ventje.com\\\/de\\\/?s={search_term_string}\"},\"query-input\":{\"@type\":\"PropertyValueSpecification\",\"valueRequired\":true,\"valueName\":\"search_term_string\"}}],\"inLanguage\":\"de\"},{\"@type\":\"Organization\",\"@id\":\"https:\\\/\\\/ventje.com\\\/de\\\/#organization\",\"name\":\"Ventje\",\"url\":\"https:\\\/\\\/ventje.com\\\/de\\\/\",\"logo\":{\"@type\":\"ImageObject\",\"inLanguage\":\"de\",\"@id\":\"https:\\\/\\\/ventje.com\\\/de\\\/#\\\/schema\\\/logo\\\/image\\\/\",\"url\":\"\",\"contentUrl\":\"\",\"caption\":\"Ventje\"},\"image\":{\"@id\":\"https:\\\/\\\/ventje.com\\\/de\\\/#\\\/schema\\\/logo\\\/image\\\/\"},\"sameAs\":[\"https:\\\/\\\/www.facebook.com\\\/ventjecamper\\\/\",\"https:\\\/\\\/www.instagram.com\\\/ventje_camper\\\/\"]}]}<\/script>\n<!-- \/ Yoast SEO plugin. -->","yoast_head_json":{"title":"Durchs Land touren - Ventje","description":"Edith und Martin ziehen mit dem Ventje auf dem Campingplatz viel Aufmerksamkeit auf sich. \u201eVoller Stolz zeigen wir unseren Ventje.\u201c","robots":{"index":"index","follow":"follow","max-snippet":"max-snippet:-1","max-image-preview":"max-image-preview:large","max-video-preview":"max-video-preview:-1"},"canonical":"https:\/\/ventje.com\/de\/erfahrungen\/durchs-land-touren\/","og_locale":"de_DE","og_type":"article","og_title":"Durchs Land touren - Ventje","og_description":"Edith und Martin ziehen mit dem Ventje auf dem Campingplatz viel Aufmerksamkeit auf sich. \u201eVoller Stolz zeigen wir unseren Ventje.\u201c","og_url":"https:\/\/ventje.com\/de\/erfahrungen\/durchs-land-touren\/","og_site_name":"Ventje","article_publisher":"https:\/\/www.facebook.com\/ventjecamper\/","article_modified_time":"2024-04-08T09:50:49+00:00","schema":{"@context":"https:\/\/schema.org","@graph":[{"@type":"WebPage","@id":"https:\/\/ventje.com\/de\/erfahrungen\/durchs-land-touren\/","url":"https:\/\/ventje.com\/de\/erfahrungen\/durchs-land-touren\/","name":"Durchs Land touren - Ventje","isPartOf":{"@id":"https:\/\/ventje.com\/de\/#website"},"datePublished":"2020-11-15T15:31:49+00:00","dateModified":"2024-04-08T09:50:49+00:00","description":"Edith und Martin ziehen mit dem Ventje auf dem Campingplatz viel Aufmerksamkeit auf sich. \u201eVoller Stolz zeigen wir unseren Ventje.\u201c","breadcrumb":{"@id":"https:\/\/ventje.com\/de\/erfahrungen\/durchs-land-touren\/#breadcrumb"},"inLanguage":"de","potentialAction":[{"@type":"ReadAction","target":["https:\/\/ventje.com\/de\/erfahrungen\/durchs-land-touren\/"]}]},{"@type":"BreadcrumbList","@id":"https:\/\/ventje.com\/de\/erfahrungen\/durchs-land-touren\/#breadcrumb","itemListElement":[{"@type":"ListItem","position":1,"name":"Home","item":"https:\/\/ventje.com\/de\/"},{"@type":"ListItem","position":2,"name":"Erfahrungen","item":"https:\/\/ventje.com\/de\/erfahrungen\/"},{"@type":"ListItem","position":3,"name":"Durchs Land touren"}]},{"@type":"WebSite","@id":"https:\/\/ventje.com\/de\/#website","url":"https:\/\/ventje.com\/de\/","name":"Ventje","description":"Ultieme vrijheid staat voor de deur.","publisher":{"@id":"https:\/\/ventje.com\/de\/#organization"},"potentialAction":[{"@type":"SearchAction","target":{"@type":"EntryPoint","urlTemplate":"https:\/\/ventje.com\/de\/?s={search_term_string}"},"query-input":{"@type":"PropertyValueSpecification","valueRequired":true,"valueName":"search_term_string"}}],"inLanguage":"de"},{"@type":"Organization","@id":"https:\/\/ventje.com\/de\/#organization","name":"Ventje","url":"https:\/\/ventje.com\/de\/","logo":{"@type":"ImageObject","inLanguage":"de","@id":"https:\/\/ventje.com\/de\/#\/schema\/logo\/image\/","url":"","contentUrl":"","caption":"Ventje"},"image":{"@id":"https:\/\/ventje.com\/de\/#\/schema\/logo\/image\/"},"sameAs":["https:\/\/www.facebook.com\/ventjecamper\/","https:\/\/www.instagram.com\/ventje_camper\/"]}]}},"_links":{"self":[{"href":"https:\/\/ventje.com\/de\/wp-json\/wp\/v2\/pages\/33639","targetHints":{"allow":["GET"]}}],"collection":[{"href":"https:\/\/ventje.com\/de\/wp-json\/wp\/v2\/pages"}],"about":[{"href":"https:\/\/ventje.com\/de\/wp-json\/wp\/v2\/types\/page"}],"author":[{"embeddable":true,"href":"https:\/\/ventje.com\/de\/wp-json\/wp\/v2\/users\/3"}],"replies":[{"embeddable":true,"href":"https:\/\/ventje.com\/de\/wp-json\/wp\/v2\/comments?post=33639"}],"version-history":[{"count":5,"href":"https:\/\/ventje.com\/de\/wp-json\/wp\/v2\/pages\/33639\/revisions"}],"predecessor-version":[{"id":286443,"href":"https:\/\/ventje.com\/de\/wp-json\/wp\/v2\/pages\/33639\/revisions\/286443"}],"up":[{"embeddable":true,"href":"https:\/\/ventje.com\/de\/wp-json\/wp\/v2\/pages\/42805"}],"wp:attachment":[{"href":"https:\/\/ventje.com\/de\/wp-json\/wp\/v2\/media?parent=33639"}],"curies":[{"name":"wp","href":"https:\/\/api.w.org\/{rel}","templated":true}]}}