{"id":33833,"date":"2021-06-24T16:33:41","date_gmt":"2021-06-24T14:33:41","guid":{"rendered":"https:\/\/ventje.com\/red-dot-award\/"},"modified":"2025-09-12T13:30:11","modified_gmt":"2025-09-12T13:30:11","slug":"red-dot-design-award","status":"publish","type":"page","link":"https:\/\/ventje.com\/de\/artikel\/red-dot-design-award\/","title":{"rendered":"Red Dot Award"},"content":{"rendered":"<p>[et_pb_section fb_built=&#8220;1&#8243; _builder_version=&#8220;4.23.1&#8243; background_color=&#8220;rgba(0,0,0,0.61)&#8220; background_image=&#8220;https:\/\/ventje.com\/wp-content\/uploads\/2023\/11\/lounge-opstellinge-ventje-camper.webp&#8220; background_blend=&#8220;multiply&#8220; height=&#8220;450px&#8220; custom_margin=&#8220;0px||30px||false|false&#8220; custom_padding=&#8220;0px||0px||false|false&#8220; global_colors_info=&#8220;{}&#8220;][et_pb_row make_equal=&#8220;on&#8220; _builder_version=&#8220;4.16&#8243; background_color=&#8220;rgba(0,0,0,0)&#8220; background_enable_image=&#8220;off&#8220; width=&#8220;100%&#8220; module_alignment=&#8220;center&#8220; min_height_phone=&#8220;300px&#8220; min_height_last_edited=&#8220;off|tablet&#8220; height=&#8220;500px&#8220; height_tablet=&#8220;400px&#8220; height_phone=&#8220;300px&#8220; height_last_edited=&#8220;on|phone&#8220; custom_margin=&#8220;||||false|false&#8220; custom_padding=&#8220;||||false|false&#8220; global_colors_info=&#8220;{}&#8220;][et_pb_column type=&#8220;4_4&#8243; _builder_version=&#8220;4.16&#8243; global_colors_info=&#8220;{}&#8220;][et_pb_text _builder_version=&#8220;4.18.0&#8243; text_font=&#8220;Futura book|700|||||||&#8220; header_font=&#8220;Futura book|700|||||||&#8220; header_text_align=&#8220;center&#8220; header_2_font=&#8220;|300|||||||&#8220; header_2_font_size=&#8220;50px&#8220; positioning=&#8220;relative&#8220; vertical_offset=&#8220;-107px&#8220; text_orientation=&#8220;center&#8220; background_layout=&#8220;dark&#8220; max_width=&#8220;70%&#8220; max_width_tablet=&#8220;75%&#8220; max_width_phone=&#8220;80%&#8220; max_width_last_edited=&#8220;on|desktop&#8220; module_alignment=&#8220;center&#8220; custom_margin=&#8220;235px|0px|0px|0px|false|false&#8220; custom_margin_tablet=&#8220;245px||||false|false&#8220; custom_margin_phone=&#8220;260px||||false|false&#8220; custom_margin_last_edited=&#8220;on|phone&#8220; custom_padding=&#8220;||||false|false&#8220; header_font_size_tablet=&#8220;&#8220; header_font_size_phone=&#8220;25px&#8220; header_font_size_last_edited=&#8220;on|phone&#8220; header_2_font_size_tablet=&#8220;50px&#8220; header_2_font_size_phone=&#8220;35px&#8220; header_2_font_size_last_edited=&#8220;on|phone&#8220; text_text_align=&#8220;center&#8220; global_colors_info=&#8220;{}&#8220; custom_margin__hover_enabled=&#8220;off|desktop&#8220; custom_padding__hover_enabled=&#8220;on|desktop&#8220; custom_padding__hover=&#8220;|0px|0px|0px|false|false&#8220;]<\/p>\n<h1>Red Dot Design Award.<\/h1>\n<h2>Der internationale Designaward f\u00fcr Produktdesign.<\/h2>\n<p>[\/et_pb_text][\/et_pb_column][\/et_pb_row][\/et_pb_section][et_pb_section fb_built=&#8220;1&#8243; _builder_version=&#8220;4.27.0&#8243; _module_preset=&#8220;default&#8220; background_color=&#8220;RGBA(255,255,255,0)&#8220; width=&#8220;100%&#8220; width_tablet=&#8220;100%&#8220; width_phone=&#8220;100%&#8220; width_last_edited=&#8220;on|desktop&#8220; module_alignment=&#8220;center&#8220; custom_margin=&#8220;75px||0px||false|false&#8220; custom_padding=&#8220;0px||||false|false&#8220; global_colors_info=&#8220;{}&#8220;][et_pb_row _builder_version=&#8220;4.27.4&#8243; background_color=&#8220;#FFFFFF&#8220; width=&#8220;100%&#8220; width_tablet=&#8220;&#8220; width_phone=&#8220;100%&#8220; width_last_edited=&#8220;on|desktop&#8220; max_width_tablet=&#8220;100%&#8220; max_width_phone=&#8220;2560%&#8220; max_width_last_edited=&#8220;on|tablet&#8220; custom_margin=&#8220;0px|auto|0px|auto|false|false&#8220; custom_margin_tablet=&#8220;||-80px||false|false&#8220; custom_margin_phone=&#8220;||||false|false&#8220; custom_margin_last_edited=&#8220;on|tablet&#8220; custom_padding=&#8220;||0px||false|false&#8220; hover_enabled=&#8220;0&#8243; locked=&#8220;off&#8220; global_colors_info=&#8220;{}&#8220; sticky_enabled=&#8220;0&#8243;][et_pb_column type=&#8220;4_4&#8243; _builder_version=&#8220;4.18.0&#8243; global_colors_info=&#8220;{}&#8220;][et_pb_testimonial author=&#8220;Red Dot Jury&#8220; job_title=&#8220;Artikel lesen&#8220; url=&#8220;https:\/\/www.red-dot.org\/project\/eventje-70180&#8243; url_new_window=&#8220;on&#8220; portrait_url=&#8220;https:\/\/ventje.com\/wp-content\/uploads\/2023\/09\/red-dot-award-logo.webp&#8220; quote_icon_background_color=&#8220;RGBA(255,255,255,0)&#8220; _builder_version=&#8220;4.27.4&#8243; body_text_align=&#8220;center&#8220; author_font=&#8220;|300|||||||&#8220; author_text_align=&#8220;center&#8220; position_font=&#8220;||||||||&#8220; background_enable_color=&#8220;off&#8220; use_background_color=&#8220;off&#8220; text_orientation=&#8220;center&#8220; custom_margin=&#8220;||||false|false&#8220; custom_padding=&#8220;||46px|25px|false|false&#8220; link_option_url=&#8220;https:\/\/www.red-dot.org\/project\/eventje-70180&#8243; link_option_url_new_window=&#8220;on&#8220; hover_enabled=&#8220;0&#8243; custom_css_testimonial_description=&#8220;margin-right: 140px;&#8220; custom_css_testimonial_author=&#8220;font-weight: bold;&#8220; custom_css_testimonial_meta=&#8220;color: #f3a713;&#8220; border_color_all_portrait=&#8220;RGBA(0,0,0,0)&#8220; border_style_all_portrait=&#8220;none&#8220; global_colors_info=&#8220;{}&#8220; height=&#8220;200px&#8220; sticky_enabled=&#8220;0&#8243;]<\/p>\n<p>\u201eDank clever durchdachter Funktionen ist das eVentje ein anpassungsf\u00e4higes, kleines Wohnmobil, das wirklich beeindruckt.&#8220;<\/p>\n<p>[\/et_pb_testimonial][\/et_pb_column][\/et_pb_row][\/et_pb_section][et_pb_section fb_built=&#8220;1&#8243; _builder_version=&#8220;4.23.1&#8243; background_color=&#8220;RGBA(255,255,255,0)&#8220; custom_margin=&#8220;0px||0px||true|false&#8220; custom_padding=&#8220;0px||0px||false|false&#8220; global_colors_info=&#8220;{}&#8220;][et_pb_row _builder_version=&#8220;4.27.4&#8243; background_enable_color=&#8220;off&#8220; width=&#8220;100%&#8220; module_alignment=&#8220;center&#8220; custom_margin=&#8220;0px|0px|0px|0px|false|false&#8220; custom_padding=&#8220;0px|0px|0px|0px|false|true&#8220; hover_enabled=&#8220;0&#8243; global_colors_info=&#8220;{}&#8220; height=&#8220;826px&#8220; sticky_enabled=&#8220;0&#8243;][et_pb_column type=&#8220;4_4&#8243; _builder_version=&#8220;4.16&#8243; global_colors_info=&#8220;{}&#8220;][et_pb_text _builder_version=&#8220;4.27.4&#8243; header_text_align=&#8220;left&#8220; header_2_font=&#8220;|700|||||||&#8220; background_enable_color=&#8220;off&#8220; width=&#8220;100%&#8220; module_alignment=&#8220;center&#8220; custom_margin=&#8220;0px|0px|0px|0px|false|false&#8220; custom_margin_tablet=&#8220;30px|0px|0px|0px|false|false&#8220; custom_margin_phone=&#8220;|30px|||false|false&#8220; custom_margin_last_edited=&#8220;on|phone&#8220; custom_padding=&#8220;30px|30px|30px|30px|false|false&#8220; hover_enabled=&#8220;0&#8243; global_colors_info=&#8220;{}&#8220; sticky_enabled=&#8220;0&#8243;]<\/p>\n<p><span style=\"font-weight: bold;\">Red Dot Design Award &#8211; Jury-Bericht 2024<\/span><br \/>Das eVentje basiert auf dem \u201eID. Buzz\u201c-Camper und bietet dank eines speziell entwickelten Systems flexible Nutzungsm\u00f6glichkeiten. Durch das Verschieben der Vordersitze kann der Sitz- und Liegebereich vergr\u00f6\u00dfert werden. Die Sitzanordnung selbst kann mithilfe von Kissen mit stabilen R\u00fcckenlehnen, Federn und Magneten variiert werden, um Esspl\u00e4tze, ein Loungesofa oder sogar ein Bett zu schaffen. Der Kochbereich kann sowohl von innen als auch von au\u00dfen in Stehh\u00f6he genutzt werden, wobei der K\u00fchlschrank, der M\u00fclleimer und die Schubladen ebenfalls von beiden Seiten zug\u00e4nglich sind.<\/p>\n<p>[\/et_pb_text][et_pb_video src=&#8220;https:\/\/youtu.be\/BK7QYvbGDu8&#8243; _builder_version=&#8220;4.16&#8243; _module_preset=&#8220;default&#8220; width=&#8220;75%&#8220; max_width=&#8220;75%&#8220; module_alignment=&#8220;center&#8220; custom_margin=&#8220;30px||30px||false|false&#8220; custom_padding=&#8220;||||false|false&#8220; global_colors_info=&#8220;{}&#8220;][\/et_pb_video][\/et_pb_column][\/et_pb_row][\/et_pb_section][et_pb_section fb_built=&#8220;1&#8243; _builder_version=&#8220;4.23.1&#8243; _module_preset=&#8220;default&#8220; background_color=&#8220;RGBA(255,255,255,0)&#8220; width=&#8220;100%&#8220; width_tablet=&#8220;100%&#8220; width_phone=&#8220;100%&#8220; width_last_edited=&#8220;on|desktop&#8220; module_alignment=&#8220;center&#8220; global_colors_info=&#8220;{}&#8220;][et_pb_row _builder_version=&#8220;4.27.4&#8243; background_color=&#8220;#FFFFFF&#8220; width=&#8220;100%&#8220; width_tablet=&#8220;&#8220; width_phone=&#8220;100%&#8220; width_last_edited=&#8220;on|desktop&#8220; max_width_tablet=&#8220;100%&#8220; max_width_phone=&#8220;2560%&#8220; max_width_last_edited=&#8220;on|tablet&#8220; custom_margin=&#8220;0px|auto|-99px|auto|false|false&#8220; custom_margin_tablet=&#8220;||-80px||false|false&#8220; custom_margin_phone=&#8220;||||false|false&#8220; custom_margin_last_edited=&#8220;on|tablet&#8220; custom_padding=&#8220;||0px||false|false&#8220; hover_enabled=&#8220;0&#8243; locked=&#8220;off&#8220; global_colors_info=&#8220;{}&#8220; height=&#8220;200px&#8220; sticky_enabled=&#8220;0&#8243;][et_pb_column type=&#8220;4_4&#8243; _builder_version=&#8220;4.18.0&#8243; global_colors_info=&#8220;{}&#8220;][et_pb_testimonial author=&#8220;Red Dot Jury&#8220; job_title=&#8220;Artikel lesen&#8220; url=&#8220;https:\/\/www.red-dot.org\/project\/ventje-53450&#8243; url_new_window=&#8220;on&#8220; portrait_url=&#8220;https:\/\/ventje.com\/wp-content\/uploads\/2023\/09\/red-dot-award-logo.webp&#8220; quote_icon_background_color=&#8220;RGBA(255,255,255,0)&#8220; _builder_version=&#8220;4.27.4&#8243; body_text_align=&#8220;center&#8220; author_font=&#8220;|300|||||||&#8220; author_text_align=&#8220;center&#8220; position_font=&#8220;||||||||&#8220; background_enable_color=&#8220;off&#8220; use_background_color=&#8220;off&#8220; text_orientation=&#8220;center&#8220; custom_margin=&#8220;-1px||||false|false&#8220; custom_padding=&#8220;27px|||25px|false|false&#8220; hover_enabled=&#8220;0&#8243; custom_css_testimonial_description=&#8220;margin-right: 140px;&#8220; custom_css_testimonial_author=&#8220;font-weight: bold;&#8220; custom_css_testimonial_meta=&#8220;color: #f3a713;&#8220; border_color_all_portrait=&#8220;RGBA(0,0,0,0)&#8220; border_style_all_portrait=&#8220;none&#8220; global_colors_info=&#8220;{}&#8220; sticky_enabled=&#8220;0&#8243;]<\/p>\n<p>\u201eAuf kleinstem Raum bietet Ventje erstaunlich viele Nutzungsszenarien und damit ein besonderes Gebrauchserlebnis.\u201c<\/p>\n<p>[\/et_pb_testimonial][\/et_pb_column][\/et_pb_row][\/et_pb_section][et_pb_section fb_built=&#8220;1&#8243; _builder_version=&#8220;4.23.1&#8243; _module_preset=&#8220;default&#8220; background_color=&#8220;RGBA(255,255,255,0)&#8220; hover_enabled=&#8220;0&#8243; global_colors_info=&#8220;{}&#8220; sticky_enabled=&#8220;0&#8243;][et_pb_row _builder_version=&#8220;4.23.1&#8243; background_enable_color=&#8220;off&#8220; width=&#8220;100%&#8220; module_alignment=&#8220;center&#8220; custom_margin=&#8220;||||false|false&#8220; custom_padding=&#8220;||0px||false|true&#8220; hover_enabled=&#8220;0&#8243; locked=&#8220;off&#8220; global_colors_info=&#8220;{}&#8220; sticky_enabled=&#8220;0&#8243;][et_pb_column type=&#8220;4_4&#8243; _builder_version=&#8220;4.16&#8243; global_colors_info=&#8220;{}&#8220;][et_pb_text _builder_version=&#8220;4.27.4&#8243; header_text_align=&#8220;left&#8220; header_2_font=&#8220;|700|||||||&#8220; background_enable_color=&#8220;off&#8220; width=&#8220;100%&#8220; module_alignment=&#8220;center&#8220; custom_margin=&#8220;0px|0px|0px|0px|false|false&#8220; custom_margin_tablet=&#8220;30px|0px|0px|0px|false|false&#8220; custom_margin_phone=&#8220;|30px|||false|false&#8220; custom_margin_last_edited=&#8220;on|desktop&#8220; custom_padding=&#8220;30px|30px|30px|30px|false|false&#8220; hover_enabled=&#8220;0&#8243; global_colors_info=&#8220;{}&#8220; sticky_enabled=&#8220;0&#8243;]<\/p>\n<p><span style=\"font-weight: bold;\">Red Dot Design Award &#8211; Jury-Bericht 2021<\/span><br \/><span class=\"s1\">Ventje ist ein kleiner Campingbus mit innovativem Interieurdesign. <a href=\"https:\/\/ventje.com\/de\/camper-innenausbau\/kuechen-kostprobe\/\">Die K\u00fcche befindet sich hinter der Heckklappe<\/a> und ist so gestaltet, dass sich Kocheinheit, K\u00fchlschrank und Abfalleimer von innen wie von au\u00dfen nutzen lassen. Auch die Schubladen \u00f6ffnen sich zu beiden Seiten. Die Sitzanordnung kann dank <a href=\"https:\/\/ventje.com\/de\/innenausbau\/flexible-einrichtung\/\">eines neuartigen Systems<\/a> und Kissen mit stabiler R\u00fcckseite flexibel ver\u00e4ndert werden und so als Essbereich, Loungesofa oder Bett dienen. In Kombination mit entsprechenden Gestellen werden die Kissen zudem zu Campingst\u00fchlen.<\/span><\/p>\n<p><strong>Was macht den Camper \u201eVentje\u201c so besonders?<\/strong><br \/>Ventje ist ein Ausbausystem f\u00fcr Volkswagen Busse oder Transporter, das einen schnellen und einfachen Umbau zum Camper erm\u00f6glicht. Mit diesem Produkt treffen die Hersteller und Designer den Nerv der Zeit, denn es erm\u00f6glicht den maximalen Nutzen aus einem potenziell bereits verf\u00fcgbaren oder relativ g\u00fcnstig zu erwerbenden Fahrzeug zu ziehen. Das Aufwand-Nutzen-Verh\u00e4ltnis dieser L\u00f6sung ist hervorragend. Es ist im Grunde sehr einfach, modular und logisch, mit \u00fcberraschenden Details \u2013 und es ist smart und praktisch.<\/p>\n<p><strong>Ventje ist ein Beispiel daf\u00fcr, was gutes Design auszeichnet. Wieso?<\/strong><br \/><a href=\"https:\/\/ventje.com\/de\/camper-innenausbau\/qualitaet\/\">Das Expertenwissen der Designer ist deutlich erkennbar.<\/a> Die L\u00f6sung bietet eine Vielzahl unerwarteter, guter und vielf\u00e4ltiger Antworten auf die Fragen, die bei der Nutzung eines Campervans auftreten. Dennoch beh\u00e4lt Ventje den Charme eines Kleinserienprodukts, ist aber gleichzeitig ein Beispiel daf\u00fcr, wie professionelle Designf\u00e4higkeiten und Kreativit\u00e4t herausragende und \u00fcberraschende L\u00f6sungen entwickeln und diese zu einem schl\u00fcssigen Gesch\u00e4ftsmodell zusammenf\u00fchren k\u00f6nnen \u2013 selbst in einer hochindustrialisierten Welt. Es zeigt das Potenzial, das Design hat.<\/p>\n<p>~ Prof. Lutz F\u00fcgener<\/p>\n<p>[\/et_pb_text][\/et_pb_column][\/et_pb_row][\/et_pb_section][et_pb_section fb_built=&#8220;1&#8243; _builder_version=&#8220;4.27.0&#8243; background_color=&#8220;RGBA(255,255,255,0)&#8220; custom_margin=&#8220;30px||||false|false&#8220; custom_margin_tablet=&#8220;-45px||-13px||false|false&#8220; custom_margin_phone=&#8220;-45px||-13px||false|false&#8220; custom_margin_last_edited=&#8220;off|desktop&#8220; custom_padding=&#8220;0px||0px|||&#8220; global_colors_info=&#8220;{}&#8220;][et_pb_row column_structure=&#8220;1_2,1_2&#8243; _builder_version=&#8220;4.18.0&#8243; background_enable_color=&#8220;off&#8220; min_height=&#8220;43px&#8220; custom_margin=&#8220;0px|auto||auto|false|false&#8220; custom_padding=&#8220;||0px||false|false&#8220; link_option_url=&#8220;https:\/\/www.red-dot.org\/project\/ventje-53450&#8243; global_colors_info=&#8220;{}&#8220;][et_pb_column type=&#8220;1_2&#8243; _builder_version=&#8220;4.16&#8243; global_colors_info=&#8220;{}&#8220;][et_pb_button button_url=&#8220;https:\/\/www.red-dot.org\/project\/ventje-53450&#8243; url_new_window=&#8220;on&#8220; button_text=&#8220;Zum Artikel&#8220; button_alignment=&#8220;center&#8220; button_alignment_tablet=&#8220;&#8220; button_alignment_phone=&#8220;&#8220; button_alignment_last_edited=&#8220;on|desktop&#8220; module_class=&#8220;bottom-button&#8220; _builder_version=&#8220;4.20.0&#8243; custom_button=&#8220;on&#8220; button_icon=&#8220;&#x45;||divi||400&#8243; custom_margin_tablet=&#8220;||30px||false|false&#8220; custom_margin_phone=&#8220;||0px||false|false&#8220; custom_margin_last_edited=&#8220;on|tablet&#8220; custom_padding=&#8220;||||false|false&#8220; custom_padding_tablet=&#8220;||||false|false&#8220; custom_padding_phone=&#8220;||||false|false&#8220; custom_padding_last_edited=&#8220;on|desktop&#8220; hover_transition_speed_curve=&#8220;ease-in-out&#8220; custom_css_before=&#8220;||&#8220; custom_css_main_element=&#8220;||&#8220; custom_css_after=&#8220;||&#8220; global_colors_info=&#8220;{}&#8220;][\/et_pb_button][\/et_pb_column][et_pb_column type=&#8220;1_2&#8243; _builder_version=&#8220;4.16&#8243; global_colors_info=&#8220;{}&#8220;][et_pb_button button_url=&#8220;@ET-DC@eyJkeW5hbWljIjp0cnVlLCJjb250ZW50IjoicG9zdF9saW5rX3VybF9wYWdlIiwic2V0dGluZ3MiOnsicG9zdF9pZCI6IjE5MyIsImVuYWJsZV9odG1sIjoib2ZmIn19@&#8220; button_text=&#8220;Zur\u00fcck zu den Artikeln&#8220; button_alignment=&#8220;center&#8220; button_alignment_tablet=&#8220;&#8220; button_alignment_phone=&#8220;&#8220; button_alignment_last_edited=&#8220;on|desktop&#8220; module_class=&#8220;bottom-button&#8220; _builder_version=&#8220;4.20.4&#8243; _dynamic_attributes=&#8220;button_url&#8220; custom_button=&#8220;on&#8220; button_icon=&#8220;&#x44;||divi||400&#8243; button_icon_placement=&#8220;left&#8220; custom_padding=&#8220;||||false|false&#8220; custom_padding_tablet=&#8220;||||false|false&#8220; custom_padding_phone=&#8220;||||false|false&#8220; custom_padding_last_edited=&#8220;on|desktop&#8220; hover_transition_speed_curve=&#8220;ease-in-out&#8220; custom_css_before=&#8220;||&#8220; custom_css_after=&#8220;||&#8220; global_colors_info=&#8220;{}&#8220;][\/et_pb_button][\/et_pb_column][\/et_pb_row][\/et_pb_section]<\/p>\n","protected":false},"excerpt":{"rendered":"<p>Red Dot Design Award. Der internationale Designaward f\u00fcr Produktdesign.\u201eDank clever durchdachter Funktionen ist das eVentje ein anpassungsf\u00e4higes, kleines Wohnmobil, das wirklich beeindruckt.&#8220;Red Dot Design Award &#8211; Jury-Bericht 2024Das eVentje basiert auf dem \u201eID. Buzz\u201c-Camper und bietet dank eines speziell entwickelten Systems flexible Nutzungsm\u00f6glichkeiten. Durch das Verschieben der Vordersitze kann der Sitz- und Liegebereich vergr\u00f6\u00dfert werden. [&hellip;]<\/p>\n","protected":false},"author":6,"featured_media":0,"parent":45254,"menu_order":23,"comment_status":"closed","ping_status":"closed","template":"","meta":{"_acf_changed":false,"_et_pb_use_builder":"on","_et_pb_old_content":"","_et_gb_content_width":"","footnotes":""},"class_list":["post-33833","page","type-page","status-publish","hentry"],"acf":[],"yoast_head":"<!-- This site is optimized with the Yoast SEO plugin v27.4 - https:\/\/yoast.com\/product\/yoast-seo-wordpress\/ -->\n<title>Gewinner Red Dot Design Award 2021 - Ventje Camper<\/title>\n<meta name=\"description\" content=\"Der Red Dot Design Award ist der internationale Designpreis f\u00fcr Produktdesign. Lest du den Bericht der Red Dot Jury hier.\" \/>\n<meta name=\"robots\" content=\"index, follow, max-snippet:-1, max-image-preview:large, max-video-preview:-1\" \/>\n<link rel=\"canonical\" href=\"https:\/\/ventje.com\/de\/artikel\/red-dot-design-award\/\" \/>\n<meta property=\"og:locale\" content=\"de_DE\" \/>\n<meta property=\"og:type\" content=\"article\" \/>\n<meta property=\"og:title\" content=\"Gewinner Red Dot Design Award 2021 - Ventje Camper\" \/>\n<meta property=\"og:description\" content=\"Der Red Dot Design Award ist der internationale Designpreis f\u00fcr Produktdesign. Lest du den Bericht der Red Dot Jury hier.\" \/>\n<meta property=\"og:url\" content=\"https:\/\/ventje.com\/de\/artikel\/red-dot-design-award\/\" \/>\n<meta property=\"og:site_name\" content=\"Ventje\" \/>\n<meta property=\"article:publisher\" content=\"https:\/\/www.facebook.com\/ventjecamper\/\" \/>\n<meta property=\"article:modified_time\" content=\"2025-09-12T13:30:11+00:00\" \/>\n<script type=\"application\/ld+json\" class=\"yoast-schema-graph\">{\"@context\":\"https:\\\/\\\/schema.org\",\"@graph\":[{\"@type\":\"WebPage\",\"@id\":\"https:\\\/\\\/ventje.com\\\/de\\\/artikel\\\/red-dot-design-award\\\/\",\"url\":\"https:\\\/\\\/ventje.com\\\/de\\\/artikel\\\/red-dot-design-award\\\/\",\"name\":\"Gewinner Red Dot Design Award 2021 - Ventje Camper\",\"isPartOf\":{\"@id\":\"https:\\\/\\\/ventje.com\\\/de\\\/#website\"},\"datePublished\":\"2021-06-24T14:33:41+00:00\",\"dateModified\":\"2025-09-12T13:30:11+00:00\",\"description\":\"Der Red Dot Design Award ist der internationale Designpreis f\u00fcr Produktdesign. Lest du den Bericht der Red Dot Jury hier.\",\"breadcrumb\":{\"@id\":\"https:\\\/\\\/ventje.com\\\/de\\\/artikel\\\/red-dot-design-award\\\/#breadcrumb\"},\"inLanguage\":\"de\",\"potentialAction\":[{\"@type\":\"ReadAction\",\"target\":[\"https:\\\/\\\/ventje.com\\\/de\\\/artikel\\\/red-dot-design-award\\\/\"]}]},{\"@type\":\"BreadcrumbList\",\"@id\":\"https:\\\/\\\/ventje.com\\\/de\\\/artikel\\\/red-dot-design-award\\\/#breadcrumb\",\"itemListElement\":[{\"@type\":\"ListItem\",\"position\":1,\"name\":\"Home\",\"item\":\"https:\\\/\\\/ventje.com\\\/de\\\/\"},{\"@type\":\"ListItem\",\"position\":2,\"name\":\"Artikel\",\"item\":\"https:\\\/\\\/ventje.com\\\/de\\\/artikel\\\/\"},{\"@type\":\"ListItem\",\"position\":3,\"name\":\"Red Dot Award\"}]},{\"@type\":\"WebSite\",\"@id\":\"https:\\\/\\\/ventje.com\\\/de\\\/#website\",\"url\":\"https:\\\/\\\/ventje.com\\\/de\\\/\",\"name\":\"Ventje\",\"description\":\"Ultieme vrijheid staat voor de deur.\",\"publisher\":{\"@id\":\"https:\\\/\\\/ventje.com\\\/de\\\/#organization\"},\"potentialAction\":[{\"@type\":\"SearchAction\",\"target\":{\"@type\":\"EntryPoint\",\"urlTemplate\":\"https:\\\/\\\/ventje.com\\\/de\\\/?s={search_term_string}\"},\"query-input\":{\"@type\":\"PropertyValueSpecification\",\"valueRequired\":true,\"valueName\":\"search_term_string\"}}],\"inLanguage\":\"de\"},{\"@type\":\"Organization\",\"@id\":\"https:\\\/\\\/ventje.com\\\/de\\\/#organization\",\"name\":\"Ventje\",\"url\":\"https:\\\/\\\/ventje.com\\\/de\\\/\",\"logo\":{\"@type\":\"ImageObject\",\"inLanguage\":\"de\",\"@id\":\"https:\\\/\\\/ventje.com\\\/de\\\/#\\\/schema\\\/logo\\\/image\\\/\",\"url\":\"\",\"contentUrl\":\"\",\"caption\":\"Ventje\"},\"image\":{\"@id\":\"https:\\\/\\\/ventje.com\\\/de\\\/#\\\/schema\\\/logo\\\/image\\\/\"},\"sameAs\":[\"https:\\\/\\\/www.facebook.com\\\/ventjecamper\\\/\",\"https:\\\/\\\/www.instagram.com\\\/ventje_camper\\\/\"]}]}<\/script>\n<!-- \/ Yoast SEO plugin. -->","yoast_head_json":{"title":"Gewinner Red Dot Design Award 2021 - Ventje Camper","description":"Der Red Dot Design Award ist der internationale Designpreis f\u00fcr Produktdesign. Lest du den Bericht der Red Dot Jury hier.","robots":{"index":"index","follow":"follow","max-snippet":"max-snippet:-1","max-image-preview":"max-image-preview:large","max-video-preview":"max-video-preview:-1"},"canonical":"https:\/\/ventje.com\/de\/artikel\/red-dot-design-award\/","og_locale":"de_DE","og_type":"article","og_title":"Gewinner Red Dot Design Award 2021 - Ventje Camper","og_description":"Der Red Dot Design Award ist der internationale Designpreis f\u00fcr Produktdesign. Lest du den Bericht der Red Dot Jury hier.","og_url":"https:\/\/ventje.com\/de\/artikel\/red-dot-design-award\/","og_site_name":"Ventje","article_publisher":"https:\/\/www.facebook.com\/ventjecamper\/","article_modified_time":"2025-09-12T13:30:11+00:00","schema":{"@context":"https:\/\/schema.org","@graph":[{"@type":"WebPage","@id":"https:\/\/ventje.com\/de\/artikel\/red-dot-design-award\/","url":"https:\/\/ventje.com\/de\/artikel\/red-dot-design-award\/","name":"Gewinner Red Dot Design Award 2021 - Ventje Camper","isPartOf":{"@id":"https:\/\/ventje.com\/de\/#website"},"datePublished":"2021-06-24T14:33:41+00:00","dateModified":"2025-09-12T13:30:11+00:00","description":"Der Red Dot Design Award ist der internationale Designpreis f\u00fcr Produktdesign. Lest du den Bericht der Red Dot Jury hier.","breadcrumb":{"@id":"https:\/\/ventje.com\/de\/artikel\/red-dot-design-award\/#breadcrumb"},"inLanguage":"de","potentialAction":[{"@type":"ReadAction","target":["https:\/\/ventje.com\/de\/artikel\/red-dot-design-award\/"]}]},{"@type":"BreadcrumbList","@id":"https:\/\/ventje.com\/de\/artikel\/red-dot-design-award\/#breadcrumb","itemListElement":[{"@type":"ListItem","position":1,"name":"Home","item":"https:\/\/ventje.com\/de\/"},{"@type":"ListItem","position":2,"name":"Artikel","item":"https:\/\/ventje.com\/de\/artikel\/"},{"@type":"ListItem","position":3,"name":"Red Dot Award"}]},{"@type":"WebSite","@id":"https:\/\/ventje.com\/de\/#website","url":"https:\/\/ventje.com\/de\/","name":"Ventje","description":"Ultieme vrijheid staat voor de deur.","publisher":{"@id":"https:\/\/ventje.com\/de\/#organization"},"potentialAction":[{"@type":"SearchAction","target":{"@type":"EntryPoint","urlTemplate":"https:\/\/ventje.com\/de\/?s={search_term_string}"},"query-input":{"@type":"PropertyValueSpecification","valueRequired":true,"valueName":"search_term_string"}}],"inLanguage":"de"},{"@type":"Organization","@id":"https:\/\/ventje.com\/de\/#organization","name":"Ventje","url":"https:\/\/ventje.com\/de\/","logo":{"@type":"ImageObject","inLanguage":"de","@id":"https:\/\/ventje.com\/de\/#\/schema\/logo\/image\/","url":"","contentUrl":"","caption":"Ventje"},"image":{"@id":"https:\/\/ventje.com\/de\/#\/schema\/logo\/image\/"},"sameAs":["https:\/\/www.facebook.com\/ventjecamper\/","https:\/\/www.instagram.com\/ventje_camper\/"]}]}},"_links":{"self":[{"href":"https:\/\/ventje.com\/de\/wp-json\/wp\/v2\/pages\/33833","targetHints":{"allow":["GET"]}}],"collection":[{"href":"https:\/\/ventje.com\/de\/wp-json\/wp\/v2\/pages"}],"about":[{"href":"https:\/\/ventje.com\/de\/wp-json\/wp\/v2\/types\/page"}],"author":[{"embeddable":true,"href":"https:\/\/ventje.com\/de\/wp-json\/wp\/v2\/users\/6"}],"replies":[{"embeddable":true,"href":"https:\/\/ventje.com\/de\/wp-json\/wp\/v2\/comments?post=33833"}],"version-history":[{"count":38,"href":"https:\/\/ventje.com\/de\/wp-json\/wp\/v2\/pages\/33833\/revisions"}],"predecessor-version":[{"id":296679,"href":"https:\/\/ventje.com\/de\/wp-json\/wp\/v2\/pages\/33833\/revisions\/296679"}],"up":[{"embeddable":true,"href":"https:\/\/ventje.com\/de\/wp-json\/wp\/v2\/pages\/45254"}],"wp:attachment":[{"href":"https:\/\/ventje.com\/de\/wp-json\/wp\/v2\/media?parent=33833"}],"curies":[{"name":"wp","href":"https:\/\/api.w.org\/{rel}","templated":true}]}}