{"id":33854,"date":"2020-03-11T08:41:04","date_gmt":"2020-03-11T07:41:04","guid":{"rendered":"https:\/\/ventje.com\/rundumblick\/"},"modified":"2026-04-24T10:41:50","modified_gmt":"2026-04-24T08:41:50","slug":"rundumblick","status":"publish","type":"page","link":"https:\/\/ventje.com\/de\/erfahrungen\/rundumblick\/","title":{"rendered":"Rundumblick"},"content":{"rendered":"<p>[et_pb_section fb_built=&#8220;1&#8243; _builder_version=&#8220;4.22.1&#8243; use_background_color_gradient=&#8220;on&#8220; background_color_gradient_type=&#8220;elliptical&#8220; background_color_gradient_stops=&#8220;rgba(2,0,0,0.22) 0%|rgba(41,196,169,0) 100%&#8220; background_image=&#8220;https:\/\/ventje.com\/wp-content\/uploads\/2023\/09\/buiten-koken-bij-ventje-camper.webp&#8220; background_position=&#8220;bottom_center&#8220; background_vertical_offset=&#8220;21%&#8220; background_blend=&#8220;multiply&#8220; height=&#8220;450px&#8220; custom_margin=&#8220;||||false|false&#8220; custom_padding=&#8220;0px||0px||false|false&#8220; global_colors_info=&#8220;{}&#8220;][et_pb_row make_equal=&#8220;on&#8220; _builder_version=&#8220;4.18.0&#8243; background_color=&#8220;rgba(0,0,0,0)&#8220; background_enable_image=&#8220;off&#8220; width=&#8220;100%&#8220; module_alignment=&#8220;center&#8220; min_height_phone=&#8220;300px&#8220; min_height_last_edited=&#8220;off|tablet&#8220; height=&#8220;450px&#8220; height_tablet=&#8220;300px&#8220; height_phone=&#8220;200px&#8220; height_last_edited=&#8220;off|desktop&#8220; custom_margin=&#8220;||||false|false&#8220; custom_padding=&#8220;||||false|false&#8220; global_colors_info=&#8220;{}&#8220;][et_pb_column type=&#8220;4_4&#8243; _builder_version=&#8220;4.16&#8243; global_colors_info=&#8220;{}&#8220;][et_pb_text content_tablet=&#8220;<\/p>\n<h1 style=%22text-align: center;%22><span style=%22color: #ffffff; font-size: 40px;%22>\u201eDer Rundumblick ist<br \/>wirklich au\u00dfergew\u00f6hnlich.\u201c<\/span><\/h1>\n<p>&#8220; content_phone=&#8220;<\/p>\n<h1 style=%22text-align: center;%22><span style=%22color: #ffffff; font-size: 30px;%22>\u201eDer Rundumblick ist<br \/>wirklich au\u00dfergew\u00f6hnlich.\u201c<\/span><\/h1>\n<p>&#8220; content_last_edited=&#8220;off|desktop&#8220; _builder_version=&#8220;4.23.1&#8243; text_font=&#8220;Futura book|700|||||||&#8220; header_font=&#8220;Futura book|700|||||||&#8220; header_text_align=&#8220;center&#8220; header_2_font=&#8220;|300|||||||&#8220; header_2_font_size=&#8220;50px&#8220; positioning=&#8220;relative&#8220; vertical_offset=&#8220;-107px&#8220; text_orientation=&#8220;center&#8220; background_layout=&#8220;dark&#8220; max_width=&#8220;70%&#8220; max_width_tablet=&#8220;75%&#8220; max_width_phone=&#8220;80%&#8220; max_width_last_edited=&#8220;on|desktop&#8220; module_alignment=&#8220;center&#8220; custom_margin=&#8220;235px|0px|0px|0px|false|false&#8220; custom_margin_tablet=&#8220;245px||||false|false&#8220; custom_margin_phone=&#8220;260px||||false|false&#8220; custom_margin_last_edited=&#8220;on|phone&#8220; custom_padding=&#8220;||||false|false&#8220; hover_enabled=&#8220;0&#8243; header_font_size_tablet=&#8220;&#8220; header_font_size_phone=&#8220;25px&#8220; header_font_size_last_edited=&#8220;on|phone&#8220; header_2_font_size_tablet=&#8220;50px&#8220; header_2_font_size_phone=&#8220;35px&#8220; header_2_font_size_last_edited=&#8220;on|phone&#8220; header_text_shadow_style=&#8220;preset3&#8243; header_text_shadow_color=&#8220;rgba(0,0,0,0.42)&#8220; text_text_align=&#8220;center&#8220; global_colors_info=&#8220;{}&#8220; custom_margin__hover_enabled=&#8220;off|desktop&#8220; custom_padding__hover_enabled=&#8220;on|desktop&#8220; custom_padding__hover=&#8220;|0px|0px|0px|false|false&#8220; header_line_height=&#8220;1.7em&#8220; sticky_enabled=&#8220;0&#8243;]<\/p>\n<h1 style=\"text-align: center;\"><span style=\"color: #ffffff; font-size: 50px;\">\u201eDer Rundumblick ist wirklich au\u00dfergew\u00f6hnlich.\u201c<\/span><\/h1>\n<p>[\/et_pb_text][\/et_pb_column][\/et_pb_row][\/et_pb_section][et_pb_section fb_built=&#8220;1&#8243; _builder_version=&#8220;4.23.1&#8243; custom_margin=&#8220;||||false|false&#8220; custom_padding=&#8220;0px||0px||false|false&#8220; hover_enabled=&#8220;0&#8243; global_colors_info=&#8220;{}&#8220; background_color=&#8220;RGBA(255,255,255,0)&#8220; sticky_enabled=&#8220;0&#8243;][et_pb_row _builder_version=&#8220;4.23.1&#8243; width=&#8220;100%&#8220; custom_margin=&#8220;30px||||false|false&#8220; custom_padding=&#8220;|30px|30px|30px|false|true&#8220; hover_enabled=&#8220;0&#8243; global_colors_info=&#8220;{}&#8220; background_enable_color=&#8220;off&#8220; sticky_enabled=&#8220;0&#8243;][et_pb_column type=&#8220;4_4&#8243; _builder_version=&#8220;4.16&#8243; global_colors_info=&#8220;{}&#8220;][et_pb_text admin_label=&#8220;Text&#8220; _builder_version=&#8220;4.20.4&#8243; header_2_font=&#8220;|700|||||||&#8220; module_alignment=&#8220;center&#8220; custom_margin=&#8220;20px||||false|false&#8220; custom_margin_tablet=&#8220;0px||0px||false|false&#8220; custom_margin_last_edited=&#8220;off|desktop&#8220; custom_padding=&#8220;0px||0px||false|false&#8220; text_text_align=&#8220;left&#8220; global_colors_info=&#8220;{}&#8220;]<\/p>\n<h1><strong>Rundumblick<br \/><\/strong><\/h1>\n<p><span style=\"color: #f3a713;\">Juli 2020 | Anna &amp; Redmer<br \/><\/span><\/p>\n<p>Das erste, was an unserem Ventje auff\u00e4llt, ist die Gem\u00fctlichkeit im Vergleich zu anderen Campern. Die wirken durch die unnat\u00fcrlichen Kunststoffmaterialien im Innenraum oft etwas ungem\u00fctlich. Bei anderen Campern gibt es au\u00dferdem bei der Gestaltung des Innenraums kaum Auswahlm\u00f6glichkeiten, aber Ventje verwendet die von dir ausgesuchten Farben f\u00fcr die Kissen und Vorh\u00e4nge. Und das Beste ist die Rundumsicht. Das ist wirklich au\u00dfergew\u00f6hnlich, die meisten Camperbusse haben Oberschr\u00e4nke oder Staur\u00e4ume, mit denen man sich eingeengt f\u00fchlt. Im Ventje f\u00fchlt man sich als Teil der Natur.<\/p>\n<p><strong>Komfort<\/strong><br \/>Ein anderer Punkt, den wir an unserem Ventje wirklich m\u00f6gen, ist der Komfort. Die gut durchdachten und bequemen Sitzfl\u00e4chen lassen sich leicht in eine Loungeecke oder Outdoor-St\u00fchle verwandeln. Und obwohl es auch m\u00f6glich ist, in dem Aufstelldach zu schlafen, haben wir uns daf\u00fcr entschieden, die Sitzfl\u00e4che in ein bequemes Bett umzuwandeln. Ein Kniff, der in 4 Minuten erledigt ist \u2013 auch dank der durchdachten L\u00f6sung, die Bettw\u00e4sche ganz unkompliziert zu verstauen.<\/p>\n<p><strong>K\u00fcche<\/strong><br \/>Die Indoor-Outdoor-K\u00fcche ist immer einsatzbereit, auch bei schlechtem Wetter, und ein echter Eyecatcher. Einer sitzt auf dem Sofa und schnippelt, die andere kocht von drau\u00dfen \u2013 es gibt genug Platz. Andere Camper:innen m\u00fcssen sich daf\u00fcr in ihren Bus zur\u00fcckziehen und sind nicht mehr in der Natur.<\/p>\n<p><strong>Stauraum<\/strong><br \/>Last but not least zwei weitere Punkte: Der Stauraum ist gro\u00dfz\u00fcgig. Wir konnten alles unterbringen, was wir mitnehmen wollten. Und zweitens kommt man dank der kompakten Gr\u00f6\u00dfe des Busses \u00fcberall hin. Der Ventje Campervan f\u00e4hrt sich wie ein komfortables Auto.<\/p>\n<p>[\/et_pb_text][\/et_pb_column][\/et_pb_row][\/et_pb_section][et_pb_section fb_built=&#8220;1&#8243; _builder_version=&#8220;4.23.1&#8243; custom_margin=&#8220;30px||||false|false&#8220; custom_padding=&#8220;||||true|false&#8220; hover_enabled=&#8220;0&#8243; global_colors_info=&#8220;{}&#8220; background_color=&#8220;RGBA(255,255,255,0)&#8220; sticky_enabled=&#8220;0&#8243;][et_pb_row _builder_version=&#8220;4.22.1&#8243; _dynamic_attributes=&#8220;link_option_url&#8220; background_image=&#8220;https:\/\/ventje.com\/wp-content\/uploads\/2023\/09\/champagne-in-kampeerbus-ventje.webp&#8220; width=&#8220;100%&#8220; width_tablet=&#8220;100%&#8220; width_phone=&#8220;100%&#8220; width_last_edited=&#8220;on|tablet&#8220; height=&#8220;550px&#8220; height_tablet=&#8220;450px&#8220; height_phone=&#8220;350px&#8220; height_last_edited=&#8220;on|desktop&#8220; link_option_url=&#8220;@ET-DC@eyJkeW5hbWljIjp0cnVlLCJjb250ZW50IjoicG9zdF9saW5rX3VybF9wYWdlIiwic2V0dGluZ3MiOnsicG9zdF9pZCI6IjExOTA2In19@&#8220; global_colors_info=&#8220;{}&#8220;][et_pb_column type=&#8220;4_4&#8243; _builder_version=&#8220;4.16&#8243; global_colors_info=&#8220;{}&#8220;][\/et_pb_column][\/et_pb_row][\/et_pb_section][et_pb_section fb_built=&#8220;1&#8243; _builder_version=&#8220;4.23.1&#8243; custom_margin=&#8220;30px||||false|false&#8220; custom_margin_tablet=&#8220;-30px||15px||false|false&#8220; custom_margin_phone=&#8220;-30px||-15px||false|false&#8220; custom_margin_last_edited=&#8220;off|desktop&#8220; custom_padding=&#8220;0px||0px|||&#8220; hover_enabled=&#8220;0&#8243; global_colors_info=&#8220;{}&#8220; background_color=&#8220;RGBA(255,255,255,0)&#8220; sticky_enabled=&#8220;0&#8243;][et_pb_row _builder_version=&#8220;4.18.0&#8243; background_enable_color=&#8220;off&#8220; custom_margin=&#8220;|auto||auto|false|false&#8220; global_colors_info=&#8220;{}&#8220;][et_pb_column type=&#8220;4_4&#8243; _builder_version=&#8220;4.16&#8243; global_colors_info=&#8220;{}&#8220;][et_pb_button button_url=&#8220;@ET-DC@eyJkeW5hbWljIjp0cnVlLCJjb250ZW50IjoicG9zdF9saW5rX3VybF9wYWdlIiwic2V0dGluZ3MiOnsicG9zdF9pZCI6IjE5MDgifX0=@&#8220; button_text=&#8220;Zur\u00fcck zu Erfahrungen&#8220; button_alignment=&#8220;center&#8220; button_alignment_tablet=&#8220;&#8220; button_alignment_phone=&#8220;&#8220; button_alignment_last_edited=&#8220;on|desktop&#8220; module_class=&#8220;bottom-button&#8220; _builder_version=&#8220;4.20.4&#8243; _dynamic_attributes=&#8220;button_url&#8220; custom_button=&#8220;on&#8220; button_icon=&#8220;&#x44;||divi||400&#8243; button_icon_placement=&#8220;left&#8220; custom_padding=&#8220;||||false|false&#8220; custom_padding_tablet=&#8220;||||false|false&#8220; custom_padding_phone=&#8220;||||false|false&#8220; custom_padding_last_edited=&#8220;on|desktop&#8220; hover_transition_speed_curve=&#8220;ease-in-out&#8220; custom_css_before=&#8220;||&#8220; custom_css_after=&#8220;||&#8220; global_colors_info=&#8220;{}&#8220;][\/et_pb_button][\/et_pb_column][\/et_pb_row][\/et_pb_section]<\/p>\n","protected":false},"excerpt":{"rendered":"<p>\u201eDer Rundumblick ist wirklich au\u00dfergew\u00f6hnlich.\u201cRundumblick Juli 2020 | Anna &amp; Redmer Das erste, was an unserem Ventje auff\u00e4llt, ist die Gem\u00fctlichkeit im Vergleich zu anderen Campern. Die wirken durch die unnat\u00fcrlichen Kunststoffmaterialien im Innenraum oft etwas ungem\u00fctlich. Bei anderen Campern gibt es au\u00dferdem bei der Gestaltung des Innenraums kaum Auswahlm\u00f6glichkeiten, aber Ventje verwendet die von [&hellip;]<\/p>\n","protected":false},"author":2,"featured_media":0,"parent":42805,"menu_order":25,"comment_status":"closed","ping_status":"closed","template":"","meta":{"_acf_changed":false,"_et_pb_use_builder":"on","_et_pb_old_content":"","_et_gb_content_width":"","footnotes":""},"class_list":["post-33854","page","type-page","status-publish","hentry"],"acf":[],"yoast_head":"<!-- This site is optimized with the Yoast SEO plugin v27.5 - https:\/\/yoast.com\/product\/yoast-seo-wordpress\/ -->\n<title>Rundumblick - Ventje<\/title>\n<meta name=\"description\" content=\"Redmer und Anna f\u00fchlen sich als Teil der Natur. \u201eDas ist wirklich au\u00dfergew\u00f6hnlich, die meisten Camperbusse haben Oberschr\u00e4nke oder Staur\u00e4ume, mit denen man sich eingeengt f\u00fchlt.\u201c\" \/>\n<meta name=\"robots\" content=\"index, follow, max-snippet:-1, max-image-preview:large, max-video-preview:-1\" \/>\n<link rel=\"canonical\" href=\"https:\/\/ventje.com\/de\/erfahrungen\/rundumblick\/\" \/>\n<meta property=\"og:locale\" content=\"de_DE\" \/>\n<meta property=\"og:type\" content=\"article\" \/>\n<meta property=\"og:title\" content=\"Rundumblick - Ventje\" \/>\n<meta property=\"og:description\" content=\"Redmer und Anna f\u00fchlen sich als Teil der Natur. \u201eDas ist wirklich au\u00dfergew\u00f6hnlich, die meisten Camperbusse haben Oberschr\u00e4nke oder Staur\u00e4ume, mit denen man sich eingeengt f\u00fchlt.\u201c\" \/>\n<meta property=\"og:url\" content=\"https:\/\/ventje.com\/de\/erfahrungen\/rundumblick\/\" \/>\n<meta property=\"og:site_name\" content=\"Ventje\" \/>\n<meta property=\"article:publisher\" content=\"https:\/\/www.facebook.com\/ventjecamper\/\" \/>\n<meta property=\"article:modified_time\" content=\"2026-04-24T08:41:50+00:00\" \/>\n<script type=\"application\/ld+json\" class=\"yoast-schema-graph\">{\"@context\":\"https:\\\/\\\/schema.org\",\"@graph\":[{\"@type\":\"WebPage\",\"@id\":\"https:\\\/\\\/ventje.com\\\/de\\\/erfahrungen\\\/rundumblick\\\/\",\"url\":\"https:\\\/\\\/ventje.com\\\/de\\\/erfahrungen\\\/rundumblick\\\/\",\"name\":\"Rundumblick - Ventje\",\"isPartOf\":{\"@id\":\"https:\\\/\\\/ventje.com\\\/de\\\/#website\"},\"datePublished\":\"2020-03-11T07:41:04+00:00\",\"dateModified\":\"2026-04-24T08:41:50+00:00\",\"description\":\"Redmer und Anna f\u00fchlen sich als Teil der Natur. \u201eDas ist wirklich au\u00dfergew\u00f6hnlich, die meisten Camperbusse haben Oberschr\u00e4nke oder Staur\u00e4ume, mit denen man sich eingeengt f\u00fchlt.\u201c\",\"breadcrumb\":{\"@id\":\"https:\\\/\\\/ventje.com\\\/de\\\/erfahrungen\\\/rundumblick\\\/#breadcrumb\"},\"inLanguage\":\"de\",\"potentialAction\":[{\"@type\":\"ReadAction\",\"target\":[\"https:\\\/\\\/ventje.com\\\/de\\\/erfahrungen\\\/rundumblick\\\/\"]}]},{\"@type\":\"BreadcrumbList\",\"@id\":\"https:\\\/\\\/ventje.com\\\/de\\\/erfahrungen\\\/rundumblick\\\/#breadcrumb\",\"itemListElement\":[{\"@type\":\"ListItem\",\"position\":1,\"name\":\"Home\",\"item\":\"https:\\\/\\\/ventje.com\\\/de\\\/\"},{\"@type\":\"ListItem\",\"position\":2,\"name\":\"Erfahrungen\",\"item\":\"https:\\\/\\\/ventje.com\\\/de\\\/erfahrungen\\\/\"},{\"@type\":\"ListItem\",\"position\":3,\"name\":\"Rundumblick\"}]},{\"@type\":\"WebSite\",\"@id\":\"https:\\\/\\\/ventje.com\\\/de\\\/#website\",\"url\":\"https:\\\/\\\/ventje.com\\\/de\\\/\",\"name\":\"Ventje\",\"description\":\"Ultieme vrijheid staat voor de deur.\",\"publisher\":{\"@id\":\"https:\\\/\\\/ventje.com\\\/de\\\/#organization\"},\"potentialAction\":[{\"@type\":\"SearchAction\",\"target\":{\"@type\":\"EntryPoint\",\"urlTemplate\":\"https:\\\/\\\/ventje.com\\\/de\\\/?s={search_term_string}\"},\"query-input\":{\"@type\":\"PropertyValueSpecification\",\"valueRequired\":true,\"valueName\":\"search_term_string\"}}],\"inLanguage\":\"de\"},{\"@type\":\"Organization\",\"@id\":\"https:\\\/\\\/ventje.com\\\/de\\\/#organization\",\"name\":\"Ventje\",\"url\":\"https:\\\/\\\/ventje.com\\\/de\\\/\",\"logo\":{\"@type\":\"ImageObject\",\"inLanguage\":\"de\",\"@id\":\"https:\\\/\\\/ventje.com\\\/de\\\/#\\\/schema\\\/logo\\\/image\\\/\",\"url\":\"\",\"contentUrl\":\"\",\"caption\":\"Ventje\"},\"image\":{\"@id\":\"https:\\\/\\\/ventje.com\\\/de\\\/#\\\/schema\\\/logo\\\/image\\\/\"},\"sameAs\":[\"https:\\\/\\\/www.facebook.com\\\/ventjecamper\\\/\",\"https:\\\/\\\/www.instagram.com\\\/ventje_camper\\\/\"]}]}<\/script>\n<!-- \/ Yoast SEO plugin. -->","yoast_head_json":{"title":"Rundumblick - Ventje","description":"Redmer und Anna f\u00fchlen sich als Teil der Natur. \u201eDas ist wirklich au\u00dfergew\u00f6hnlich, die meisten Camperbusse haben Oberschr\u00e4nke oder Staur\u00e4ume, mit denen man sich eingeengt f\u00fchlt.\u201c","robots":{"index":"index","follow":"follow","max-snippet":"max-snippet:-1","max-image-preview":"max-image-preview:large","max-video-preview":"max-video-preview:-1"},"canonical":"https:\/\/ventje.com\/de\/erfahrungen\/rundumblick\/","og_locale":"de_DE","og_type":"article","og_title":"Rundumblick - Ventje","og_description":"Redmer und Anna f\u00fchlen sich als Teil der Natur. \u201eDas ist wirklich au\u00dfergew\u00f6hnlich, die meisten Camperbusse haben Oberschr\u00e4nke oder Staur\u00e4ume, mit denen man sich eingeengt f\u00fchlt.\u201c","og_url":"https:\/\/ventje.com\/de\/erfahrungen\/rundumblick\/","og_site_name":"Ventje","article_publisher":"https:\/\/www.facebook.com\/ventjecamper\/","article_modified_time":"2026-04-24T08:41:50+00:00","schema":{"@context":"https:\/\/schema.org","@graph":[{"@type":"WebPage","@id":"https:\/\/ventje.com\/de\/erfahrungen\/rundumblick\/","url":"https:\/\/ventje.com\/de\/erfahrungen\/rundumblick\/","name":"Rundumblick - Ventje","isPartOf":{"@id":"https:\/\/ventje.com\/de\/#website"},"datePublished":"2020-03-11T07:41:04+00:00","dateModified":"2026-04-24T08:41:50+00:00","description":"Redmer und Anna f\u00fchlen sich als Teil der Natur. \u201eDas ist wirklich au\u00dfergew\u00f6hnlich, die meisten Camperbusse haben Oberschr\u00e4nke oder Staur\u00e4ume, mit denen man sich eingeengt f\u00fchlt.\u201c","breadcrumb":{"@id":"https:\/\/ventje.com\/de\/erfahrungen\/rundumblick\/#breadcrumb"},"inLanguage":"de","potentialAction":[{"@type":"ReadAction","target":["https:\/\/ventje.com\/de\/erfahrungen\/rundumblick\/"]}]},{"@type":"BreadcrumbList","@id":"https:\/\/ventje.com\/de\/erfahrungen\/rundumblick\/#breadcrumb","itemListElement":[{"@type":"ListItem","position":1,"name":"Home","item":"https:\/\/ventje.com\/de\/"},{"@type":"ListItem","position":2,"name":"Erfahrungen","item":"https:\/\/ventje.com\/de\/erfahrungen\/"},{"@type":"ListItem","position":3,"name":"Rundumblick"}]},{"@type":"WebSite","@id":"https:\/\/ventje.com\/de\/#website","url":"https:\/\/ventje.com\/de\/","name":"Ventje","description":"Ultieme vrijheid staat voor de deur.","publisher":{"@id":"https:\/\/ventje.com\/de\/#organization"},"potentialAction":[{"@type":"SearchAction","target":{"@type":"EntryPoint","urlTemplate":"https:\/\/ventje.com\/de\/?s={search_term_string}"},"query-input":{"@type":"PropertyValueSpecification","valueRequired":true,"valueName":"search_term_string"}}],"inLanguage":"de"},{"@type":"Organization","@id":"https:\/\/ventje.com\/de\/#organization","name":"Ventje","url":"https:\/\/ventje.com\/de\/","logo":{"@type":"ImageObject","inLanguage":"de","@id":"https:\/\/ventje.com\/de\/#\/schema\/logo\/image\/","url":"","contentUrl":"","caption":"Ventje"},"image":{"@id":"https:\/\/ventje.com\/de\/#\/schema\/logo\/image\/"},"sameAs":["https:\/\/www.facebook.com\/ventjecamper\/","https:\/\/www.instagram.com\/ventje_camper\/"]}]}},"_links":{"self":[{"href":"https:\/\/ventje.com\/de\/wp-json\/wp\/v2\/pages\/33854","targetHints":{"allow":["GET"]}}],"collection":[{"href":"https:\/\/ventje.com\/de\/wp-json\/wp\/v2\/pages"}],"about":[{"href":"https:\/\/ventje.com\/de\/wp-json\/wp\/v2\/types\/page"}],"author":[{"embeddable":true,"href":"https:\/\/ventje.com\/de\/wp-json\/wp\/v2\/users\/2"}],"replies":[{"embeddable":true,"href":"https:\/\/ventje.com\/de\/wp-json\/wp\/v2\/comments?post=33854"}],"version-history":[{"count":17,"href":"https:\/\/ventje.com\/de\/wp-json\/wp\/v2\/pages\/33854\/revisions"}],"predecessor-version":[{"id":305448,"href":"https:\/\/ventje.com\/de\/wp-json\/wp\/v2\/pages\/33854\/revisions\/305448"}],"up":[{"embeddable":true,"href":"https:\/\/ventje.com\/de\/wp-json\/wp\/v2\/pages\/42805"}],"wp:attachment":[{"href":"https:\/\/ventje.com\/de\/wp-json\/wp\/v2\/media?parent=33854"}],"curies":[{"name":"wp","href":"https:\/\/api.w.org\/{rel}","templated":true}]}}