{"id":38491,"date":"2020-03-10T13:18:22","date_gmt":"2020-03-10T12:18:22","guid":{"rendered":"https:\/\/ventje.com\/artikel\/reisespiele\/"},"modified":"2025-09-10T15:34:46","modified_gmt":"2025-09-10T15:34:46","slug":"reisespiele-camper","status":"publish","type":"page","link":"https:\/\/ventje.com\/de\/artikel\/reisespiele-camper\/","title":{"rendered":"Reisespiele"},"content":{"rendered":"<p>[et_pb_section fb_built=&#8220;1&#8243; _builder_version=&#8220;4.22.1&#8243; background_enable_color=&#8220;off&#8220; use_background_color_gradient=&#8220;on&#8220; background_color_gradient_type=&#8220;elliptical&#8220; background_color_gradient_stops=&#8220;rgba(0,2,1,0.37) 0%|rgba(41,196,169,0) 46%&#8220; background_image=&#8220;https:\/\/ventje.com\/wp-content\/uploads\/2023\/09\/samen-een-spelletje-spelen-op-de-buitenset-van-ventje.webp&#8220; background_position=&#8220;bottom_center&#8220; background_vertical_offset=&#8220;4%&#8220; background_blend=&#8220;multiply&#8220; height=&#8220;450px&#8220; custom_margin=&#8220;||30px||false|false&#8220; custom_padding=&#8220;0px||0px||false|false&#8220; background_last_edited=&#8220;off|desktop&#8220; global_colors_info=&#8220;{}&#8220;][et_pb_row make_equal=&#8220;on&#8220; _builder_version=&#8220;4.23.1&#8243; background_enable_color=&#8220;off&#8220; background_enable_image=&#8220;off&#8220; width=&#8220;100%&#8220; module_alignment=&#8220;center&#8220; min_height_phone=&#8220;300px&#8220; min_height_last_edited=&#8220;off|tablet&#8220; height=&#8220;100%&#8220; height_tablet=&#8220;400px&#8220; height_phone=&#8220;300px&#8220; height_last_edited=&#8220;off|desktop&#8220; custom_margin=&#8220;||||false|false&#8220; custom_padding=&#8220;||||false|false&#8220; custom_css_main_element=&#8220;align-items:center!important;||display:flex!important;&#8220; global_colors_info=&#8220;{}&#8220;][et_pb_column type=&#8220;4_4&#8243; _builder_version=&#8220;4.16&#8243; global_colors_info=&#8220;{}&#8220;][et_pb_text _builder_version=&#8220;4.23.1&#8243; text_font=&#8220;Futura book|700|||||||&#8220; header_font=&#8220;Futura book|700|||||||&#8220; header_text_align=&#8220;center&#8220; header_2_font=&#8220;|300|||||||&#8220; header_2_font_size=&#8220;50px&#8220; vertical_offset=&#8220;-107px&#8220; text_orientation=&#8220;center&#8220; background_layout=&#8220;dark&#8220; max_width=&#8220;70%&#8220; max_width_tablet=&#8220;75%&#8220; max_width_phone=&#8220;80%&#8220; max_width_last_edited=&#8220;on|desktop&#8220; module_alignment=&#8220;center&#8220; custom_margin=&#8220;||||false|false&#8220; custom_margin_tablet=&#8220;245px||||false|false&#8220; custom_margin_phone=&#8220;260px||||false|false&#8220; custom_margin_last_edited=&#8220;off|desktop&#8220; custom_padding=&#8220;||||false|false&#8220; header_font_size_tablet=&#8220;&#8220; header_font_size_phone=&#8220;25px&#8220; header_font_size_last_edited=&#8220;on|phone&#8220; header_2_font_size_tablet=&#8220;50px&#8220; header_2_font_size_phone=&#8220;35px&#8220; header_2_font_size_last_edited=&#8220;on|phone&#8220; header_text_shadow_style=&#8220;preset3&#8243; header_text_shadow_color=&#8220;rgba(0,0,0,0.42)&#8220; text_text_align=&#8220;center&#8220; global_colors_info=&#8220;{}&#8220; custom_margin__hover_enabled=&#8220;off|desktop&#8220; custom_padding__hover_enabled=&#8220;off|desktop&#8220; custom_padding__hover=&#8220;|0px|0px|0px|false|false&#8220;]<\/p>\n<h1>Reisespiele<\/h1>\n<h2>Die besten Spiele im kompakten Format.<\/h2>\n<p>[\/et_pb_text][\/et_pb_column][\/et_pb_row][\/et_pb_section][et_pb_section fb_built=&#8220;1&#8243; _builder_version=&#8220;4.23.1&#8243; background_color=&#8220;RGBA(255,255,255,0)&#8220; custom_margin=&#8220;||0px||false|false&#8220; custom_padding=&#8220;0px||0px||false|false&#8220; global_colors_info=&#8220;{}&#8220;][et_pb_row _builder_version=&#8220;4.23.1&#8243; background_enable_color=&#8220;off&#8220; width=&#8220;100%&#8220; module_alignment=&#8220;center&#8220; custom_margin=&#8220;30px||||false|false&#8220; custom_padding=&#8220;30px|30px|30px|30px|false|false&#8220; global_colors_info=&#8220;{}&#8220;][et_pb_column type=&#8220;4_4&#8243; _builder_version=&#8220;4.16&#8243; global_colors_info=&#8220;{}&#8220;][et_pb_text _builder_version=&#8220;4.23.1&#8243; header_text_align=&#8220;left&#8220; header_2_font=&#8220;|700|||||||&#8220; module_alignment=&#8220;center&#8220; custom_margin=&#8220;30px|30px|30px|30px|false|false&#8220; custom_margin_tablet=&#8220;20px||30px||false|false&#8220; custom_margin_phone=&#8220;|30px||30px|false|false&#8220; custom_margin_last_edited=&#8220;on|phone&#8220; custom_padding=&#8220;0px|0px|0px|0px|false|false&#8220; global_colors_info=&#8220;{}&#8220;]<\/p>\n<h2>Reisespiele<\/h2>\n<p>Es ist immer gut, Reisespiele dabei zu haben. Ob du ein paar Regenstunden in deinem Ventje \u00fcberbr\u00fccken oder die Campingplatz-Nachbar:innen zu einem Spieleabend einladen m\u00f6chtest \u2013 Reisespiele machen immer Spa\u00df. Darum haben wir eine Liste unserer Lieblingsreisespiele f\u00fcr dich zusammengestellt.<\/p>\n<h4>Kartendeck<\/h4>\n<p>Ein Reisespiel, das in deinem Ventje nicht fehlen sollte, ist das gute alte Kartendeck. Perfekt f\u00fcr unterwegs und du hast sofort Dutzende Spielm\u00f6glichkeiten. Au\u00dferdem ist ein Kartendeck universell: Du kannst direkt mit jedem spielen, den du im In- und Ausland triffst \u2013 Kartenspiele kennen fast alle.<\/p>\n<h4>Kuhhandel<\/h4>\n<p>Kuhhandel ist ein echtes Bluff- und Handelsspiel, das mit einem Kartensatz gespielt wird. Die Tiere sind Punkte, die du sammeln kannst \u2013 und nat\u00fcrlich gewinnt, wer die meisten Punkte hat. Um das Spiel f\u00fcr dich zu entscheiden, brauchst du nicht nur Gl\u00fcck, es gilt deine Gegner:innen auszutricksen. Kuhhandel kann mit drei bis f\u00fcnf Personen gespielt werden und ist in einem kleinen Reisespielformat erh\u00e4ltlich.<\/p>\n<h4>UNO<\/h4>\n<p>Das Kartenspiel UNO ist \u00e4hnlich zu Mau-Mau. Die zus\u00e4tzlichen Regeln durch Extra-Karten machen es aber noch ein bisschen spa\u00dfiger. Au\u00dferdem ist UNO weltweit bekannt und \u00fcberall sind die Regeln gleich. Das macht es zu einem super Spiel f\u00fcr unterwegs.<\/p>\n<h4>Die Siedler von Catan<\/h4>\n<p>Die Siedler von Catan ist eigentlich ein gro\u00dfes Brettspiel mit vielen Teilen. Aber wenn du Lust auf ein l\u00e4ngeres Spiel hast, ist Siedler von Catan viel zu gut, um es nicht mitzunehmen. Zum Gl\u00fcck gibt es auch eine Reiseversion von Catan, und die haben wir f\u00fcr dich. Meld dich einfach bei uns, wenn du eins kaufen m\u00f6chtest.<\/p>\n<h4>Monopoly<\/h4>\n<p>Ein weiterer Klassiker: Monopoly. Dieses Spiel braucht wohl keine Erkl\u00e4rung. Mittlerweile gibt es viele verschiedene Monopoly-Versionen. Und Spielegott sei Dank, gibt es auch dieses bekannte Gesellschaftsspiel im Reiseformat.<\/p>\n<h4>Halli Galli<\/h4>\n<p>Halli Galli ist ein Stresstest. Du musst die Glocke klingeln, wenn insgesamt 5-mal die gleiche Frucht auf dem Tisch liegt. So erh\u00e4ltst du alle Karten auf dem Tisch. Das Spiel hat die ideale Gr\u00f6\u00dfe zum Mitnehmen \u2013 und wenn du die Glocke mal zu Hause vergessen hast, kannst du das Spiel auch ohne sie spielen. Ein optimales Reisespiel.<\/p>\n<h4>Rummicub<\/h4>\n<p>Ein weiteres universelles und lustiges Spiel, diesmal mit Zahlen. Bilde Zahlenkombinationen, um deine Steine so schnell wie m\u00f6glich loszuwerden. Das ist wohl weltweit bekannt. Und: Es ist im Reiseformat verf\u00fcgbar.<\/p>\n<h4>Black Stories<\/h4>\n<p>M\u00f6chtest du deinen Kopf unterwegs ein bisschen kreativ anstrengen? Dann l\u00f6se die rabenschwarzen R\u00e4tsel des Kartenspiels Black Stories. Das sind finstere Geschichten, bei denen es darum geht, nach einer kurzen Situationsbeschreibung zu erraten, warum sie passiert sind. Verschiedene Varianten erh\u00e4ltlich.<\/p>\n<p>Mit diesen Reisespielen wird dein Urlaub noch besser. Viel Spa\u00df! Jetzt willst du am liebsten sofort los? <a href=\"https:\/\/buchen.ventje.com\/buchen\">Miete dir einfach einen Ventje!<\/a>[\/et_pb_text][\/et_pb_column][\/et_pb_row][\/et_pb_section][et_pb_section fb_built=&#8220;1&#8243; _builder_version=&#8220;4.23.1&#8243; background_color=&#8220;RGBA(255,255,255,0)&#8220; custom_margin=&#8220;30px||||false|false&#8220; custom_margin_last_edited=&#8220;off|desktop&#8220; custom_padding=&#8220;||||false|false&#8220; global_colors_info=&#8220;{}&#8220;][et_pb_row _builder_version=&#8220;4.23.1&#8243; width=&#8220;100%&#8220; custom_margin=&#8220;||||false|false&#8220; custom_padding=&#8220;||||false|false&#8220; global_colors_info=&#8220;{}&#8220;][et_pb_column type=&#8220;4_4&#8243; _builder_version=&#8220;4.16&#8243; global_colors_info=&#8220;{}&#8220;][et_pb_testimonial author=&#8220;Frank Westland&#8220; job_title=&#8220;Industriedesigner&#8220; portrait_url=&#8220;https:\/\/ventje.com\/wp-content\/uploads\/2023\/09\/frank-westland-150&#215;150-1.webp&#8220; quote_icon_background_color=&#8220;RGBA(255,255,255,0)&#8220; portrait_width=&#8220;150px&#8220; portrait_height=&#8220;150px&#8220; _builder_version=&#8220;4.27.4&#8243; body_text_align=&#8220;center&#8220; author_text_align=&#8220;center&#8220; background_enable_color=&#8220;off&#8220; text_orientation=&#8220;center&#8220; hover_enabled=&#8220;0&#8243; custom_css_testimonial_description=&#8220;margin-right: 180px;||&#8220; custom_css_testimonial_author=&#8220;color: #f3a713;||&#8220; global_colors_info=&#8220;{}&#8220; admin_label=&#8220;Testimonials&#8220; sticky_enabled=&#8220;0&#8243;]<\/p>\n<p>&#8222;Sich langmachen&#8220; ist bei uns wortw\u00f6rtlich zu verstehen: Mit einem extra langen Bett von 200 cm ist Ventje auch f\u00fcr gro\u00dfe Menschen bequem. Der Stoffbezug f\u00fchlt sich angenehm an und ist waschbar. Die komplett schlie\u00dfenden Verdunklungsvorh\u00e4nge sorgen f\u00fcr absolute Ruhe. Frischluft findet ihren Weg in den Bus \u00fcber mehrere Bel\u00fcftungspunkte.\u201c<\/p>\n<p>[\/et_pb_testimonial][\/et_pb_column][\/et_pb_row][\/et_pb_section][et_pb_section fb_built=&#8220;1&#8243; _builder_version=&#8220;4.23.1&#8243; _module_preset=&#8220;default&#8220; background_color=&#8220;RGBA(255,255,255,0)&#8220; custom_margin=&#8220;30px||||false|false&#8220; global_colors_info=&#8220;{}&#8220;][et_pb_row _builder_version=&#8220;4.23.1&#8243; _dynamic_attributes=&#8220;link_option_url&#8220; _module_preset=&#8220;default&#8220; background_video_mp4=&#8220;https:\/\/ventje.com\/wp-content\/uploads\/2023\/11\/Interieur-Ventje-Camper.mp4&#8243; background_enable_video_webm=&#8220;off&#8220; width=&#8220;100%&#8220; height=&#8220;550px&#8220; height_tablet=&#8220;450px&#8220; height_phone=&#8220;350px&#8220; height_last_edited=&#8220;on|phone&#8220; custom_margin=&#8220;||||false|false&#8220; link_option_url=&#8220;@ET-DC@eyJkeW5hbWljIjp0cnVlLCJjb250ZW50IjoicG9zdF9saW5rX3VybF9wYWdlIiwic2V0dGluZ3MiOnsicG9zdF9pZCI6IjE1ODUifX0=@&#8220; global_colors_info=&#8220;{}&#8220; background__hover_enabled=&#8220;off|desktop&#8220;][et_pb_column type=&#8220;4_4&#8243; _builder_version=&#8220;4.18.0&#8243; _module_preset=&#8220;default&#8220; global_colors_info=&#8220;{}&#8220;][et_pb_text _builder_version=&#8220;4.23.1&#8243; _module_preset=&#8220;default&#8220; link_font=&#8220;|700|||||||&#8220; link_font_size=&#8220;17px&#8220; link_line_height=&#8220;2.2em&#8220; header_3_font_size=&#8220;33px&#8220; header_3_line_height=&#8220;1.2em&#8220; text_orientation=&#8220;center&#8220; background_layout=&#8220;dark&#8220; custom_margin=&#8220;||||false|false&#8220; custom_padding=&#8220;50px|35px|50px|35px|true|true&#8220; header_3_font_size_tablet=&#8220;33px&#8220; header_3_font_size_phone=&#8220;25px&#8220; header_3_font_size_last_edited=&#8220;on|phone&#8220; global_colors_info=&#8220;{}&#8220;]<\/p>\n<h3>Flexibles Layout.<\/h3>\n<p>F\u00fcr jede Situation die passende Ausstattung.<\/p>\n<p style=\"color:#F3a713;font-weight:bold;\">Mehr lesen &gt;<\/p>\n<p>[\/et_pb_text][\/et_pb_column][\/et_pb_row][\/et_pb_section][et_pb_section fb_built=&#8220;1&#8243; _builder_version=&#8220;4.23.1&#8243; _module_preset=&#8220;default&#8220; background_color=&#8220;RGBA(255,255,255,0)&#8220; custom_margin=&#8220;30px||||false|false&#8220; global_colors_info=&#8220;{}&#8220;][et_pb_row _builder_version=&#8220;4.22.1&#8243; _module_preset=&#8220;default&#8220; background_enable_color=&#8220;off&#8220; use_background_color_gradient=&#8220;on&#8220; background_color_gradient_stops=&#8220;rgba(0,2,0,0.37) 0%|rgba(41,196,169,0) 40%&#8220; background_image=&#8220;https:\/\/ventje.com\/wp-content\/uploads\/2023\/09\/netlix-kijken-in-een-camperbusje.webp&#8220; background_blend=&#8220;multiply&#8220; width=&#8220;100%&#8220; height=&#8220;550px&#8220; height_tablet=&#8220;450px&#8220; height_phone=&#8220;350px&#8220; height_last_edited=&#8220;on|tablet&#8220; custom_margin=&#8220;||||false|false&#8220; background_color_tablet=&#8220;rgba(69,65,64,0.6)&#8220; background_last_edited=&#8220;on|tablet&#8220; background_enable_color_tablet=&#8220;on&#8220; use_background_color_gradient_tablet=&#8220;off&#8220; global_colors_info=&#8220;{}&#8220;][et_pb_column type=&#8220;4_4&#8243; _builder_version=&#8220;4.18.0&#8243; _module_preset=&#8220;default&#8220; global_colors_info=&#8220;{}&#8220;][et_pb_text _builder_version=&#8220;4.18.0&#8243; _module_preset=&#8220;default&#8220; link_font=&#8220;|700|||||||&#8220; link_font_size=&#8220;17px&#8220; link_line_height=&#8220;2.2em&#8220; header_3_font=&#8220;|700|||||||&#8220; header_3_font_size=&#8220;33px&#8220; header_3_line_height=&#8220;1.2em&#8220; positioning=&#8220;relative&#8220; horizontal_offset=&#8220;0px&#8220; vertical_offset_tablet=&#8220;162px&#8220; vertical_offset_phone=&#8220;161px&#8220; vertical_offset_last_edited=&#8220;off|desktop&#8220; horizontal_offset_tablet=&#8220;0px&#8220; horizontal_offset_last_edited=&#8220;off|desktop&#8220; text_orientation=&#8220;center&#8220; background_layout=&#8220;dark&#8220; width=&#8220;100%&#8220; custom_margin=&#8220;||||false|false&#8220; custom_padding=&#8220;50px|35px|50px|35px|true|true&#8220; link_option_url=&#8220;https:\/\/ventje.com\/interieur\/ontspan\/&#8220; header_3_font_size_tablet=&#8220;33px&#8220; header_3_font_size_phone=&#8220;25px&#8220; header_3_font_size_last_edited=&#8220;on|phone&#8220; global_colors_info=&#8220;{}&#8220;]<\/p>\n<h3>Entspannen.<\/h3>\n<p>Komm zur Ruhe.<br \/>\n<a href=\"https:\/\/ventje.com\/de\/innenausbau\/entspannen\/\">Mehr lesen &gt;<\/a>[\/et_pb_text][\/et_pb_column][\/et_pb_row][\/et_pb_section][et_pb_section fb_built=&#8220;1&#8243; _builder_version=&#8220;4.23.1&#8243; background_color=&#8220;RGBA(255,255,255,0)&#8220; custom_margin=&#8220;30px||||false|false&#8220; custom_padding=&#8220;||||false|false&#8220; global_colors_info=&#8220;{}&#8220;][et_pb_row _builder_version=&#8220;4.18.0&#8243; background_enable_color=&#8220;off&#8220; custom_margin=&#8220;||||false|false&#8220; custom_padding=&#8220;||||false|false&#8220; link_option_url=&#8220;https:\/\/ventje.com\/de\/artikel\/&#8220; global_colors_info=&#8220;{}&#8220;][et_pb_column type=&#8220;4_4&#8243; _builder_version=&#8220;4.16&#8243; global_colors_info=&#8220;{}&#8220;][et_pb_button button_url=&#8220;@ET-DC@eyJkeW5hbWljIjp0cnVlLCJjb250ZW50IjoicG9zdF9saW5rX3VybF9wYWdlIiwic2V0dGluZ3MiOnsicG9zdF9pZCI6IjE5MyJ9fQ==@&#8220; button_text=&#8220;Zur\u00fcck zu den Artikeln&#8220; button_alignment=&#8220;center&#8220; button_alignment_tablet=&#8220;&#8220; button_alignment_phone=&#8220;&#8220; button_alignment_last_edited=&#8220;on|desktop&#8220; module_class=&#8220;bottom-button&#8220; _builder_version=&#8220;4.20.4&#8243; _dynamic_attributes=&#8220;button_url&#8220; custom_button=&#8220;on&#8220; button_icon=&#8220;&#x44;||divi||400&#8243; button_icon_placement=&#8220;left&#8220; custom_padding=&#8220;||||false|false&#8220; custom_padding_tablet=&#8220;||||false|false&#8220; custom_padding_phone=&#8220;||||false|false&#8220; custom_padding_last_edited=&#8220;on|desktop&#8220; hover_transition_speed_curve=&#8220;ease-in-out&#8220; custom_css_before=&#8220;||&#8220; custom_css_after=&#8220;||&#8220; global_colors_info=&#8220;{}&#8220;][\/et_pb_button][\/et_pb_column][\/et_pb_row][\/et_pb_section]<\/p>\n","protected":false},"excerpt":{"rendered":"<p>Reisespiele Die besten Spiele im kompakten Format.Reisespiele Es ist immer gut, Reisespiele dabei zu haben. Ob du ein paar Regenstunden in deinem Ventje \u00fcberbr\u00fccken oder die Campingplatz-Nachbar:innen zu einem Spieleabend einladen m\u00f6chtest \u2013 Reisespiele machen immer Spa\u00df. Darum haben wir eine Liste unserer Lieblingsreisespiele f\u00fcr dich zusammengestellt. Kartendeck Ein Reisespiel, das in deinem Ventje nicht [&hellip;]<\/p>\n","protected":false},"author":2,"featured_media":299699,"parent":45254,"menu_order":35,"comment_status":"closed","ping_status":"closed","template":"","meta":{"_acf_changed":false,"_et_pb_use_builder":"on","_et_pb_old_content":"","_et_gb_content_width":"","footnotes":""},"class_list":["post-38491","page","type-page","status-publish","has-post-thumbnail","hentry"],"acf":[],"yoast_head":"<!-- This site is optimized with the Yoast SEO plugin v27.5 - https:\/\/yoast.com\/product\/yoast-seo-wordpress\/ -->\n<title>Die lustigsten Reisespiele im Kleinformat - Ventje Camper<\/title>\n<meta name=\"description\" content=\"Es ist immer gut, Reisespiele dabei zu haben. Mit diesen Reisespielen wird dein Urlaub noch besser. Viel Spa\u00df!\" \/>\n<meta name=\"robots\" content=\"index, follow, max-snippet:-1, max-image-preview:large, max-video-preview:-1\" \/>\n<link rel=\"canonical\" href=\"https:\/\/ventje.com\/de\/artikel\/reisespiele-camper\/\" \/>\n<meta property=\"og:locale\" content=\"de_DE\" \/>\n<meta property=\"og:type\" content=\"article\" \/>\n<meta property=\"og:title\" content=\"Die lustigsten Reisespiele im Kleinformat - Ventje Camper\" \/>\n<meta property=\"og:description\" content=\"Es ist immer gut, Reisespiele dabei zu haben. Mit diesen Reisespielen wird dein Urlaub noch besser. Viel Spa\u00df!\" \/>\n<meta property=\"og:url\" content=\"https:\/\/ventje.com\/de\/artikel\/reisespiele-camper\/\" \/>\n<meta property=\"og:site_name\" content=\"Ventje\" \/>\n<meta property=\"article:publisher\" content=\"https:\/\/www.facebook.com\/ventjecamper\/\" \/>\n<meta property=\"article:modified_time\" content=\"2025-09-10T15:34:46+00:00\" \/>\n<script type=\"application\/ld+json\" class=\"yoast-schema-graph\">{\"@context\":\"https:\\\/\\\/schema.org\",\"@graph\":[{\"@type\":\"WebPage\",\"@id\":\"https:\\\/\\\/ventje.com\\\/de\\\/artikel\\\/reisespiele-camper\\\/\",\"url\":\"https:\\\/\\\/ventje.com\\\/de\\\/artikel\\\/reisespiele-camper\\\/\",\"name\":\"Die lustigsten Reisespiele im Kleinformat - Ventje Camper\",\"isPartOf\":{\"@id\":\"https:\\\/\\\/ventje.com\\\/de\\\/#website\"},\"primaryImageOfPage\":{\"@id\":\"https:\\\/\\\/ventje.com\\\/de\\\/artikel\\\/reisespiele-camper\\\/#primaryimage\"},\"image\":{\"@id\":\"https:\\\/\\\/ventje.com\\\/de\\\/artikel\\\/reisespiele-camper\\\/#primaryimage\"},\"thumbnailUrl\":\"https:\\\/\\\/ventje.com\\\/wp-content\\\/uploads\\\/2023\\\/09\\\/spelletjes-spelen-bij-een-ventje.webp\",\"datePublished\":\"2020-03-10T12:18:22+00:00\",\"dateModified\":\"2025-09-10T15:34:46+00:00\",\"description\":\"Es ist immer gut, Reisespiele dabei zu haben. Mit diesen Reisespielen wird dein Urlaub noch besser. Viel Spa\u00df!\",\"breadcrumb\":{\"@id\":\"https:\\\/\\\/ventje.com\\\/de\\\/artikel\\\/reisespiele-camper\\\/#breadcrumb\"},\"inLanguage\":\"de\",\"potentialAction\":[{\"@type\":\"ReadAction\",\"target\":[\"https:\\\/\\\/ventje.com\\\/de\\\/artikel\\\/reisespiele-camper\\\/\"]}]},{\"@type\":\"ImageObject\",\"inLanguage\":\"de\",\"@id\":\"https:\\\/\\\/ventje.com\\\/de\\\/artikel\\\/reisespiele-camper\\\/#primaryimage\",\"url\":\"https:\\\/\\\/ventje.com\\\/wp-content\\\/uploads\\\/2023\\\/09\\\/spelletjes-spelen-bij-een-ventje.webp\",\"contentUrl\":\"https:\\\/\\\/ventje.com\\\/wp-content\\\/uploads\\\/2023\\\/09\\\/spelletjes-spelen-bij-een-ventje.webp\",\"width\":1200,\"height\":550,\"caption\":\"Een volwassen man speelt een spelletje met een biertje\"},{\"@type\":\"BreadcrumbList\",\"@id\":\"https:\\\/\\\/ventje.com\\\/de\\\/artikel\\\/reisespiele-camper\\\/#breadcrumb\",\"itemListElement\":[{\"@type\":\"ListItem\",\"position\":1,\"name\":\"Home\",\"item\":\"https:\\\/\\\/ventje.com\\\/de\\\/\"},{\"@type\":\"ListItem\",\"position\":2,\"name\":\"Artikel\",\"item\":\"https:\\\/\\\/ventje.com\\\/de\\\/artikel\\\/\"},{\"@type\":\"ListItem\",\"position\":3,\"name\":\"Reisespiele\"}]},{\"@type\":\"WebSite\",\"@id\":\"https:\\\/\\\/ventje.com\\\/de\\\/#website\",\"url\":\"https:\\\/\\\/ventje.com\\\/de\\\/\",\"name\":\"Ventje\",\"description\":\"Ultieme vrijheid staat voor de deur.\",\"publisher\":{\"@id\":\"https:\\\/\\\/ventje.com\\\/de\\\/#organization\"},\"potentialAction\":[{\"@type\":\"SearchAction\",\"target\":{\"@type\":\"EntryPoint\",\"urlTemplate\":\"https:\\\/\\\/ventje.com\\\/de\\\/?s={search_term_string}\"},\"query-input\":{\"@type\":\"PropertyValueSpecification\",\"valueRequired\":true,\"valueName\":\"search_term_string\"}}],\"inLanguage\":\"de\"},{\"@type\":\"Organization\",\"@id\":\"https:\\\/\\\/ventje.com\\\/de\\\/#organization\",\"name\":\"Ventje\",\"url\":\"https:\\\/\\\/ventje.com\\\/de\\\/\",\"logo\":{\"@type\":\"ImageObject\",\"inLanguage\":\"de\",\"@id\":\"https:\\\/\\\/ventje.com\\\/de\\\/#\\\/schema\\\/logo\\\/image\\\/\",\"url\":\"\",\"contentUrl\":\"\",\"caption\":\"Ventje\"},\"image\":{\"@id\":\"https:\\\/\\\/ventje.com\\\/de\\\/#\\\/schema\\\/logo\\\/image\\\/\"},\"sameAs\":[\"https:\\\/\\\/www.facebook.com\\\/ventjecamper\\\/\",\"https:\\\/\\\/www.instagram.com\\\/ventje_camper\\\/\"]}]}<\/script>\n<!-- \/ Yoast SEO plugin. -->","yoast_head_json":{"title":"Die lustigsten Reisespiele im Kleinformat - Ventje Camper","description":"Es ist immer gut, Reisespiele dabei zu haben. Mit diesen Reisespielen wird dein Urlaub noch besser. Viel Spa\u00df!","robots":{"index":"index","follow":"follow","max-snippet":"max-snippet:-1","max-image-preview":"max-image-preview:large","max-video-preview":"max-video-preview:-1"},"canonical":"https:\/\/ventje.com\/de\/artikel\/reisespiele-camper\/","og_locale":"de_DE","og_type":"article","og_title":"Die lustigsten Reisespiele im Kleinformat - Ventje Camper","og_description":"Es ist immer gut, Reisespiele dabei zu haben. Mit diesen Reisespielen wird dein Urlaub noch besser. Viel Spa\u00df!","og_url":"https:\/\/ventje.com\/de\/artikel\/reisespiele-camper\/","og_site_name":"Ventje","article_publisher":"https:\/\/www.facebook.com\/ventjecamper\/","article_modified_time":"2025-09-10T15:34:46+00:00","schema":{"@context":"https:\/\/schema.org","@graph":[{"@type":"WebPage","@id":"https:\/\/ventje.com\/de\/artikel\/reisespiele-camper\/","url":"https:\/\/ventje.com\/de\/artikel\/reisespiele-camper\/","name":"Die lustigsten Reisespiele im Kleinformat - Ventje Camper","isPartOf":{"@id":"https:\/\/ventje.com\/de\/#website"},"primaryImageOfPage":{"@id":"https:\/\/ventje.com\/de\/artikel\/reisespiele-camper\/#primaryimage"},"image":{"@id":"https:\/\/ventje.com\/de\/artikel\/reisespiele-camper\/#primaryimage"},"thumbnailUrl":"https:\/\/ventje.com\/wp-content\/uploads\/2023\/09\/spelletjes-spelen-bij-een-ventje.webp","datePublished":"2020-03-10T12:18:22+00:00","dateModified":"2025-09-10T15:34:46+00:00","description":"Es ist immer gut, Reisespiele dabei zu haben. Mit diesen Reisespielen wird dein Urlaub noch besser. Viel Spa\u00df!","breadcrumb":{"@id":"https:\/\/ventje.com\/de\/artikel\/reisespiele-camper\/#breadcrumb"},"inLanguage":"de","potentialAction":[{"@type":"ReadAction","target":["https:\/\/ventje.com\/de\/artikel\/reisespiele-camper\/"]}]},{"@type":"ImageObject","inLanguage":"de","@id":"https:\/\/ventje.com\/de\/artikel\/reisespiele-camper\/#primaryimage","url":"https:\/\/ventje.com\/wp-content\/uploads\/2023\/09\/spelletjes-spelen-bij-een-ventje.webp","contentUrl":"https:\/\/ventje.com\/wp-content\/uploads\/2023\/09\/spelletjes-spelen-bij-een-ventje.webp","width":1200,"height":550,"caption":"Een volwassen man speelt een spelletje met een biertje"},{"@type":"BreadcrumbList","@id":"https:\/\/ventje.com\/de\/artikel\/reisespiele-camper\/#breadcrumb","itemListElement":[{"@type":"ListItem","position":1,"name":"Home","item":"https:\/\/ventje.com\/de\/"},{"@type":"ListItem","position":2,"name":"Artikel","item":"https:\/\/ventje.com\/de\/artikel\/"},{"@type":"ListItem","position":3,"name":"Reisespiele"}]},{"@type":"WebSite","@id":"https:\/\/ventje.com\/de\/#website","url":"https:\/\/ventje.com\/de\/","name":"Ventje","description":"Ultieme vrijheid staat voor de deur.","publisher":{"@id":"https:\/\/ventje.com\/de\/#organization"},"potentialAction":[{"@type":"SearchAction","target":{"@type":"EntryPoint","urlTemplate":"https:\/\/ventje.com\/de\/?s={search_term_string}"},"query-input":{"@type":"PropertyValueSpecification","valueRequired":true,"valueName":"search_term_string"}}],"inLanguage":"de"},{"@type":"Organization","@id":"https:\/\/ventje.com\/de\/#organization","name":"Ventje","url":"https:\/\/ventje.com\/de\/","logo":{"@type":"ImageObject","inLanguage":"de","@id":"https:\/\/ventje.com\/de\/#\/schema\/logo\/image\/","url":"","contentUrl":"","caption":"Ventje"},"image":{"@id":"https:\/\/ventje.com\/de\/#\/schema\/logo\/image\/"},"sameAs":["https:\/\/www.facebook.com\/ventjecamper\/","https:\/\/www.instagram.com\/ventje_camper\/"]}]}},"_links":{"self":[{"href":"https:\/\/ventje.com\/de\/wp-json\/wp\/v2\/pages\/38491","targetHints":{"allow":["GET"]}}],"collection":[{"href":"https:\/\/ventje.com\/de\/wp-json\/wp\/v2\/pages"}],"about":[{"href":"https:\/\/ventje.com\/de\/wp-json\/wp\/v2\/types\/page"}],"author":[{"embeddable":true,"href":"https:\/\/ventje.com\/de\/wp-json\/wp\/v2\/users\/2"}],"replies":[{"embeddable":true,"href":"https:\/\/ventje.com\/de\/wp-json\/wp\/v2\/comments?post=38491"}],"version-history":[{"count":26,"href":"https:\/\/ventje.com\/de\/wp-json\/wp\/v2\/pages\/38491\/revisions"}],"predecessor-version":[{"id":296633,"href":"https:\/\/ventje.com\/de\/wp-json\/wp\/v2\/pages\/38491\/revisions\/296633"}],"up":[{"embeddable":true,"href":"https:\/\/ventje.com\/de\/wp-json\/wp\/v2\/pages\/45254"}],"wp:featuredmedia":[{"embeddable":true,"href":"https:\/\/ventje.com\/de\/wp-json\/wp\/v2\/media\/299699"}],"wp:attachment":[{"href":"https:\/\/ventje.com\/de\/wp-json\/wp\/v2\/media?parent=38491"}],"curies":[{"name":"wp","href":"https:\/\/api.w.org\/{rel}","templated":true}]}}