{"id":46126,"date":"2023-03-01T11:00:26","date_gmt":"2023-03-01T11:00:26","guid":{"rendered":"https:\/\/ventje.com\/?page_id=46126"},"modified":"2023-03-24T11:12:26","modified_gmt":"2023-03-24T11:12:26","slug":"tuev-in-deutschland","status":"publish","type":"page","link":"https:\/\/ventje.com\/de\/artikel\/tuev-in-deutschland\/","title":{"rendered":"T\u00dcV in Deutschland"},"content":{"rendered":"<p>[et_pb_section fb_built=&#8220;1&#8243; _builder_version=&#8220;4.18.0&#8243; background_image=&#8220;https:\/\/ventje.com\/wp-content\/uploads\/2021\/06\/apk-1.jpg&#8220; height=&#8220;450px&#8220; custom_margin=&#8220;0px||30px||false|false&#8220; custom_padding=&#8220;0px||0px||false|false&#8220; animation_style=&#8220;fade&#8220; global_colors_info=&#8220;{}&#8220;][et_pb_row make_equal=&#8220;on&#8220; _builder_version=&#8220;4.16&#8243; background_color=&#8220;rgba(0,0,0,0)&#8220; background_enable_image=&#8220;off&#8220; width=&#8220;100%&#8220; module_alignment=&#8220;center&#8220; min_height_phone=&#8220;300px&#8220; min_height_last_edited=&#8220;off|tablet&#8220; height=&#8220;500px&#8220; height_tablet=&#8220;400px&#8220; height_phone=&#8220;300px&#8220; height_last_edited=&#8220;on|phone&#8220; custom_margin=&#8220;||||false|false&#8220; custom_padding=&#8220;||||false|false&#8220; global_colors_info=&#8220;{}&#8220;][et_pb_column type=&#8220;4_4&#8243; _builder_version=&#8220;4.16&#8243; global_colors_info=&#8220;{}&#8220;][et_pb_text _builder_version=&#8220;4.18.0&#8243; text_font=&#8220;|700|||||||&#8220; text_font_size=&#8220;30px&#8220; header_font=&#8220;||||||||&#8220; header_text_align=&#8220;center&#8220; header_font_size=&#8220;50px&#8220; text_orientation=&#8220;center&#8220; background_layout=&#8220;dark&#8220; max_width=&#8220;70%&#8220; module_alignment=&#8220;center&#8220; custom_margin=&#8220;150px|0px|0px|0px|false|false&#8220; custom_margin_tablet=&#8220;50px||||false|false&#8220; custom_margin_phone=&#8220;30px||||false|false&#8220; custom_margin_last_edited=&#8220;on|desktop&#8220; custom_padding=&#8220;|0px|0px|0px|false|false&#8220; custom_padding_tablet=&#8220;25px|||0px|false|false&#8220; custom_padding_phone=&#8220;25px||||false|false&#8220; custom_padding_last_edited=&#8220;off|desktop&#8220; text_font_size_tablet=&#8220;&#8220; text_font_size_phone=&#8220;1px&#8220; text_font_size_last_edited=&#8220;on|phone&#8220; text_line_height_last_edited=&#8220;off|desktop&#8220; header_font_size_tablet=&#8220;&#8220; header_font_size_phone=&#8220;30px&#8220; header_font_size_last_edited=&#8220;on|phone&#8220; text_text_align=&#8220;center&#8220; global_colors_info=&#8220;{}&#8220; custom_margin__hover_enabled=&#8220;off|desktop&#8220; custom_padding__hover_enabled=&#8220;on|desktop&#8220; custom_padding__hover=&#8220;|0px|0px|0px|false|false&#8220;]<\/p>\n<p><strong>T\u00dcV in Deutschland<\/strong><\/p>\n<p>&nbsp;<\/p>\n<p>&nbsp;<\/p>\n<h2><strong>\u00a0<\/strong><\/h2>\n<p>[\/et_pb_text][\/et_pb_column][\/et_pb_row][\/et_pb_section][et_pb_section fb_built=&#8220;1&#8243; _builder_version=&#8220;4.16&#8243; custom_margin=&#8220;0px||0px||true|false&#8220; custom_padding=&#8220;0px||0px||false|false&#8220; animation_style=&#8220;fade&#8220; global_colors_info=&#8220;{}&#8220;][et_pb_row _builder_version=&#8220;4.16&#8243; background_color=&#8220;#fafafa&#8220; width=&#8220;100%&#8220; module_alignment=&#8220;center&#8220; custom_margin=&#8220;0px|0px|0px|0px|false|false&#8220; custom_padding=&#8220;0px|0px|0px|0px|false|true&#8220; global_colors_info=&#8220;{}&#8220;][et_pb_column type=&#8220;4_4&#8243; _builder_version=&#8220;4.16&#8243; global_colors_info=&#8220;{}&#8220;][et_pb_text _builder_version=&#8220;4.18.0&#8243; header_text_align=&#8220;left&#8220; header_2_font=&#8220;|700|||||||&#8220; width=&#8220;100%&#8220; module_alignment=&#8220;center&#8220; custom_margin=&#8220;30px|0px|0px|0px|false|false&#8220; custom_margin_tablet=&#8220;30px|0px|0px|0px|false|false&#8220; custom_margin_phone=&#8220;|30px|||false|false&#8220; custom_margin_last_edited=&#8220;on|phone&#8220; custom_padding=&#8220;0px|30px|15px|30px|false|false&#8220; global_colors_info=&#8220;{}&#8220;]<\/p>\n<p>In Deutschland ist die regelm\u00e4\u00dfige \u00dcberpr\u00fcfung der Verkehrssicherheit und Vorschriftsm\u00e4\u00dfigkeit von Fahrzeugen gesetzlich vorgeschrieben. Mit der Haupt- und Abgasuntersuchung (HU\/AU) soll die Sicherheit aller Verkehrsteilnehmenden gew\u00e4hrleistet werden. Aber wo kann ich meinen Campervan pr\u00fcfen lassen? Wie viel kostet eine Untersuchung? Wie oft muss mein Ventje gepr\u00fcft werden? In diesem Artikel erkl\u00e4ren wir dir, wie die HU\/AU funktioniert und was du beachten musst.<\/p>\n<h4><strong>Wo kann ich meinen Campervan pr\u00fcfen lassen?<\/strong><\/h4>\n<p>Die Haupt- und Abgasuntersuchung deines Ventje f\u00fchrt der T\u00dcV (Technischer \u00dcberwachungsverein) Nord sowie S\u00fcd durch. Au\u00dferdem pr\u00fcfen auch folgende Institutionen deinen Campervan:<\/p>\n<p>DEKRA \u2013 Deutscher Kraftfahrzeug-\u00dcberwachungs-Verein,<\/p>\n<p>GT\u00dc \u2013 Gesellschaft f\u00fcr technische \u00dcberwachung und<\/p>\n<p>K\u00dcS \u2013 Kraftfahrzeug-\u00dcberwachungsorganisation freiberuflicher Kfz-Sachverst\u00e4ndiger e.V. (Verein zur \u00dcberpr\u00fcfung von Kraftfahrzeugen durch Freiberufler).<\/p>\n<h4><strong>Wann ist die n\u00e4chste Hauptuntersuchung f\u00e4llig?<\/strong><\/h4>\n<p>Das Datum der n\u00e4chsten HU\/AU ist auf der Zulassungsbescheinigung vermerkt. Auf dem hinteren Nummernschild ist au\u00dferdem die Pr\u00fcfplakette angebracht. Die Zahlen in der Mitte des Kreises zeigen an, in welchem Jahr die n\u00e4chste Hauptuntersuchung f\u00e4llig ist \u2013 eine 23 steht also beispielsweise f\u00fcr das Jahr 2023. Das Jahr ist auch an der Farbe der Plakette zu erkennen. Es gibt sechs Farben, die in immer gleicher Reihenfolge wechseln, um die Jahre klar voneinander trennen zu k\u00f6nnen. Die Zahl ganz oben auf der Plakette gibt an, in welchem Monat dein Ventje zur HU\/AU muss. Eine 10 steht also beispielsweise f\u00fcr Oktober.<\/p>\n<h4><strong>Wie oft muss mein Campervan gepr\u00fcft werden? <\/strong><\/h4>\n<p>Wie oft dein Campervan gepr\u00fcft werden muss, h\u00e4ngt von seinem Gewicht ab. F\u00e4hrst du einen Neuwagen, der nicht mehr als 3500 kg wiegt, muss er erst drei Jahre nach der Erstanmeldung zur HU\/AU. Danach ist die Untersuchung alle zwei Jahre f\u00e4llig. Das gilt auch f\u00fcr deinen Ventje.<\/p>\n<h4><strong>Was passiert, wenn ich mit der HU\/AU meines Campervans zu sp\u00e4t dran bin? Je nachdem, um wie viele Monate du dich versp\u00e4test, drohen unterschiedliche Bu\u00dfgelder:<\/strong><\/h4>\n<p>2 bis 4 Monate Verzug \u2013 15 \u20ac<\/p>\n<p>4 bis 8 Monate Verzug \u2013 25 \u20ac<\/p>\n<p>\u00dcber 8 Monate Verzug \u2013 60 \u20ac und 1 Punkt in Flensburg<\/p>\n<p>Zus\u00e4tzlich kommen bei einem Verzug von mehr als zwei Monaten die Kosten der \u201eerweiterten HU\u201c auf dich zu. Denn in einem solchen Fall ist die Pr\u00fcfstelle dazu verpflichtet, diese Erg\u00e4nzungsuntersuchung durchzuf\u00fchren. Sie ist ca. 20 % teurer als die normale HU.<\/p>\n<h4><strong>Was wird bei der HU\/AU alles gepr\u00fcft?<\/strong><\/h4>\n<p>Bei der HU werden Zustand, Funktion und Ausf\u00fchrung gepr\u00fcft, u.a. von Beleuchtung, Bremsanlage, Elektrik, Fahrgestell, Gas- bzw. Kraftstoffanlagen, Innenraum, Bereifung und Anbauteile wie Fahrradtr\u00e4ger. Au\u00dferdem wird eine Standard-Abgasuntersuchung (AU) durchgef\u00fchrt.<\/p>\n<p>Besteht das Fahrzeug die Untersuchung nicht, muss es innerhalb eines Monats erneut gepr\u00fcft werden. Achtung: Die M\u00e4ngel m\u00fcssen vor Fahrtantritt behoben werden, sonst riskierst du ein Bu\u00dfgeld.<\/p>\n<h4><strong>Was muss ich zu einer HU\/AU mitbringen?<\/strong><\/h4>\n<p>Das wichtigste Dokument ist die Zulassungsbescheinigung Teil I (\u201eFahrzeugschein\u201c). Ohne diesen Nachweis kann die Pr\u00fcfung nicht durchgef\u00fchrt werden. Hat dein Campervan eine Gasanlage, musst du auch das gelbe Pr\u00fcfbuch mitbringen. Ist die Anlage nicht in der Zulassungsbescheinigung eingetragen, geh\u00f6rt auch die allgemeine Betriebserlaubnis hierf\u00fcr zu den wichtigen Unterlagen. Au\u00dferdem ben\u00f6tigst du in der Regel auch deinen Personalausweis.<\/p>\n<h4><strong>Wie hoch sind die Kosten der HU\/AU?<\/strong><\/h4>\n<p>Die Preise variieren je nach Region und Pr\u00fcfstelle. Au\u00dferdem h\u00e4ngt der Preis von der Art der Untersuchung sowie von Art und Gewicht des Fahrzeugs ab. Die Kosten einer HU f\u00fcr Fahrzeuge unter 3500 kg liegen zwischen 56 \u20ac und 85 \u20ac. Wird zus\u00e4tzlich noch eine AU durchgef\u00fchrt, liegen die Kosten zwischen 117 und 125 \u20ac. Da die AU allerdings nur maximal einen Monat vor der HU durchgef\u00fchrt werden darf, werden die beiden Untersuchungen in der Regel zum selben Zeitpunkt f\u00e4llig.<\/p>\n<p>[\/et_pb_text][\/et_pb_column][\/et_pb_row][et_pb_row _builder_version=&#8220;4.18.0&#8243; _module_preset=&#8220;default&#8220; background_color=&#8220;rgba(0,0,0,0.21)&#8220; background_image=&#8220;https:\/\/ventje.com\/wp-content\/uploads\/2022\/12\/APK-sfeer.jpg&#8220; background_position=&#8220;top_right&#8220; background_vertical_offset=&#8220;92%&#8220; background_blend=&#8220;multiply&#8220; width=&#8220;100%&#8220; height=&#8220;500px&#8220; custom_margin=&#8220;30px||||false|false&#8220; global_colors_info=&#8220;{}&#8220;][et_pb_column type=&#8220;4_4&#8243; _builder_version=&#8220;4.18.0&#8243; _module_preset=&#8220;default&#8220; global_colors_info=&#8220;{}&#8220;][\/et_pb_column][\/et_pb_row][et_pb_row _builder_version=&#8220;4.16&#8243; width=&#8220;100%&#8220; width_tablet=&#8220;&#8220; width_phone=&#8220;&#8220; width_last_edited=&#8220;on|desktop&#8220; custom_margin=&#8220;|auto||auto|false|false&#8220; custom_margin_tablet=&#8220;&#8220; custom_margin_phone=&#8220;||||false|false&#8220; custom_margin_last_edited=&#8220;on|phone&#8220; global_colors_info=&#8220;{}&#8220;][et_pb_column type=&#8220;4_4&#8243; _builder_version=&#8220;4.16&#8243; global_colors_info=&#8220;{}&#8220;][et_pb_testimonial author=&#8220;Luc &amp; Carlijne&#8220; job_title=&#8220;Erfahrung lesen&#8220; url=&#8220;https:\/\/ventje.com\/de\/coole-ausstrahlung\/&#8220; portrait_url=&#8220;https:\/\/ventje.com\/wp-content\/uploads\/2022\/10\/Luc-Carlijne-Stoere-uitstraling-banner-1.jpg&#8220; _builder_version=&#8220;4.20.0&#8243; body_text_align=&#8220;center&#8220; author_text_align=&#8220;center&#8220; background_color=&#8220;#fafafa&#8220; text_orientation=&#8220;center&#8220; hover_enabled=&#8220;0&#8243; custom_css_testimonial_description=&#8220;margin-right: 140px;&#8220; custom_css_testimonial_author=&#8220;font-weight: bold;&#8220; custom_css_testimonial_meta=&#8220;color: #f3a713;&#8220; global_colors_info=&#8220;{}&#8220; link_option_url=&#8220;https:\/\/ventje.com\/de\/coole-ausstrahlung\/&#8220; sticky_enabled=&#8220;0&#8243; title_text=&#8220;Luc-&amp;-Carlijne&#8212;Stoere-uitstraling-(banner-1)&#8220;]&#8220;Mit einem Mal hatte Luc etwas gefunden und er zeigte mir die Website von Ventje. Wow! Das hat uns beeindruckt. Wundersch\u00f6n verarbeitet, smart und multifunktional eingerichtet, jeder Zentimeter wird genutzt und ist sorgf\u00e4ltig durchdacht. Au\u00dferdem sieht er auch noch cool aus \u2013 ein sch\u00f6ner kompakter Bus, der sich gut man\u00f6vrieren l\u00e4sst.&#8220;[\/et_pb_testimonial][\/et_pb_column][\/et_pb_row][\/et_pb_section][et_pb_section fb_built=&#8220;1&#8243; _builder_version=&#8220;4.18.0&#8243; _module_preset=&#8220;default&#8220; custom_margin=&#8220;30px||||false|false&#8220; locked=&#8220;off&#8220; global_colors_info=&#8220;{}&#8220;][et_pb_row column_structure=&#8220;1_2,1_2&#8243; use_custom_gutter=&#8220;on&#8220; make_equal=&#8220;on&#8220; _builder_version=&#8220;4.18.0&#8243; _module_preset=&#8220;default&#8220; width=&#8220;100%&#8220; custom_margin=&#8220;||||false|false&#8220; global_colors_info=&#8220;{}&#8220;][et_pb_column type=&#8220;1_2&#8243; _builder_version=&#8220;4.18.0&#8243; _module_preset=&#8220;default&#8220; background_color=&#8220;rgba(0,0,0,0.42)&#8220; background_image=&#8220;https:\/\/ventje.com\/wp-content\/uploads\/2021\/08\/werken-scaled.jpg&#8220; background_blend=&#8220;multiply&#8220; border_width_right=&#8220;15px&#8220; border_color_right=&#8220;#FFFFFF&#8220; border_color_bottom=&#8220;#FFFFFF&#8220; border_width_right_tablet=&#8220;0px&#8220; border_width_right_phone=&#8220;0px&#8220; border_width_right_last_edited=&#8220;on|tablet&#8220; border_width_bottom_tablet=&#8220;30px&#8220; border_width_bottom_phone=&#8220;30px&#8220; border_width_bottom_last_edited=&#8220;on|phone&#8220; global_colors_info=&#8220;{}&#8220; background__hover_enabled=&#8220;off|desktop&#8220;][et_pb_text _builder_version=&#8220;4.18.0&#8243; _module_preset=&#8220;default&#8220; background_layout=&#8220;dark&#8220; height=&#8220;550px&#8220; height_tablet=&#8220;450px&#8220; height_phone=&#8220;350px&#8220; height_last_edited=&#8220;on|phone&#8220; custom_margin=&#8220;||||false|false&#8220; custom_padding=&#8220;50px|35px|50px|35px|true|true&#8220; global_colors_info=&#8220;{}&#8220;]<\/p>\n<h1 style=\"text-align: center;\"><strong>Mobiles B\u00fcro.<br \/>\n<\/strong><\/h1>\n<p style=\"text-align: center;\">Mit Ventje zur Arbeit &#8230; oder arbeiten im Ventje.<\/p>\n<p style=\"text-align: center;\"><strong><a href=\"https:\/\/ventje.com\/de\/innenausbau\/mobiles-buero\/\">Mehr lesen &gt;<\/a><\/strong><\/p>\n<p>[\/et_pb_text][\/et_pb_column][et_pb_column type=&#8220;1_2&#8243; _builder_version=&#8220;4.18.0&#8243; _module_preset=&#8220;default&#8220; background_color=&#8220;rgba(0,0,0,0.42)&#8220; background_image=&#8220;https:\/\/ventje.com\/wp-content\/uploads\/2021\/09\/kleurkeuze.jpg&#8220; background_blend=&#8220;multiply&#8220; border_width_left=&#8220;15px&#8220; border_color_left=&#8220;#FFFFFF&#8220; border_width_left_tablet=&#8220;0px&#8220; border_width_left_phone=&#8220;0px&#8220; border_width_left_last_edited=&#8220;on|tablet&#8220; global_colors_info=&#8220;{}&#8220; background__hover_enabled=&#8220;off|hover&#8220;][et_pb_text _builder_version=&#8220;4.18.0&#8243; _module_preset=&#8220;default&#8220; height=&#8220;550px&#8220; height_tablet=&#8220;450px&#8220; height_phone=&#8220;350px&#8220; height_last_edited=&#8220;on|phone&#8220; custom_margin=&#8220;||||false|false&#8220; custom_padding=&#8220;50px|35px|50px|35px|true|true&#8220; global_colors_info=&#8220;{}&#8220;]<\/p>\n<h1 style=\"text-align: center;\"><strong><span style=\"color: #ffffff;\">W\u00e4hl deinen Anstrich!<\/span><\/strong><\/h1>\n<p style=\"text-align: center;\"><span style=\"color: #ffffff;\"><span style=\"font-size: large;\">Team neutraler Look oder farbenfroher Ventje?<br \/>\n<\/span><\/span><\/p>\n<p style=\"text-align: center;\"><a class=\"link\" href=\"https:\/\/ventje.com\/de\/innenausbau\/waehl-deinen-anstrich\/\">W\u00e4hl deine Farbe &gt;<\/a><\/p>\n<p>[\/et_pb_text][\/et_pb_column][\/et_pb_row][\/et_pb_section][et_pb_section fb_built=&#8220;1&#8243; _builder_version=&#8220;4.18.0&#8243; custom_margin=&#8220;30px||0px||false|false&#8220; custom_padding=&#8220;0px||0px|||&#8220; global_colors_info=&#8220;{}&#8220;][et_pb_row _builder_version=&#8220;4.18.0&#8243; background_enable_color=&#8220;off&#8220; custom_margin=&#8220;|auto||auto|false|false&#8220; custom_padding=&#8220;||||false|false&#8220; global_colors_info=&#8220;{}&#8220;][et_pb_column type=&#8220;4_4&#8243; _builder_version=&#8220;4.16&#8243; global_colors_info=&#8220;{}&#8220;][et_pb_button button_url=&#8220;@ET-DC@eyJkeW5hbWljIjp0cnVlLCJjb250ZW50IjoicG9zdF9saW5rX3VybF9wYWdlIiwic2V0dGluZ3MiOnsicG9zdF9pZCI6IjE5MyJ9fQ==@&#8220; button_text=&#8220;Zur\u00fcck zur \u00dcbersicht&#8220; button_alignment=&#8220;center&#8220; button_alignment_tablet=&#8220;&#8220; button_alignment_phone=&#8220;&#8220; button_alignment_last_edited=&#8220;on|desktop&#8220; _builder_version=&#8220;4.16&#8243; _dynamic_attributes=&#8220;button_url&#8220; custom_button=&#8220;on&#8220; button_icon=&#8220;D||divi||400&#8243; button_icon_placement=&#8220;left&#8220; custom_margin_tablet=&#8220;||30px||false|false&#8220; custom_margin_phone=&#8220;||0px||false|false&#8220; custom_margin_last_edited=&#8220;on|tablet&#8220; custom_padding=&#8220;||||false|false&#8220; custom_padding_tablet=&#8220;||||false|false&#8220; custom_padding_phone=&#8220;||||false|false&#8220; custom_padding_last_edited=&#8220;on|desktop&#8220; hover_transition_speed_curve=&#8220;ease-in-out&#8220; custom_css_before=&#8220;||&#8220; custom_css_main_element=&#8220;width: 100%;||text-align: center;||&#8220; custom_css_after=&#8220;||&#8220; global_colors_info=&#8220;{}&#8220;][\/et_pb_button][\/et_pb_column][\/et_pb_row][\/et_pb_section]<\/p>\n","protected":false},"excerpt":{"rendered":"<p>T\u00dcV in Deutschland &nbsp; &nbsp; \u00a0 In Deutschland ist die regelm\u00e4\u00dfige \u00dcberpr\u00fcfung der Verkehrssicherheit und Vorschriftsm\u00e4\u00dfigkeit von Fahrzeugen gesetzlich vorgeschrieben. Mit der Haupt- und Abgasuntersuchung (HU\/AU) soll die Sicherheit aller Verkehrsteilnehmenden gew\u00e4hrleistet werden. Aber wo kann ich meinen Campervan pr\u00fcfen lassen? Wie viel kostet eine Untersuchung? Wie oft muss mein Ventje gepr\u00fcft werden? In diesem [&hellip;]<\/p>\n","protected":false},"author":7,"featured_media":0,"parent":45254,"menu_order":0,"comment_status":"closed","ping_status":"closed","template":"","meta":{"_acf_changed":false,"_et_pb_use_builder":"on","_et_pb_old_content":"","_et_gb_content_width":"","footnotes":""},"class_list":["post-46126","page","type-page","status-publish","hentry"],"acf":[],"yoast_head":"<!-- This site is optimized with the Yoast SEO plugin v27.6 - https:\/\/yoast.com\/product\/yoast-seo-wordpress\/ -->\n<title>T\u00dcV-Pr\u00fcfung Camper - Wann und wie oft? - Ventje Camper<\/title>\n<meta name=\"description\" content=\"Sollte die T\u00dcV-Untersuchung deines Campervans einmal pro Jahr durchgef\u00fchrt werden oder reicht es auch alle zwei Jahre? Und was ist mit dem T\u00dcV im Ausland?\" \/>\n<meta name=\"robots\" content=\"index, follow, max-snippet:-1, max-image-preview:large, max-video-preview:-1\" \/>\n<link rel=\"canonical\" href=\"https:\/\/ventje.com\/de\/artikel\/tuev-in-deutschland\/\" \/>\n<meta property=\"og:locale\" content=\"de_DE\" \/>\n<meta property=\"og:type\" content=\"article\" \/>\n<meta property=\"og:title\" content=\"T\u00dcV-Pr\u00fcfung Camper - Wann und wie oft? - Ventje Camper\" \/>\n<meta property=\"og:description\" content=\"Sollte die T\u00dcV-Untersuchung deines Campervans einmal pro Jahr durchgef\u00fchrt werden oder reicht es auch alle zwei Jahre? Und was ist mit dem T\u00dcV im Ausland?\" \/>\n<meta property=\"og:url\" content=\"https:\/\/ventje.com\/de\/artikel\/tuev-in-deutschland\/\" \/>\n<meta property=\"og:site_name\" content=\"Ventje\" \/>\n<meta property=\"article:publisher\" content=\"https:\/\/www.facebook.com\/ventjecamper\/\" \/>\n<meta property=\"article:modified_time\" content=\"2023-03-24T11:12:26+00:00\" \/>\n<script type=\"application\/ld+json\" class=\"yoast-schema-graph\">{\"@context\":\"https:\\\/\\\/schema.org\",\"@graph\":[{\"@type\":\"WebPage\",\"@id\":\"https:\\\/\\\/ventje.com\\\/de\\\/artikel\\\/tuev-in-deutschland\\\/\",\"url\":\"https:\\\/\\\/ventje.com\\\/de\\\/artikel\\\/tuev-in-deutschland\\\/\",\"name\":\"T\u00dcV-Pr\u00fcfung Camper - Wann und wie oft? - Ventje Camper\",\"isPartOf\":{\"@id\":\"https:\\\/\\\/ventje.com\\\/de\\\/#website\"},\"datePublished\":\"2023-03-01T11:00:26+00:00\",\"dateModified\":\"2023-03-24T11:12:26+00:00\",\"description\":\"Sollte die T\u00dcV-Untersuchung deines Campervans einmal pro Jahr durchgef\u00fchrt werden oder reicht es auch alle zwei Jahre? Und was ist mit dem T\u00dcV im Ausland?\",\"breadcrumb\":{\"@id\":\"https:\\\/\\\/ventje.com\\\/de\\\/artikel\\\/tuev-in-deutschland\\\/#breadcrumb\"},\"inLanguage\":\"de\",\"potentialAction\":[{\"@type\":\"ReadAction\",\"target\":[\"https:\\\/\\\/ventje.com\\\/de\\\/artikel\\\/tuev-in-deutschland\\\/\"]}]},{\"@type\":\"BreadcrumbList\",\"@id\":\"https:\\\/\\\/ventje.com\\\/de\\\/artikel\\\/tuev-in-deutschland\\\/#breadcrumb\",\"itemListElement\":[{\"@type\":\"ListItem\",\"position\":1,\"name\":\"Home\",\"item\":\"https:\\\/\\\/ventje.com\\\/de\\\/\"},{\"@type\":\"ListItem\",\"position\":2,\"name\":\"Artikel\",\"item\":\"https:\\\/\\\/ventje.com\\\/de\\\/artikel\\\/\"},{\"@type\":\"ListItem\",\"position\":3,\"name\":\"T\u00dcV in Deutschland\"}]},{\"@type\":\"WebSite\",\"@id\":\"https:\\\/\\\/ventje.com\\\/de\\\/#website\",\"url\":\"https:\\\/\\\/ventje.com\\\/de\\\/\",\"name\":\"Ventje\",\"description\":\"Ultieme vrijheid staat voor de deur.\",\"publisher\":{\"@id\":\"https:\\\/\\\/ventje.com\\\/de\\\/#organization\"},\"potentialAction\":[{\"@type\":\"SearchAction\",\"target\":{\"@type\":\"EntryPoint\",\"urlTemplate\":\"https:\\\/\\\/ventje.com\\\/de\\\/?s={search_term_string}\"},\"query-input\":{\"@type\":\"PropertyValueSpecification\",\"valueRequired\":true,\"valueName\":\"search_term_string\"}}],\"inLanguage\":\"de\"},{\"@type\":\"Organization\",\"@id\":\"https:\\\/\\\/ventje.com\\\/de\\\/#organization\",\"name\":\"Ventje\",\"url\":\"https:\\\/\\\/ventje.com\\\/de\\\/\",\"logo\":{\"@type\":\"ImageObject\",\"inLanguage\":\"de\",\"@id\":\"https:\\\/\\\/ventje.com\\\/de\\\/#\\\/schema\\\/logo\\\/image\\\/\",\"url\":\"\",\"contentUrl\":\"\",\"caption\":\"Ventje\"},\"image\":{\"@id\":\"https:\\\/\\\/ventje.com\\\/de\\\/#\\\/schema\\\/logo\\\/image\\\/\"},\"sameAs\":[\"https:\\\/\\\/www.facebook.com\\\/ventjecamper\\\/\",\"https:\\\/\\\/www.instagram.com\\\/ventje_camper\\\/\"]}]}<\/script>\n<!-- \/ Yoast SEO plugin. -->","yoast_head_json":{"title":"T\u00dcV-Pr\u00fcfung Camper - Wann und wie oft? - Ventje Camper","description":"Sollte die T\u00dcV-Untersuchung deines Campervans einmal pro Jahr durchgef\u00fchrt werden oder reicht es auch alle zwei Jahre? Und was ist mit dem T\u00dcV im Ausland?","robots":{"index":"index","follow":"follow","max-snippet":"max-snippet:-1","max-image-preview":"max-image-preview:large","max-video-preview":"max-video-preview:-1"},"canonical":"https:\/\/ventje.com\/de\/artikel\/tuev-in-deutschland\/","og_locale":"de_DE","og_type":"article","og_title":"T\u00dcV-Pr\u00fcfung Camper - Wann und wie oft? - Ventje Camper","og_description":"Sollte die T\u00dcV-Untersuchung deines Campervans einmal pro Jahr durchgef\u00fchrt werden oder reicht es auch alle zwei Jahre? Und was ist mit dem T\u00dcV im Ausland?","og_url":"https:\/\/ventje.com\/de\/artikel\/tuev-in-deutschland\/","og_site_name":"Ventje","article_publisher":"https:\/\/www.facebook.com\/ventjecamper\/","article_modified_time":"2023-03-24T11:12:26+00:00","schema":{"@context":"https:\/\/schema.org","@graph":[{"@type":"WebPage","@id":"https:\/\/ventje.com\/de\/artikel\/tuev-in-deutschland\/","url":"https:\/\/ventje.com\/de\/artikel\/tuev-in-deutschland\/","name":"T\u00dcV-Pr\u00fcfung Camper - Wann und wie oft? - Ventje Camper","isPartOf":{"@id":"https:\/\/ventje.com\/de\/#website"},"datePublished":"2023-03-01T11:00:26+00:00","dateModified":"2023-03-24T11:12:26+00:00","description":"Sollte die T\u00dcV-Untersuchung deines Campervans einmal pro Jahr durchgef\u00fchrt werden oder reicht es auch alle zwei Jahre? Und was ist mit dem T\u00dcV im Ausland?","breadcrumb":{"@id":"https:\/\/ventje.com\/de\/artikel\/tuev-in-deutschland\/#breadcrumb"},"inLanguage":"de","potentialAction":[{"@type":"ReadAction","target":["https:\/\/ventje.com\/de\/artikel\/tuev-in-deutschland\/"]}]},{"@type":"BreadcrumbList","@id":"https:\/\/ventje.com\/de\/artikel\/tuev-in-deutschland\/#breadcrumb","itemListElement":[{"@type":"ListItem","position":1,"name":"Home","item":"https:\/\/ventje.com\/de\/"},{"@type":"ListItem","position":2,"name":"Artikel","item":"https:\/\/ventje.com\/de\/artikel\/"},{"@type":"ListItem","position":3,"name":"T\u00dcV in Deutschland"}]},{"@type":"WebSite","@id":"https:\/\/ventje.com\/de\/#website","url":"https:\/\/ventje.com\/de\/","name":"Ventje","description":"Ultieme vrijheid staat voor de deur.","publisher":{"@id":"https:\/\/ventje.com\/de\/#organization"},"potentialAction":[{"@type":"SearchAction","target":{"@type":"EntryPoint","urlTemplate":"https:\/\/ventje.com\/de\/?s={search_term_string}"},"query-input":{"@type":"PropertyValueSpecification","valueRequired":true,"valueName":"search_term_string"}}],"inLanguage":"de"},{"@type":"Organization","@id":"https:\/\/ventje.com\/de\/#organization","name":"Ventje","url":"https:\/\/ventje.com\/de\/","logo":{"@type":"ImageObject","inLanguage":"de","@id":"https:\/\/ventje.com\/de\/#\/schema\/logo\/image\/","url":"","contentUrl":"","caption":"Ventje"},"image":{"@id":"https:\/\/ventje.com\/de\/#\/schema\/logo\/image\/"},"sameAs":["https:\/\/www.facebook.com\/ventjecamper\/","https:\/\/www.instagram.com\/ventje_camper\/"]}]}},"_links":{"self":[{"href":"https:\/\/ventje.com\/de\/wp-json\/wp\/v2\/pages\/46126","targetHints":{"allow":["GET"]}}],"collection":[{"href":"https:\/\/ventje.com\/de\/wp-json\/wp\/v2\/pages"}],"about":[{"href":"https:\/\/ventje.com\/de\/wp-json\/wp\/v2\/types\/page"}],"author":[{"embeddable":true,"href":"https:\/\/ventje.com\/de\/wp-json\/wp\/v2\/users\/7"}],"replies":[{"embeddable":true,"href":"https:\/\/ventje.com\/de\/wp-json\/wp\/v2\/comments?post=46126"}],"version-history":[{"count":8,"href":"https:\/\/ventje.com\/de\/wp-json\/wp\/v2\/pages\/46126\/revisions"}],"predecessor-version":[{"id":250532,"href":"https:\/\/ventje.com\/de\/wp-json\/wp\/v2\/pages\/46126\/revisions\/250532"}],"up":[{"embeddable":true,"href":"https:\/\/ventje.com\/de\/wp-json\/wp\/v2\/pages\/45254"}],"wp:attachment":[{"href":"https:\/\/ventje.com\/de\/wp-json\/wp\/v2\/media?parent=46126"}],"curies":[{"name":"wp","href":"https:\/\/api.w.org\/{rel}","templated":true}]}}